{"id":1841,"date":"2025-04-04T09:04:26","date_gmt":"2025-04-04T09:04:26","guid":{"rendered":"https:\/\/gravitybali.com\/?page_id=1841"},"modified":"2025-09-15T05:23:02","modified_gmt":"2025-09-15T05:23:02","slug":"sartlar-ve-hizmetler","status":"publish","type":"page","link":"https:\/\/gravitybali.com\/tr\/terms-services\/","title":{"rendered":"\u015eartlar ve Hizmetler"},"content":{"rendered":"<div data-elementor-type=\"wp-page\" data-elementor-id=\"1841\" class=\"elementor elementor-1841\" data-elementor-post-type=\"page\">\n\t\t\t\t<div data-dce-background-color=\"#A3BFAA\" class=\"elementor-element elementor-element-51ce7c9 e-flex e-con-boxed e-con e-parent\" data-id=\"51ce7c9\" data-element_type=\"container\" data-e-type=\"container\" data-settings=\"{&quot;background_background&quot;:&quot;gradient&quot;}\">\n\t\t\t\t\t<div class=\"e-con-inner\">\n\t\t\t\t<div class=\"elementor-element elementor-element-c13bff1 elementor-widget__width-inherit elementor-invisible elementor-widget elementor-widget-heading\" data-id=\"c13bff1\" data-element_type=\"widget\" data-e-type=\"widget\" data-settings=\"{&quot;_animation&quot;:&quot;fadeInUp&quot;,&quot;_animation_delay&quot;:200}\" data-widget_type=\"heading.default\">\n\t\t\t\t<div class=\"elementor-widget-container\">\n\t\t\t\t\t<h1 class=\"elementor-heading-title elementor-size-default\">\u015eartlar ve Hizmetler<\/h1>\t\t\t\t<\/div>\n\t\t\t\t<\/div>\n\t\t\t\t\t<\/div>\n\t\t\t\t<\/div>\n\t\t<div data-dce-background-color=\"#FFFFFF\" class=\"elementor-element elementor-element-aab0ea1 e-flex e-con-boxed e-con e-parent\" data-id=\"aab0ea1\" data-element_type=\"container\" data-e-type=\"container\" data-settings=\"{&quot;background_background&quot;:&quot;classic&quot;}\">\n\t\t\t\t\t<div class=\"e-con-inner\">\n\t\t\t\t<div class=\"elementor-element elementor-element-1a498da elementor-widget elementor-widget-text-editor\" data-id=\"1a498da\" data-element_type=\"widget\" data-e-type=\"widget\" data-widget_type=\"text-editor.default\">\n\t\t\t\t<div class=\"elementor-widget-container\">\n\t\t\t\t\t\t\t\t\t<p><b>Y\u00fcr\u00fcrl\u00fck Tarihi:<\/b><span style=\"font-weight: 400;\"> 4 Nisan 2025<br \/><\/span><b>Web sitesi:<\/b><span style=\"font-weight: 400;\"> www.gravitybali.com<\/span><\/p>\t\t\t\t\t\t\t\t<\/div>\n\t\t\t\t<\/div>\n\t\t\t\t<div class=\"elementor-element elementor-element-b7697a0 elementor-widget elementor-widget-heading\" data-id=\"b7697a0\" data-element_type=\"widget\" data-e-type=\"widget\" data-widget_type=\"heading.default\">\n\t\t\t\t<div class=\"elementor-widget-container\">\n\t\t\t\t\t<h2 class=\"elementor-heading-title elementor-size-default\">1. Giri\u015f<\/h2>\t\t\t\t<\/div>\n\t\t\t\t<\/div>\n\t\t\t\t<div class=\"elementor-element elementor-element-9c63ac6 elementor-widget elementor-widget-text-editor\" data-id=\"9c63ac6\" data-element_type=\"widget\" data-e-type=\"widget\" data-widget_type=\"text-editor.default\">\n\t\t\t\t<div class=\"elementor-widget-container\">\n\t\t\t\t\t\t\t\t\t<p>Gravity Bali&#039;ye (&quot;\u015eirket&quot;, &quot;biz&quot;, &quot;bizim&quot; veya &quot;bize&quot;) ho\u015f geldiniz. Web sitemize ve hizmetlerimize eri\u015ferek veya bunlar\u0131 kullanarak, siz (&quot;Kullan\u0131c\u0131&quot;, &quot;Misafir&quot;, &quot;M\u00fclk Sahibi&quot;) bu Hizmet \u015eartlar\u0131&#039;n\u0131 (&quot;\u015eartlar&quot;) kabul etmi\u015f olursunuz. Kabul etmiyorsan\u0131z, l\u00fctfen web sitemizi veya hizmetlerimizi kullanmay\u0131 b\u0131rak\u0131n.<\/p>\t\t\t\t\t\t\t\t<\/div>\n\t\t\t\t<\/div>\n\t\t\t\t<div class=\"elementor-element elementor-element-acbc0d0 elementor-widget elementor-widget-heading\" data-id=\"acbc0d0\" data-element_type=\"widget\" data-e-type=\"widget\" data-widget_type=\"heading.default\">\n\t\t\t\t<div class=\"elementor-widget-container\">\n\t\t\t\t\t<h2 class=\"elementor-heading-title elementor-size-default\">2. Sa\u011flanan Hizmetler<\/h2>\t\t\t\t<\/div>\n\t\t\t\t<\/div>\n\t\t\t\t<div class=\"elementor-element elementor-element-8b98717 elementor-widget elementor-widget-text-editor\" data-id=\"8b98717\" data-element_type=\"widget\" data-e-type=\"widget\" data-widget_type=\"text-editor.default\">\n\t\t\t\t<div class=\"elementor-widget-container\">\n\t\t\t\t\t\t\t\t\t<p>Gravity Bali \u015fu konularda uzmanla\u015fm\u0131\u015ft\u0131r: <strong>villa y\u00f6netimi, misafirperverlik hizmetleri ve konsiyerj hizmetleri<\/strong> Bali&#039;de. Web sitemiz arac\u0131l\u0131\u011f\u0131yla mevcut villalar\u0131 inceleyebilir, m\u00fclk y\u00f6netimi \u00e7\u00f6z\u00fcmleri hakk\u0131nda bilgi edinebilir ve k\u0131sa veya uzun vadeli villa kiralamalar\u0131 i\u00e7in ek hizmetler bulabilirsiniz.<\/p>\t\t\t\t\t\t\t\t<\/div>\n\t\t\t\t<\/div>\n\t\t\t\t<div class=\"elementor-element elementor-element-bd39153 elementor-widget elementor-widget-heading\" data-id=\"bd39153\" data-element_type=\"widget\" data-e-type=\"widget\" data-widget_type=\"heading.default\">\n\t\t\t\t<div class=\"elementor-widget-container\">\n\t\t\t\t\t<h2 class=\"elementor-heading-title elementor-size-default\">3. Rezervasyon ve \u00d6deme<\/h2>\t\t\t\t<\/div>\n\t\t\t\t<\/div>\n\t\t\t\t<div class=\"elementor-element elementor-element-0298206 elementor-widget elementor-widget-text-editor\" data-id=\"0298206\" data-element_type=\"widget\" data-e-type=\"widget\" data-widget_type=\"text-editor.default\">\n\t\t\t\t<div class=\"elementor-widget-container\">\n\t\t\t\t\t\t\t\t\t<ul><li style=\"font-weight: 400;\" aria-level=\"1\">T\u00fcm villa rezervasyonlar\u0131 Online Seyahat Acentesi (OTA) arac\u0131l\u0131\u011f\u0131yla veya do\u011frudan y\u00f6netimimizle teyit edilmelidir.<\/li><li style=\"font-weight: 400;\" aria-level=\"1\">Ayr\u0131ca, \u00f6deme ko\u015fullar\u0131 OTA politikalar\u0131na veya do\u011frudan rezervasyon s\u00f6zle\u015fmelerine uygundur. Ayr\u0131ca, konsiyerj deste\u011fi gibi ek hizmetler m\u00fcsaitlik durumuna ba\u011fl\u0131 olarak sunulabilir ve ek \u00fccret gerektirebilir.<\/li><li style=\"font-weight: 400;\" aria-level=\"1\">Misafirlerimiz, kanal y\u00f6neticimiz arac\u0131l\u0131\u011f\u0131yla \u00e7evrimi\u00e7i olarak imzalad\u0131klar\u0131 her villan\u0131n \u00f6zel kira s\u00f6zle\u015fmesine ve ev kurallar\u0131na uymak zorundad\u0131r.<\/li><\/ul>\t\t\t\t\t\t\t\t<\/div>\n\t\t\t\t<\/div>\n\t\t\t\t<div class=\"elementor-element elementor-element-a074e83 elementor-widget elementor-widget-heading\" data-id=\"a074e83\" data-element_type=\"widget\" data-e-type=\"widget\" data-widget_type=\"heading.default\">\n\t\t\t\t<div class=\"elementor-widget-container\">\n\t\t\t\t\t<h2 class=\"elementor-heading-title elementor-size-default\">4. \u0130ptal ve \u0130adeler<\/h2>\t\t\t\t<\/div>\n\t\t\t\t<\/div>\n\t\t\t\t<div class=\"elementor-element elementor-element-67b19b8 elementor-widget elementor-widget-text-editor\" data-id=\"67b19b8\" data-element_type=\"widget\" data-e-type=\"widget\" data-widget_type=\"text-editor.default\">\n\t\t\t\t<div class=\"elementor-widget-container\">\n\t\t\t\t\t\t\t\t\t<ul><li style=\"font-weight: 400;\" aria-level=\"1\">\u0130ptal ve iade politikalar\u0131 OTA veya do\u011frudan rezervasyon s\u00f6zle\u015fmesine ba\u011fl\u0131d\u0131r.<\/li><li style=\"font-weight: 400;\" aria-level=\"1\">Ancak aksi belirtilmedi\u011fi takdirde, gelmeyen veya erken ayr\u0131lan konuklara herhangi bir geri \u00f6deme yap\u0131lmaz.<\/li><\/ul>\t\t\t\t\t\t\t\t<\/div>\n\t\t\t\t<\/div>\n\t\t\t\t<div class=\"elementor-element elementor-element-8e9d309 elementor-widget elementor-widget-heading\" data-id=\"8e9d309\" data-element_type=\"widget\" data-e-type=\"widget\" data-widget_type=\"heading.default\">\n\t\t\t\t<div class=\"elementor-widget-container\">\n\t\t\t\t\t<h2 class=\"elementor-heading-title elementor-size-default\">5. Misafir Sorumluluklar\u0131<\/h2>\t\t\t\t<\/div>\n\t\t\t\t<\/div>\n\t\t\t\t<div class=\"elementor-element elementor-element-a146f09 elementor-widget elementor-widget-text-editor\" data-id=\"a146f09\" data-element_type=\"widget\" data-e-type=\"widget\" data-widget_type=\"text-editor.default\">\n\t\t\t\t<div class=\"elementor-widget-container\">\n\t\t\t\t\t\t\t\t\t<ul><li style=\"font-weight: 400;\" aria-level=\"1\">Misafirler rezervasyon yapt\u0131ktan sonra kira s\u00f6zle\u015fmesinde belirtilen t\u00fcm sorumluluklara uymak zorundad\u0131r.<\/li><li style=\"font-weight: 400;\" aria-level=\"1\">Ayr\u0131ca villa y\u00f6neticisinin talimatlar\u0131 do\u011frultusunda giri\u015f ve \u00e7\u0131k\u0131\u015f i\u015flemlerini takip etmeleri gerekmektedir.<\/li><\/ul>\t\t\t\t\t\t\t\t<\/div>\n\t\t\t\t<\/div>\n\t\t\t\t<div class=\"elementor-element elementor-element-ce1877c elementor-widget elementor-widget-heading\" data-id=\"ce1877c\" data-element_type=\"widget\" data-e-type=\"widget\" data-widget_type=\"heading.default\">\n\t\t\t\t<div class=\"elementor-widget-container\">\n\t\t\t\t\t<h2 class=\"elementor-heading-title elementor-size-default\">6. M\u00fclk Sahibi S\u00f6zle\u015fmeleri<\/h2>\t\t\t\t<\/div>\n\t\t\t\t<\/div>\n\t\t\t\t<div class=\"elementor-element elementor-element-19ab02e elementor-widget elementor-widget-text-editor\" data-id=\"19ab02e\" data-element_type=\"widget\" data-e-type=\"widget\" data-widget_type=\"text-editor.default\">\n\t\t\t\t<div class=\"elementor-widget-container\">\n\t\t\t\t\t\t\t\t\t<p data-start=\"1995\" data-end=\"2081\">Gravity Bali ile ortakl\u0131k kuran m\u00fclk sahipleri i\u00e7in:<\/p><ul><li data-start=\"1995\" data-end=\"2081\">Taraflar\u0131n her ikisinin de fesih bildirimi i\u00e7in 3 ayl\u0131k s\u00fcre tan\u0131yan, esnek, asgari tutar i\u00e7ermeyen bir s\u00f6zle\u015fme sunuyoruz.<\/li><li data-start=\"1995\" data-end=\"2081\">Gravity Bali ve villa sahipleri taraf\u0131ndan imzalanan resmi s\u00f6zle\u015fmede t\u00fcm s\u00f6zle\u015fme \u015fartlar\u0131 a\u00e7\u0131k\u00e7a yer almaktad\u0131r.<\/li><\/ul>\t\t\t\t\t\t\t\t<\/div>\n\t\t\t\t<\/div>\n\t\t\t\t<div class=\"elementor-element elementor-element-a38550e elementor-widget elementor-widget-heading\" data-id=\"a38550e\" data-element_type=\"widget\" data-e-type=\"widget\" data-widget_type=\"heading.default\">\n\t\t\t\t<div class=\"elementor-widget-container\">\n\t\t\t\t\t<h2 class=\"elementor-heading-title elementor-size-default\">7. Sorumluluk ve Feragatnameler<\/h2>\t\t\t\t<\/div>\n\t\t\t\t<\/div>\n\t\t\t\t<div class=\"elementor-element elementor-element-787fd78 elementor-widget elementor-widget-text-editor\" data-id=\"787fd78\" data-element_type=\"widget\" data-e-type=\"widget\" data-widget_type=\"text-editor.default\">\n\t\t\t\t<div class=\"elementor-widget-container\">\n\t\t\t\t\t\t\t\t\t<ul><li data-start=\"2347\" data-end=\"2555\"><strong data-start=\"2347\" data-end=\"2364\">Misafir G\u00fcvenli\u011fi:<\/strong> Gravity Bali, konuklar\u0131n konaklamas\u0131 s\u0131ras\u0131nda meydana gelebilecek kazalardan, yaralanmalardan veya kaybolan e\u015fyalardan sorumlu de\u011fildir. Bu nedenle, \u00f6zellikle havuz ve a\u00e7\u0131k alanlar\u0131n yak\u0131n\u0131nda misafirlerin dikkatli olmalar\u0131 gerekmektedir.<\/li><li data-start=\"2347\" data-end=\"2555\"><strong data-start=\"2558\" data-end=\"2581\">Konsiyerj Hizmetleri:<\/strong> Konsiyerj hizmetimiz arac\u0131l\u0131\u011f\u0131yla rezerve edilen ula\u015f\u0131m, masaj veya \u015fef hizmetleri gibi \u00fc\u00e7\u00fcnc\u00fc taraf hizmetleri m\u00fcsaitli\u011fe ba\u011fl\u0131d\u0131r. Gravity Bali, bu sa\u011flay\u0131c\u0131lar\u0131n neden oldu\u011fu herhangi bir sorundan sorumlu de\u011fildir.<\/li><li data-start=\"2347\" data-end=\"2555\"><strong data-start=\"2790\" data-end=\"2808\">M\u00fccbir Sebep:<\/strong> Gravity Bali, do\u011fal afetler, pandemiler veya h\u00fck\u00fcmet k\u0131s\u0131tlamalar\u0131 gibi \u00f6ng\u00f6r\u00fclemeyen olaylardan kaynaklanan iptallerden veya kesintilerden sorumlu de\u011fildir.<\/li><\/ul>\t\t\t\t\t\t\t\t<\/div>\n\t\t\t\t<\/div>\n\t\t\t\t<div class=\"elementor-element elementor-element-4342253 elementor-widget elementor-widget-heading\" data-id=\"4342253\" data-element_type=\"widget\" data-e-type=\"widget\" data-widget_type=\"heading.default\">\n\t\t\t\t<div class=\"elementor-widget-container\">\n\t\t\t\t\t<h2 class=\"elementor-heading-title elementor-size-default\">8. Gizlilik Politikas\u0131<\/h2>\t\t\t\t<\/div>\n\t\t\t\t<\/div>\n\t\t\t\t<div class=\"elementor-element elementor-element-0b7c726 elementor-widget elementor-widget-text-editor\" data-id=\"0b7c726\" data-element_type=\"widget\" data-e-type=\"widget\" data-widget_type=\"text-editor.default\">\n\t\t\t\t<div class=\"elementor-widget-container\">\n\t\t\t\t\t\t\t\t\t<p>Web sitemizi ve hizmetlerimizi kullanarak, <a href=\"https:\/\/gravitybali.com\/tr\/gizlilik-politikasi\/\">Gizlilik Politikas\u0131<\/a> Verilerinizi nas\u0131l toplad\u0131\u011f\u0131m\u0131z, kulland\u0131\u011f\u0131m\u0131z ve saklad\u0131\u011f\u0131m\u0131z hakk\u0131nda.<\/p>\t\t\t\t\t\t\t\t<\/div>\n\t\t\t\t<\/div>\n\t\t\t\t<div class=\"elementor-element elementor-element-386ebce elementor-widget elementor-widget-heading\" data-id=\"386ebce\" data-element_type=\"widget\" data-e-type=\"widget\" data-widget_type=\"heading.default\">\n\t\t\t\t<div class=\"elementor-widget-container\">\n\t\t\t\t\t<h2 class=\"elementor-heading-title elementor-size-default\">9. \u015eartlarda De\u011fi\u015fiklikler<\/h2>\t\t\t\t<\/div>\n\t\t\t\t<\/div>\n\t\t\t\t<div class=\"elementor-element elementor-element-ef0153b elementor-widget elementor-widget-text-editor\" data-id=\"ef0153b\" data-element_type=\"widget\" data-e-type=\"widget\" data-widget_type=\"text-editor.default\">\n\t\t\t\t<div class=\"elementor-widget-container\">\n\t\t\t\t\t\t\t\t\t<p>Gravity Bali, bu \u015eartlar\u0131 diledi\u011fi zaman g\u00fcncelleme hakk\u0131n\u0131 sakl\u0131 tutar. Dolay\u0131s\u0131yla, g\u00fcncellemelerden sonra web sitesini veya hizmetleri kullanmaya devam etmeniz, revize edilmi\u015f \u015eartlar\u0131 kabul etti\u011finiz anlam\u0131na gelir.<\/p>\t\t\t\t\t\t\t\t<\/div>\n\t\t\t\t<\/div>\n\t\t\t\t<div class=\"elementor-element elementor-element-9fda909 elementor-widget elementor-widget-heading\" data-id=\"9fda909\" data-element_type=\"widget\" data-e-type=\"widget\" data-widget_type=\"heading.default\">\n\t\t\t\t<div class=\"elementor-widget-container\">\n\t\t\t\t\t<h2 class=\"elementor-heading-title elementor-size-default\">10. \u0130leti\u015fim Bilgileri<\/h2>\t\t\t\t<\/div>\n\t\t\t\t<\/div>\n\t\t\t\t<div class=\"elementor-element elementor-element-dde5615 elementor-widget elementor-widget-text-editor\" data-id=\"dde5615\" data-element_type=\"widget\" data-e-type=\"widget\" data-widget_type=\"text-editor.default\">\n\t\t\t\t<div class=\"elementor-widget-container\">\n\t\t\t\t\t\t\t\t\t<p><span style=\"font-weight: 400;\">Bu \u015eartlar ile ilgili sorular\u0131n\u0131z veya endi\u015feleriniz varsa bizimle \u015fu adresten ileti\u015fime ge\u00e7in:<\/span><span style=\"font-weight: 400;\"><br \/><\/span><span style=\"font-weight: 400;\"> \ud83d\udce7 <\/span><b>E-posta:<\/b> <a href=\"mailto:contact@gravitybali.com\"><span style=\"font-weight: 400;\">contact@gravitybali.com<\/span><\/a><\/p>\t\t\t\t\t\t\t\t<\/div>\n\t\t\t\t<\/div>\n\t\t\t\t\t<\/div>\n\t\t\t\t<\/div>\n\t\t\t\t<\/div>","protected":false},"excerpt":{"rendered":"<p>Terms &amp; Services Effective Date: 4th April 2025Website: www.gravitybali.com 1. Introduction Welcome to Gravity Bali (\u201cCompany,\u201d \u201cwe,\u201d \u201cour,\u201d or \u201cus\u201d). By accessing or using our website and services, you (\u201cUser,\u201d \u201cGuest,\u201d \u201cProperty Owner\u201d) agree to these Terms of Service (\u201cTerms\u201d). If you do not agree, please stop using our website or services. 2. Services Provided [&hellip;]<\/p>\n","protected":false},"author":1,"featured_media":0,"parent":0,"menu_order":0,"comment_status":"closed","ping_status":"closed","template":"elementor_header_footer","meta":{"_acf_changed":false,"footnotes":""},"class_list":["post-1841","page","type-page","status-publish","hentry"],"acf":[],"yoast_head":"<!-- This site is optimized with the Yoast SEO Premium plugin v26.5 (Yoast SEO v27.5) - https:\/\/yoast.com\/product\/yoast-seo-premium-wordpress\/ -->\n<title>Gravity Bali Terms &amp; Service | Villa Management &amp; Booking Policies<\/title>\n<meta name=\"description\" content=\"Gravity Bali Terms &amp; Service: villa management, bookings, payments, cancellations, and owner agreements in Bali.\" \/>\n<meta name=\"robots\" content=\"index, follow, max-snippet:-1, max-image-preview:large, max-video-preview:-1\" \/>\n<link rel=\"canonical\" href=\"https:\/\/gravitybali.com\/tr\/sartlar-ve-hizmetler\/\" \/>\n<meta property=\"og:locale\" content=\"tr_TR\" \/>\n<meta property=\"og:type\" content=\"article\" \/>\n<meta property=\"og:title\" content=\"Terms &amp; Services\" \/>\n<meta property=\"og:description\" content=\"Gravity Bali Terms &amp; Service: villa management, bookings, payments, cancellations, and owner agreements in Bali.\" \/>\n<meta property=\"og:url\" content=\"https:\/\/gravitybali.com\/tr\/sartlar-ve-hizmetler\/\" \/>\n<meta property=\"og:site_name\" content=\"Gravity Bali\" \/>\n<meta property=\"article:modified_time\" content=\"2025-09-15T05:23:02+00:00\" \/>\n<meta property=\"og:image\" content=\"https:\/\/gravitybali.com\/wp-content\/uploads\/2025\/03\/cropped-GRAVITY-2.png\" \/>\n\t<meta property=\"og:image:width\" content=\"512\" \/>\n\t<meta property=\"og:image:height\" content=\"512\" \/>\n\t<meta property=\"og:image:type\" content=\"image\/png\" \/>\n<meta name=\"twitter:card\" content=\"summary_large_image\" \/>\n<meta name=\"twitter:label1\" content=\"Tahmini okuma s\u00fcresi\" \/>\n\t<meta name=\"twitter:data1\" content=\"2 dakika\" \/>\n<script type=\"application\/ld+json\" class=\"yoast-schema-graph\">{\"@context\":\"https:\\\/\\\/schema.org\",\"@graph\":[{\"@type\":\"WebPage\",\"@id\":\"https:\\\/\\\/gravitybali.com\\\/de\\\/bedingungen-dienstleistungen\\\/\",\"url\":\"https:\\\/\\\/gravitybali.com\\\/de\\\/bedingungen-dienstleistungen\\\/\",\"name\":\"Gravity Bali Terms & Service | Villa Management & Booking Policies\",\"isPartOf\":{\"@id\":\"https:\\\/\\\/gravitybali.com\\\/tr\\\/#website\"},\"datePublished\":\"2025-04-04T09:04:26+00:00\",\"dateModified\":\"2025-09-15T05:23:02+00:00\",\"description\":\"Gravity Bali Terms & Service: villa management, bookings, payments, cancellations, and owner agreements in Bali.\",\"breadcrumb\":{\"@id\":\"https:\\\/\\\/gravitybali.com\\\/de\\\/bedingungen-dienstleistungen\\\/#breadcrumb\"},\"inLanguage\":\"tr\",\"potentialAction\":[{\"@type\":\"ReadAction\",\"target\":[\"https:\\\/\\\/gravitybali.com\\\/de\\\/bedingungen-dienstleistungen\\\/\"]}]},{\"@type\":\"BreadcrumbList\",\"@id\":\"https:\\\/\\\/gravitybali.com\\\/de\\\/bedingungen-dienstleistungen\\\/#breadcrumb\",\"itemListElement\":[{\"@type\":\"ListItem\",\"position\":1,\"name\":\"Home\",\"item\":\"https:\\\/\\\/gravitybali.com\\\/en\\\/\"},{\"@type\":\"ListItem\",\"position\":2,\"name\":\"Terms &amp; Services\"}]},{\"@type\":\"WebSite\",\"@id\":\"https:\\\/\\\/gravitybali.com\\\/tr\\\/#website\",\"url\":\"https:\\\/\\\/gravitybali.com\\\/tr\\\/\",\"name\":\"Gravity Bali\",\"description\":\"Bali Villa Management,\\u2028Marketing &amp; Investment\",\"publisher\":{\"@id\":\"https:\\\/\\\/gravitybali.com\\\/tr\\\/#organization\"},\"potentialAction\":[{\"@type\":\"SearchAction\",\"target\":{\"@type\":\"EntryPoint\",\"urlTemplate\":\"https:\\\/\\\/gravitybali.com\\\/tr\\\/?s={search_term_string}\"},\"query-input\":{\"@type\":\"PropertyValueSpecification\",\"valueRequired\":true,\"valueName\":\"search_term_string\"}}],\"inLanguage\":\"tr\"},{\"@type\":\"Organization\",\"@id\":\"https:\\\/\\\/gravitybali.com\\\/tr\\\/#organization\",\"name\":\"Gravity Bali\",\"url\":\"https:\\\/\\\/gravitybali.com\\\/tr\\\/\",\"logo\":{\"@type\":\"ImageObject\",\"inLanguage\":\"tr\",\"@id\":\"https:\\\/\\\/gravitybali.com\\\/tr\\\/#\\\/schema\\\/logo\\\/image\\\/\",\"url\":\"https:\\\/\\\/gravitybali.com\\\/wp-content\\\/uploads\\\/2025\\\/03\\\/cropped-GRAVITY-2.png\",\"contentUrl\":\"https:\\\/\\\/gravitybali.com\\\/wp-content\\\/uploads\\\/2025\\\/03\\\/cropped-GRAVITY-2.png\",\"width\":512,\"height\":512,\"caption\":\"Gravity Bali\"},\"image\":{\"@id\":\"https:\\\/\\\/gravitybali.com\\\/tr\\\/#\\\/schema\\\/logo\\\/image\\\/\"}}]}<\/script>\n<!-- \/ Yoast SEO Premium plugin. -->","yoast_head_json":{"title":"Gravity Bali \u015eartlar ve Hizmetler | Villa Y\u00f6netimi ve Rezervasyon Politikalar\u0131","description":"Gravity Bali \u015eartlar ve Hizmetler: Bali&#039;de villa y\u00f6netimi, rezervasyonlar, \u00f6demeler, iptaller ve ev sahibi s\u00f6zle\u015fmeleri.","robots":{"index":"index","follow":"follow","max-snippet":"max-snippet:-1","max-image-preview":"max-image-preview:large","max-video-preview":"max-video-preview:-1"},"canonical":"https:\/\/gravitybali.com\/tr\/sartlar-ve-hizmetler\/","og_locale":"tr_TR","og_type":"article","og_title":"Terms &amp; Services","og_description":"Gravity Bali Terms & Service: villa management, bookings, payments, cancellations, and owner agreements in Bali.","og_url":"https:\/\/gravitybali.com\/tr\/sartlar-ve-hizmetler\/","og_site_name":"Gravity Bali","article_modified_time":"2025-09-15T05:23:02+00:00","og_image":[{"width":512,"height":512,"url":"https:\/\/gravitybali.com\/wp-content\/uploads\/2025\/03\/cropped-GRAVITY-2.png","type":"image\/png"}],"twitter_card":"summary_large_image","twitter_misc":{"Tahmini okuma s\u00fcresi":"2 dakika"},"schema":{"@context":"https:\/\/schema.org","@graph":[{"@type":"WebPage","@id":"https:\/\/gravitybali.com\/de\/bedingungen-dienstleistungen\/","url":"https:\/\/gravitybali.com\/de\/bedingungen-dienstleistungen\/","name":"Gravity Bali \u015eartlar ve Hizmetler | Villa Y\u00f6netimi ve Rezervasyon Politikalar\u0131","isPartOf":{"@id":"https:\/\/gravitybali.com\/tr\/#website"},"datePublished":"2025-04-04T09:04:26+00:00","dateModified":"2025-09-15T05:23:02+00:00","description":"Gravity Bali \u015eartlar ve Hizmetler: Bali&#039;de villa y\u00f6netimi, rezervasyonlar, \u00f6demeler, iptaller ve ev sahibi s\u00f6zle\u015fmeleri.","breadcrumb":{"@id":"https:\/\/gravitybali.com\/de\/bedingungen-dienstleistungen\/#breadcrumb"},"inLanguage":"tr","potentialAction":[{"@type":"ReadAction","target":["https:\/\/gravitybali.com\/de\/bedingungen-dienstleistungen\/"]}]},{"@type":"BreadcrumbList","@id":"https:\/\/gravitybali.com\/de\/bedingungen-dienstleistungen\/#breadcrumb","itemListElement":[{"@type":"ListItem","position":1,"name":"Home","item":"https:\/\/gravitybali.com\/en\/"},{"@type":"ListItem","position":2,"name":"Terms &amp; Services"}]},{"@type":"WebSite","@id":"https:\/\/gravitybali.com\/tr\/#website","url":"https:\/\/gravitybali.com\/tr\/","name":"Yer\u00e7ekimi Bali","description":"Bali Villa Y\u00f6netimi, Pazarlama ve Yat\u0131r\u0131m","publisher":{"@id":"https:\/\/gravitybali.com\/tr\/#organization"},"potentialAction":[{"@type":"SearchAction","target":{"@type":"EntryPoint","urlTemplate":"https:\/\/gravitybali.com\/tr\/?s={search_term_string}"},"query-input":{"@type":"PropertyValueSpecification","valueRequired":true,"valueName":"search_term_string"}}],"inLanguage":"tr"},{"@type":"Organization","@id":"https:\/\/gravitybali.com\/tr\/#organization","name":"Yer\u00e7ekimi Bali","url":"https:\/\/gravitybali.com\/tr\/","logo":{"@type":"ImageObject","inLanguage":"tr","@id":"https:\/\/gravitybali.com\/tr\/#\/schema\/logo\/image\/","url":"https:\/\/gravitybali.com\/wp-content\/uploads\/2025\/03\/cropped-GRAVITY-2.png","contentUrl":"https:\/\/gravitybali.com\/wp-content\/uploads\/2025\/03\/cropped-GRAVITY-2.png","width":512,"height":512,"caption":"Gravity Bali"},"image":{"@id":"https:\/\/gravitybali.com\/tr\/#\/schema\/logo\/image\/"}}]}},"_links":{"self":[{"href":"https:\/\/gravitybali.com\/tr\/wp-json\/wp\/v2\/pages\/1841","targetHints":{"allow":["GET"]}}],"collection":[{"href":"https:\/\/gravitybali.com\/tr\/wp-json\/wp\/v2\/pages"}],"about":[{"href":"https:\/\/gravitybali.com\/tr\/wp-json\/wp\/v2\/types\/page"}],"author":[{"embeddable":true,"href":"https:\/\/gravitybali.com\/tr\/wp-json\/wp\/v2\/users\/1"}],"replies":[{"embeddable":true,"href":"https:\/\/gravitybali.com\/tr\/wp-json\/wp\/v2\/comments?post=1841"}],"version-history":[{"count":21,"href":"https:\/\/gravitybali.com\/tr\/wp-json\/wp\/v2\/pages\/1841\/revisions"}],"predecessor-version":[{"id":6683,"href":"https:\/\/gravitybali.com\/tr\/wp-json\/wp\/v2\/pages\/1841\/revisions\/6683"}],"wp:attachment":[{"href":"https:\/\/gravitybali.com\/tr\/wp-json\/wp\/v2\/media?parent=1841"}],"curies":[{"name":"wp","href":"https:\/\/api.w.org\/{rel}","templated":true}]}}