{"id":1841,"date":"2025-04-04T09:04:26","date_gmt":"2025-04-04T09:04:26","guid":{"rendered":"https:\/\/gravitybali.com\/?page_id=1841"},"modified":"2025-09-15T05:23:02","modified_gmt":"2025-09-15T05:23:02","slug":"termos-servicos","status":"publish","type":"page","link":"https:\/\/gravitybali.com\/pt\/terms-services\/","title":{"rendered":"Termos e Servi\u00e7os"},"content":{"rendered":"<div data-elementor-type=\"wp-page\" data-elementor-id=\"1841\" class=\"elementor elementor-1841\" data-elementor-post-type=\"page\">\n\t\t\t\t<div data-dce-background-color=\"#A3BFAA\" class=\"elementor-element elementor-element-51ce7c9 e-flex e-con-boxed e-con e-parent\" data-id=\"51ce7c9\" data-element_type=\"container\" data-e-type=\"container\" data-settings=\"{&quot;background_background&quot;:&quot;gradient&quot;}\">\n\t\t\t\t\t<div class=\"e-con-inner\">\n\t\t\t\t<div class=\"elementor-element elementor-element-c13bff1 elementor-widget__width-inherit elementor-invisible elementor-widget elementor-widget-heading\" data-id=\"c13bff1\" data-element_type=\"widget\" data-e-type=\"widget\" data-settings=\"{&quot;_animation&quot;:&quot;fadeInUp&quot;,&quot;_animation_delay&quot;:200}\" data-widget_type=\"heading.default\">\n\t\t\t\t<div class=\"elementor-widget-container\">\n\t\t\t\t\t<h1 class=\"elementor-heading-title elementor-size-default\">Termos e Servi\u00e7os<\/h1>\t\t\t\t<\/div>\n\t\t\t\t<\/div>\n\t\t\t\t\t<\/div>\n\t\t\t\t<\/div>\n\t\t<div data-dce-background-color=\"#FFFFFF\" class=\"elementor-element elementor-element-aab0ea1 e-flex e-con-boxed e-con e-parent\" data-id=\"aab0ea1\" data-element_type=\"container\" data-e-type=\"container\" data-settings=\"{&quot;background_background&quot;:&quot;classic&quot;}\">\n\t\t\t\t\t<div class=\"e-con-inner\">\n\t\t\t\t<div class=\"elementor-element elementor-element-1a498da elementor-widget elementor-widget-text-editor\" data-id=\"1a498da\" data-element_type=\"widget\" data-e-type=\"widget\" data-widget_type=\"text-editor.default\">\n\t\t\t\t<div class=\"elementor-widget-container\">\n\t\t\t\t\t\t\t\t\t<p><b>Data de vig\u00eancia:<\/b><span style=\"font-weight: 400;\"> 4 de abril de 2025<br \/><\/span><b>Site:<\/b><span style=\"font-weight: 400;\"> www.gravitybali.com<\/span><\/p>\t\t\t\t\t\t\t\t<\/div>\n\t\t\t\t<\/div>\n\t\t\t\t<div class=\"elementor-element elementor-element-b7697a0 elementor-widget elementor-widget-heading\" data-id=\"b7697a0\" data-element_type=\"widget\" data-e-type=\"widget\" data-widget_type=\"heading.default\">\n\t\t\t\t<div class=\"elementor-widget-container\">\n\t\t\t\t\t<h2 class=\"elementor-heading-title elementor-size-default\">1. Introdu\u00e7\u00e3o<\/h2>\t\t\t\t<\/div>\n\t\t\t\t<\/div>\n\t\t\t\t<div class=\"elementor-element elementor-element-9c63ac6 elementor-widget elementor-widget-text-editor\" data-id=\"9c63ac6\" data-element_type=\"widget\" data-e-type=\"widget\" data-widget_type=\"text-editor.default\">\n\t\t\t\t<div class=\"elementor-widget-container\">\n\t\t\t\t\t\t\t\t\t<p>Bem-vindo ao Gravity Bali (\u201cEmpresa\u201d, \u201cn\u00f3s\u201d, \u201cnosso\u201d ou \u201cnos\u201d). Ao acessar ou utilizar nosso site e servi\u00e7os, voc\u00ea (\u201cUsu\u00e1rio\u201d, \u201cH\u00f3spede\u201d, \u201cPropriet\u00e1rio do Im\u00f3vel\u201d) concorda com estes Termos de Servi\u00e7o (\u201cTermos\u201d). Caso n\u00e3o concorde, pare de utilizar nosso site ou servi\u00e7os.<\/p>\t\t\t\t\t\t\t\t<\/div>\n\t\t\t\t<\/div>\n\t\t\t\t<div class=\"elementor-element elementor-element-acbc0d0 elementor-widget elementor-widget-heading\" data-id=\"acbc0d0\" data-element_type=\"widget\" data-e-type=\"widget\" data-widget_type=\"heading.default\">\n\t\t\t\t<div class=\"elementor-widget-container\">\n\t\t\t\t\t<h2 class=\"elementor-heading-title elementor-size-default\">2. Servi\u00e7os prestados<\/h2>\t\t\t\t<\/div>\n\t\t\t\t<\/div>\n\t\t\t\t<div class=\"elementor-element elementor-element-8b98717 elementor-widget elementor-widget-text-editor\" data-id=\"8b98717\" data-element_type=\"widget\" data-e-type=\"widget\" data-widget_type=\"text-editor.default\">\n\t\t\t\t<div class=\"elementor-widget-container\">\n\t\t\t\t\t\t\t\t\t<p>A Gravity Bali \u00e9 especializada em <strong>gest\u00e3o de vilas, servi\u00e7os de hospitalidade e servi\u00e7os de concierge<\/strong> em Bali. Atrav\u00e9s do nosso site, voc\u00ea pode explorar as vilas dispon\u00edveis, aprender sobre solu\u00e7\u00f5es de gest\u00e3o de im\u00f3veis e descobrir servi\u00e7os adicionais para aluguel de vilas de curta ou longa dura\u00e7\u00e3o.<\/p>\t\t\t\t\t\t\t\t<\/div>\n\t\t\t\t<\/div>\n\t\t\t\t<div class=\"elementor-element elementor-element-bd39153 elementor-widget elementor-widget-heading\" data-id=\"bd39153\" data-element_type=\"widget\" data-e-type=\"widget\" data-widget_type=\"heading.default\">\n\t\t\t\t<div class=\"elementor-widget-container\">\n\t\t\t\t\t<h2 class=\"elementor-heading-title elementor-size-default\">3. Reserva e Pagamento<\/h2>\t\t\t\t<\/div>\n\t\t\t\t<\/div>\n\t\t\t\t<div class=\"elementor-element elementor-element-0298206 elementor-widget elementor-widget-text-editor\" data-id=\"0298206\" data-element_type=\"widget\" data-e-type=\"widget\" data-widget_type=\"text-editor.default\">\n\t\t\t\t<div class=\"elementor-widget-container\">\n\t\t\t\t\t\t\t\t\t<ul><li style=\"font-weight: 400;\" aria-level=\"1\">Todas as reservas de vilas devem ser confirmadas por meio de uma ag\u00eancia de viagens on-line (OTA) ou diretamente com nossa ger\u00eancia.<\/li><li style=\"font-weight: 400;\" aria-level=\"1\">Al\u00e9m disso, as condi\u00e7\u00f5es de pagamento seguem as pol\u00edticas das OTAs ou acordos de reserva direta. Al\u00e9m disso, servi\u00e7os adicionais, como suporte de concierge, est\u00e3o dispon\u00edveis mediante disponibilidade e podem ter custos adicionais.<\/li><li style=\"font-weight: 400;\" aria-level=\"1\">Os h\u00f3spedes devem seguir o contrato de loca\u00e7\u00e3o espec\u00edfico de cada vila e as regras da casa, que voc\u00ea assina on-line por meio do nosso gerenciador de canais.<\/li><\/ul>\t\t\t\t\t\t\t\t<\/div>\n\t\t\t\t<\/div>\n\t\t\t\t<div class=\"elementor-element elementor-element-a074e83 elementor-widget elementor-widget-heading\" data-id=\"a074e83\" data-element_type=\"widget\" data-e-type=\"widget\" data-widget_type=\"heading.default\">\n\t\t\t\t<div class=\"elementor-widget-container\">\n\t\t\t\t\t<h2 class=\"elementor-heading-title elementor-size-default\">4. Cancelamento e Reembolsos<\/h2>\t\t\t\t<\/div>\n\t\t\t\t<\/div>\n\t\t\t\t<div class=\"elementor-element elementor-element-67b19b8 elementor-widget elementor-widget-text-editor\" data-id=\"67b19b8\" data-element_type=\"widget\" data-e-type=\"widget\" data-widget_type=\"text-editor.default\">\n\t\t\t\t<div class=\"elementor-widget-container\">\n\t\t\t\t\t\t\t\t\t<ul><li style=\"font-weight: 400;\" aria-level=\"1\">As pol\u00edticas de cancelamento e reembolso dependem do acordo de reserva direta ou da OTA.<\/li><li style=\"font-weight: 400;\" aria-level=\"1\">No entanto, n\u00e3o haver\u00e1 reembolso para n\u00e3o comparecimentos ou sa\u00eddas antecipadas, a menos que especificado de outra forma.<\/li><\/ul>\t\t\t\t\t\t\t\t<\/div>\n\t\t\t\t<\/div>\n\t\t\t\t<div class=\"elementor-element elementor-element-8e9d309 elementor-widget elementor-widget-heading\" data-id=\"8e9d309\" data-element_type=\"widget\" data-e-type=\"widget\" data-widget_type=\"heading.default\">\n\t\t\t\t<div class=\"elementor-widget-container\">\n\t\t\t\t\t<h2 class=\"elementor-heading-title elementor-size-default\">5. Responsabilidades do H\u00f3spede<\/h2>\t\t\t\t<\/div>\n\t\t\t\t<\/div>\n\t\t\t\t<div class=\"elementor-element elementor-element-a146f09 elementor-widget elementor-widget-text-editor\" data-id=\"a146f09\" data-element_type=\"widget\" data-e-type=\"widget\" data-widget_type=\"text-editor.default\">\n\t\t\t\t<div class=\"elementor-widget-container\">\n\t\t\t\t\t\t\t\t\t<ul><li style=\"font-weight: 400;\" aria-level=\"1\">Os h\u00f3spedes devem cumprir todas as responsabilidades listadas no contrato de loca\u00e7\u00e3o ap\u00f3s a reserva.<\/li><li style=\"font-weight: 400;\" aria-level=\"1\">Al\u00e9m disso, eles devem seguir os procedimentos de check-in e check-out conforme instru\u00eddo pelo gerente da villa.<\/li><\/ul>\t\t\t\t\t\t\t\t<\/div>\n\t\t\t\t<\/div>\n\t\t\t\t<div class=\"elementor-element elementor-element-ce1877c elementor-widget elementor-widget-heading\" data-id=\"ce1877c\" data-element_type=\"widget\" data-e-type=\"widget\" data-widget_type=\"heading.default\">\n\t\t\t\t<div class=\"elementor-widget-container\">\n\t\t\t\t\t<h2 class=\"elementor-heading-title elementor-size-default\">6. Acordos de Propriet\u00e1rios de Im\u00f3veis<\/h2>\t\t\t\t<\/div>\n\t\t\t\t<\/div>\n\t\t\t\t<div class=\"elementor-element elementor-element-19ab02e elementor-widget elementor-widget-text-editor\" data-id=\"19ab02e\" data-element_type=\"widget\" data-e-type=\"widget\" data-widget_type=\"text-editor.default\">\n\t\t\t\t<div class=\"elementor-widget-container\">\n\t\t\t\t\t\t\t\t\t<p data-start=\"1995\" data-end=\"2081\">Para propriet\u00e1rios de im\u00f3veis que fazem parceria com a Gravity Bali:<\/p><ul><li data-start=\"1995\" data-end=\"2081\">Oferecemos um contrato flex\u00edvel, sem prazo m\u00ednimo, com aviso pr\u00e9vio de 3 meses para rescis\u00e3o por qualquer uma das partes.<\/li><li data-start=\"1995\" data-end=\"2081\">Todos os termos contratuais aparecem claramente no acordo formal assinado pela Gravity Bali e pelos propriet\u00e1rios da vila.<\/li><\/ul>\t\t\t\t\t\t\t\t<\/div>\n\t\t\t\t<\/div>\n\t\t\t\t<div class=\"elementor-element elementor-element-a38550e elementor-widget elementor-widget-heading\" data-id=\"a38550e\" data-element_type=\"widget\" data-e-type=\"widget\" data-widget_type=\"heading.default\">\n\t\t\t\t<div class=\"elementor-widget-container\">\n\t\t\t\t\t<h2 class=\"elementor-heading-title elementor-size-default\">7. Responsabilidade e Isen\u00e7\u00f5es de Responsabilidade<\/h2>\t\t\t\t<\/div>\n\t\t\t\t<\/div>\n\t\t\t\t<div class=\"elementor-element elementor-element-787fd78 elementor-widget elementor-widget-text-editor\" data-id=\"787fd78\" data-element_type=\"widget\" data-e-type=\"widget\" data-widget_type=\"text-editor.default\">\n\t\t\t\t<div class=\"elementor-widget-container\">\n\t\t\t\t\t\t\t\t\t<ul><li data-start=\"2347\" data-end=\"2555\"><strong data-start=\"2347\" data-end=\"2364\">Seguran\u00e7a dos h\u00f3spedes:<\/strong> O Gravity Bali n\u00e3o se responsabiliza por acidentes, ferimentos ou itens perdidos durante a estadia dos h\u00f3spedes. Portanto, os h\u00f3spedes devem tomar precau\u00e7\u00f5es, especialmente perto de piscinas e \u00e1reas abertas.<\/li><li data-start=\"2347\" data-end=\"2555\"><strong data-start=\"2558\" data-end=\"2581\">Servi\u00e7os de concierge:<\/strong> Servi\u00e7os de terceiros reservados atrav\u00e9s do nosso concierge, como transporte, massagens ou chefs, est\u00e3o sujeitos \u00e0 disponibilidade. A Gravity Bali n\u00e3o se responsabiliza por quaisquer problemas causados por esses prestadores.<\/li><li data-start=\"2347\" data-end=\"2555\"><strong data-start=\"2790\" data-end=\"2808\">For\u00e7a Maior:<\/strong> A Gravity Bali n\u00e3o se responsabiliza por cancelamentos ou interrup\u00e7\u00f5es causados por eventos imprevistos, como desastres naturais, pandemias ou restri\u00e7\u00f5es governamentais.<\/li><\/ul>\t\t\t\t\t\t\t\t<\/div>\n\t\t\t\t<\/div>\n\t\t\t\t<div class=\"elementor-element elementor-element-4342253 elementor-widget elementor-widget-heading\" data-id=\"4342253\" data-element_type=\"widget\" data-e-type=\"widget\" data-widget_type=\"heading.default\">\n\t\t\t\t<div class=\"elementor-widget-container\">\n\t\t\t\t\t<h2 class=\"elementor-heading-title elementor-size-default\">8. Pol\u00edtica de Privacidade<\/h2>\t\t\t\t<\/div>\n\t\t\t\t<\/div>\n\t\t\t\t<div class=\"elementor-element elementor-element-0b7c726 elementor-widget elementor-widget-text-editor\" data-id=\"0b7c726\" data-element_type=\"widget\" data-e-type=\"widget\" data-widget_type=\"text-editor.default\">\n\t\t\t\t<div class=\"elementor-widget-container\">\n\t\t\t\t\t\t\t\t\t<p>Ao utilizar nosso site e servi\u00e7os, voc\u00ea concorda com nossos <a href=\"https:\/\/gravitybali.com\/pt\/politica-de-privacidade\/\">pol\u00edtica de Privacidade<\/a> sobre como coletamos, usamos e armazenamos seus dados.<\/p>\t\t\t\t\t\t\t\t<\/div>\n\t\t\t\t<\/div>\n\t\t\t\t<div class=\"elementor-element elementor-element-386ebce elementor-widget elementor-widget-heading\" data-id=\"386ebce\" data-element_type=\"widget\" data-e-type=\"widget\" data-widget_type=\"heading.default\">\n\t\t\t\t<div class=\"elementor-widget-container\">\n\t\t\t\t\t<h2 class=\"elementor-heading-title elementor-size-default\">9. Modifica\u00e7\u00f5es nos Termos<\/h2>\t\t\t\t<\/div>\n\t\t\t\t<\/div>\n\t\t\t\t<div class=\"elementor-element elementor-element-ef0153b elementor-widget elementor-widget-text-editor\" data-id=\"ef0153b\" data-element_type=\"widget\" data-e-type=\"widget\" data-widget_type=\"text-editor.default\">\n\t\t\t\t<div class=\"elementor-widget-container\">\n\t\t\t\t\t\t\t\t\t<p>A Gravity Bali reserva-se o direito de atualizar estes Termos a qualquer momento. Consequentemente, continuar a utilizar o site ou os servi\u00e7os ap\u00f3s as atualiza\u00e7\u00f5es significa que voc\u00ea aceita os Termos revisados.<\/p>\t\t\t\t\t\t\t\t<\/div>\n\t\t\t\t<\/div>\n\t\t\t\t<div class=\"elementor-element elementor-element-9fda909 elementor-widget elementor-widget-heading\" data-id=\"9fda909\" data-element_type=\"widget\" data-e-type=\"widget\" data-widget_type=\"heading.default\">\n\t\t\t\t<div class=\"elementor-widget-container\">\n\t\t\t\t\t<h2 class=\"elementor-heading-title elementor-size-default\">10. Informa\u00e7\u00f5es de contato<\/h2>\t\t\t\t<\/div>\n\t\t\t\t<\/div>\n\t\t\t\t<div class=\"elementor-element elementor-element-dde5615 elementor-widget elementor-widget-text-editor\" data-id=\"dde5615\" data-element_type=\"widget\" data-e-type=\"widget\" data-widget_type=\"text-editor.default\">\n\t\t\t\t<div class=\"elementor-widget-container\">\n\t\t\t\t\t\t\t\t\t<p><span style=\"font-weight: 400;\">Para d\u00favidas ou preocupa\u00e7\u00f5es relacionadas a estes Termos, entre em contato conosco em:<\/span><span style=\"font-weight: 400;\"><br \/><\/span><span style=\"font-weight: 400;\"> \ud83d\udce7 <\/span><b>E-mail:<\/b> <a href=\"mailto:contact@gravitybali.com\"><span style=\"font-weight: 400;\">contact@gravitybali.com<\/span><\/a><\/p>\t\t\t\t\t\t\t\t<\/div>\n\t\t\t\t<\/div>\n\t\t\t\t\t<\/div>\n\t\t\t\t<\/div>\n\t\t\t\t<\/div>","protected":false},"excerpt":{"rendered":"<p>Terms &amp; Services Effective Date: 4th April 2025Website: www.gravitybali.com 1. Introduction Welcome to Gravity Bali (\u201cCompany,\u201d \u201cwe,\u201d \u201cour,\u201d or \u201cus\u201d). By accessing or using our website and services, you (\u201cUser,\u201d \u201cGuest,\u201d \u201cProperty Owner\u201d) agree to these Terms of Service (\u201cTerms\u201d). If you do not agree, please stop using our website or services. 2. Services Provided [&hellip;]<\/p>\n","protected":false},"author":1,"featured_media":0,"parent":0,"menu_order":0,"comment_status":"closed","ping_status":"closed","template":"elementor_header_footer","meta":{"_acf_changed":false,"footnotes":""},"class_list":["post-1841","page","type-page","status-publish","hentry"],"acf":[],"yoast_head":"<!-- This site is optimized with the Yoast SEO Premium plugin v26.5 (Yoast SEO v27.5) - https:\/\/yoast.com\/product\/yoast-seo-premium-wordpress\/ -->\n<title>Gravity Bali Terms &amp; Service | Villa Management &amp; Booking Policies<\/title>\n<meta name=\"description\" content=\"Gravity Bali Terms &amp; Service: villa management, bookings, payments, cancellations, and owner agreements in Bali.\" \/>\n<meta name=\"robots\" content=\"index, follow, max-snippet:-1, max-image-preview:large, max-video-preview:-1\" \/>\n<link rel=\"canonical\" href=\"https:\/\/gravitybali.com\/pt\/termos-servicos\/\" \/>\n<meta property=\"og:locale\" content=\"pt_BR\" \/>\n<meta property=\"og:type\" content=\"article\" \/>\n<meta property=\"og:title\" content=\"Terms &amp; Services\" \/>\n<meta property=\"og:description\" content=\"Gravity Bali Terms &amp; Service: villa management, bookings, payments, cancellations, and owner agreements in Bali.\" \/>\n<meta property=\"og:url\" content=\"https:\/\/gravitybali.com\/pt\/termos-servicos\/\" \/>\n<meta property=\"og:site_name\" content=\"Gravity Bali\" \/>\n<meta property=\"article:modified_time\" content=\"2025-09-15T05:23:02+00:00\" \/>\n<meta property=\"og:image\" content=\"https:\/\/gravitybali.com\/wp-content\/uploads\/2025\/03\/cropped-GRAVITY-2.png\" \/>\n\t<meta property=\"og:image:width\" content=\"512\" \/>\n\t<meta property=\"og:image:height\" content=\"512\" \/>\n\t<meta property=\"og:image:type\" content=\"image\/png\" \/>\n<meta name=\"twitter:card\" content=\"summary_large_image\" \/>\n<meta name=\"twitter:label1\" content=\"Est. tempo de leitura\" \/>\n\t<meta name=\"twitter:data1\" content=\"2 minutos\" \/>\n<script type=\"application\/ld+json\" class=\"yoast-schema-graph\">{\"@context\":\"https:\\\/\\\/schema.org\",\"@graph\":[{\"@type\":\"WebPage\",\"@id\":\"https:\\\/\\\/gravitybali.com\\\/de\\\/bedingungen-dienstleistungen\\\/\",\"url\":\"https:\\\/\\\/gravitybali.com\\\/de\\\/bedingungen-dienstleistungen\\\/\",\"name\":\"Gravity Bali Terms & Service | Villa Management & Booking Policies\",\"isPartOf\":{\"@id\":\"https:\\\/\\\/gravitybali.com\\\/tr\\\/#website\"},\"datePublished\":\"2025-04-04T09:04:26+00:00\",\"dateModified\":\"2025-09-15T05:23:02+00:00\",\"description\":\"Gravity Bali Terms & Service: villa management, bookings, payments, cancellations, and owner agreements in Bali.\",\"breadcrumb\":{\"@id\":\"https:\\\/\\\/gravitybali.com\\\/de\\\/bedingungen-dienstleistungen\\\/#breadcrumb\"},\"inLanguage\":\"pt-BR\",\"potentialAction\":[{\"@type\":\"ReadAction\",\"target\":[\"https:\\\/\\\/gravitybali.com\\\/de\\\/bedingungen-dienstleistungen\\\/\"]}]},{\"@type\":\"BreadcrumbList\",\"@id\":\"https:\\\/\\\/gravitybali.com\\\/de\\\/bedingungen-dienstleistungen\\\/#breadcrumb\",\"itemListElement\":[{\"@type\":\"ListItem\",\"position\":1,\"name\":\"Home\",\"item\":\"https:\\\/\\\/gravitybali.com\\\/en\\\/\"},{\"@type\":\"ListItem\",\"position\":2,\"name\":\"Terms &amp; Services\"}]},{\"@type\":\"WebSite\",\"@id\":\"https:\\\/\\\/gravitybali.com\\\/tr\\\/#website\",\"url\":\"https:\\\/\\\/gravitybali.com\\\/tr\\\/\",\"name\":\"Gravity Bali\",\"description\":\"Bali Villa Management,\\u2028Marketing &amp; Investment\",\"publisher\":{\"@id\":\"https:\\\/\\\/gravitybali.com\\\/tr\\\/#organization\"},\"potentialAction\":[{\"@type\":\"SearchAction\",\"target\":{\"@type\":\"EntryPoint\",\"urlTemplate\":\"https:\\\/\\\/gravitybali.com\\\/tr\\\/?s={search_term_string}\"},\"query-input\":{\"@type\":\"PropertyValueSpecification\",\"valueRequired\":true,\"valueName\":\"search_term_string\"}}],\"inLanguage\":\"pt-BR\"},{\"@type\":\"Organization\",\"@id\":\"https:\\\/\\\/gravitybali.com\\\/tr\\\/#organization\",\"name\":\"Gravity Bali\",\"url\":\"https:\\\/\\\/gravitybali.com\\\/tr\\\/\",\"logo\":{\"@type\":\"ImageObject\",\"inLanguage\":\"pt-BR\",\"@id\":\"https:\\\/\\\/gravitybali.com\\\/tr\\\/#\\\/schema\\\/logo\\\/image\\\/\",\"url\":\"https:\\\/\\\/gravitybali.com\\\/wp-content\\\/uploads\\\/2025\\\/03\\\/cropped-GRAVITY-2.png\",\"contentUrl\":\"https:\\\/\\\/gravitybali.com\\\/wp-content\\\/uploads\\\/2025\\\/03\\\/cropped-GRAVITY-2.png\",\"width\":512,\"height\":512,\"caption\":\"Gravity Bali\"},\"image\":{\"@id\":\"https:\\\/\\\/gravitybali.com\\\/tr\\\/#\\\/schema\\\/logo\\\/image\\\/\"}}]}<\/script>\n<!-- \/ Yoast SEO Premium plugin. -->","yoast_head_json":{"title":"Termos e Servi\u00e7os do Gravity Bali | Pol\u00edticas de Reserva e Gest\u00e3o de Vilas","description":"Termos e servi\u00e7os do Gravity Bali: gerenciamento de vilas, reservas, pagamentos, cancelamentos e contratos com propriet\u00e1rios em Bali.","robots":{"index":"index","follow":"follow","max-snippet":"max-snippet:-1","max-image-preview":"max-image-preview:large","max-video-preview":"max-video-preview:-1"},"canonical":"https:\/\/gravitybali.com\/pt\/termos-servicos\/","og_locale":"pt_BR","og_type":"article","og_title":"Terms &amp; Services","og_description":"Gravity Bali Terms & Service: villa management, bookings, payments, cancellations, and owner agreements in Bali.","og_url":"https:\/\/gravitybali.com\/pt\/termos-servicos\/","og_site_name":"Gravity Bali","article_modified_time":"2025-09-15T05:23:02+00:00","og_image":[{"width":512,"height":512,"url":"https:\/\/gravitybali.com\/wp-content\/uploads\/2025\/03\/cropped-GRAVITY-2.png","type":"image\/png"}],"twitter_card":"summary_large_image","twitter_misc":{"Est. tempo de leitura":"2 minutos"},"schema":{"@context":"https:\/\/schema.org","@graph":[{"@type":"WebPage","@id":"https:\/\/gravitybali.com\/de\/bedingungen-dienstleistungen\/","url":"https:\/\/gravitybali.com\/de\/bedingungen-dienstleistungen\/","name":"Termos e Servi\u00e7os do Gravity Bali | Pol\u00edticas de Reserva e Gest\u00e3o de Vilas","isPartOf":{"@id":"https:\/\/gravitybali.com\/tr\/#website"},"datePublished":"2025-04-04T09:04:26+00:00","dateModified":"2025-09-15T05:23:02+00:00","description":"Termos e servi\u00e7os do Gravity Bali: gerenciamento de vilas, reservas, pagamentos, cancelamentos e contratos com propriet\u00e1rios em Bali.","breadcrumb":{"@id":"https:\/\/gravitybali.com\/de\/bedingungen-dienstleistungen\/#breadcrumb"},"inLanguage":"pt-BR","potentialAction":[{"@type":"ReadAction","target":["https:\/\/gravitybali.com\/de\/bedingungen-dienstleistungen\/"]}]},{"@type":"BreadcrumbList","@id":"https:\/\/gravitybali.com\/de\/bedingungen-dienstleistungen\/#breadcrumb","itemListElement":[{"@type":"ListItem","position":1,"name":"Home","item":"https:\/\/gravitybali.com\/en\/"},{"@type":"ListItem","position":2,"name":"Terms &amp; Services"}]},{"@type":"WebSite","@id":"https:\/\/gravitybali.com\/tr\/#website","url":"https:\/\/gravitybali.com\/tr\/","name":"Gravidade Bali","description":"Gest\u00e3o, Marketing e Investimento de Villas em Bali","publisher":{"@id":"https:\/\/gravitybali.com\/tr\/#organization"},"potentialAction":[{"@type":"SearchAction","target":{"@type":"EntryPoint","urlTemplate":"https:\/\/gravitybali.com\/tr\/?s={search_term_string}"},"query-input":{"@type":"PropertyValueSpecification","valueRequired":true,"valueName":"search_term_string"}}],"inLanguage":"pt-BR"},{"@type":"Organization","@id":"https:\/\/gravitybali.com\/tr\/#organization","name":"Gravidade Bali","url":"https:\/\/gravitybali.com\/tr\/","logo":{"@type":"ImageObject","inLanguage":"pt-BR","@id":"https:\/\/gravitybali.com\/tr\/#\/schema\/logo\/image\/","url":"https:\/\/gravitybali.com\/wp-content\/uploads\/2025\/03\/cropped-GRAVITY-2.png","contentUrl":"https:\/\/gravitybali.com\/wp-content\/uploads\/2025\/03\/cropped-GRAVITY-2.png","width":512,"height":512,"caption":"Gravity Bali"},"image":{"@id":"https:\/\/gravitybali.com\/tr\/#\/schema\/logo\/image\/"}}]}},"_links":{"self":[{"href":"https:\/\/gravitybali.com\/pt\/wp-json\/wp\/v2\/pages\/1841","targetHints":{"allow":["GET"]}}],"collection":[{"href":"https:\/\/gravitybali.com\/pt\/wp-json\/wp\/v2\/pages"}],"about":[{"href":"https:\/\/gravitybali.com\/pt\/wp-json\/wp\/v2\/types\/page"}],"author":[{"embeddable":true,"href":"https:\/\/gravitybali.com\/pt\/wp-json\/wp\/v2\/users\/1"}],"replies":[{"embeddable":true,"href":"https:\/\/gravitybali.com\/pt\/wp-json\/wp\/v2\/comments?post=1841"}],"version-history":[{"count":21,"href":"https:\/\/gravitybali.com\/pt\/wp-json\/wp\/v2\/pages\/1841\/revisions"}],"predecessor-version":[{"id":6683,"href":"https:\/\/gravitybali.com\/pt\/wp-json\/wp\/v2\/pages\/1841\/revisions\/6683"}],"wp:attachment":[{"href":"https:\/\/gravitybali.com\/pt\/wp-json\/wp\/v2\/media?parent=1841"}],"curies":[{"name":"wp","href":"https:\/\/api.w.org\/{rel}","templated":true}]}}