{"id":1727,"date":"2025-04-04T06:10:18","date_gmt":"2025-04-04T06:10:18","guid":{"rendered":"https:\/\/gravitybali.com\/?page_id=1727"},"modified":"2025-11-23T06:43:31","modified_gmt":"2025-11-23T06:43:31","slug":"politica-de-privacidade","status":"publish","type":"page","link":"https:\/\/gravitybali.com\/pt\/privacy-policy\/","title":{"rendered":"pol\u00edtica de Privacidade"},"content":{"rendered":"<div data-elementor-type=\"wp-page\" data-elementor-id=\"1727\" class=\"elementor elementor-1727\" data-elementor-post-type=\"page\">\n\t\t\t\t<div data-dce-background-color=\"#A3BFAA\" class=\"elementor-element elementor-element-55fef7e e-flex e-con-boxed e-con e-parent\" data-id=\"55fef7e\" data-element_type=\"container\" data-e-type=\"container\" data-settings=\"{&quot;background_background&quot;:&quot;gradient&quot;}\">\n\t\t\t\t\t<div class=\"e-con-inner\">\n\t\t\t\t<div class=\"elementor-element elementor-element-57eeaa6 elementor-widget__width-inherit elementor-invisible elementor-widget elementor-widget-heading\" data-id=\"57eeaa6\" data-element_type=\"widget\" data-e-type=\"widget\" data-settings=\"{&quot;_animation&quot;:&quot;fadeInUp&quot;,&quot;_animation_delay&quot;:200}\" data-widget_type=\"heading.default\">\n\t\t\t\t<div class=\"elementor-widget-container\">\n\t\t\t\t\t<h1 class=\"elementor-heading-title elementor-size-default\">pol\u00edtica de Privacidade<\/h1>\t\t\t\t<\/div>\n\t\t\t\t<\/div>\n\t\t\t\t\t<\/div>\n\t\t\t\t<\/div>\n\t\t<div data-dce-background-color=\"#FFFFFF\" class=\"elementor-element elementor-element-0e6457a e-flex e-con-boxed e-con e-parent\" data-id=\"0e6457a\" data-element_type=\"container\" data-e-type=\"container\" data-settings=\"{&quot;background_background&quot;:&quot;classic&quot;}\">\n\t\t\t\t\t<div class=\"e-con-inner\">\n\t\t\t\t<div class=\"elementor-element elementor-element-e92743e elementor-widget elementor-widget-text-editor\" data-id=\"e92743e\" data-element_type=\"widget\" data-e-type=\"widget\" data-widget_type=\"text-editor.default\">\n\t\t\t\t<div class=\"elementor-widget-container\">\n\t\t\t\t\t\t\t\t\t<p><b>Data de vig\u00eancia:<\/b><span style=\"font-weight: 400;\"> 4 de abril de 2025 <\/span><\/p>\t\t\t\t\t\t\t\t<\/div>\n\t\t\t\t<\/div>\n\t\t\t\t<div class=\"elementor-element elementor-element-add224d elementor-widget elementor-widget-heading\" data-id=\"add224d\" data-element_type=\"widget\" data-e-type=\"widget\" data-widget_type=\"heading.default\">\n\t\t\t\t<div class=\"elementor-widget-container\">\n\t\t\t\t\t<h2 class=\"elementor-heading-title elementor-size-default\">1. Introdu\u00e7\u00e3o<\/h2>\t\t\t\t<\/div>\n\t\t\t\t<\/div>\n\t\t\t\t<div class=\"elementor-element elementor-element-06d1946 elementor-widget elementor-widget-text-editor\" data-id=\"06d1946\" data-element_type=\"widget\" data-e-type=\"widget\" data-widget_type=\"text-editor.default\">\n\t\t\t\t<div class=\"elementor-widget-container\">\n\t\t\t\t\t\t\t\t\t<p data-start=\"293\" data-end=\"668\">A Gravity Villas (\u201cn\u00f3s\u201d, \u201cnosso\u201d ou \u201cnos\u201d) valoriza a sua privacidade e est\u00e1 comprometida em proteger as informa\u00e7\u00f5es pessoais dos nossos h\u00f3spedes, propriet\u00e1rios e visitantes do site. Este <strong data-start=\"466\" data-end=\"499\">Pol\u00edtica de Privacidade da Gravity Villas<\/strong> explica como coletamos, usamos, divulgamos e protegemos suas informa\u00e7\u00f5es quando voc\u00ea visita nosso site <a class=\"decorated-link\" href=\"https:\/\/gravitybali.com\/pt\/?utm_source=chatgpt.com\" target=\"_new\" rel=\"noopener\" data-start=\"598\" data-end=\"644\">www.gravitybali.com<\/a> e utilize nossos servi\u00e7os.<\/p><p data-start=\"670\" data-end=\"804\">Ao utilizar nosso site, voc\u00ea concorda com os termos desta Pol\u00edtica de Privacidade. Caso n\u00e3o concorde, por favor, n\u00e3o utilize nosso site ou nossos servi\u00e7os.<\/p><p data-start=\"806\" data-end=\"926\">Voc\u00ea tamb\u00e9m pode aprender mais sobre nossas propriedades visitando <a class=\"decorated-link\" href=\"https:\/\/gravitybali.com\/pt\/nossas-vilas\/?utm_source=chatgpt.com\" target=\"_new\" rel=\"noopener\" data-start=\"863\" data-end=\"923\">Nossas vilas em Bali<\/a><\/p>\t\t\t\t\t\t\t\t<\/div>\n\t\t\t\t<\/div>\n\t\t\t\t<div class=\"elementor-element elementor-element-ab8f6f5 elementor-widget elementor-widget-heading\" data-id=\"ab8f6f5\" data-element_type=\"widget\" data-e-type=\"widget\" data-widget_type=\"heading.default\">\n\t\t\t\t<div class=\"elementor-widget-container\">\n\t\t\t\t\t<h2 class=\"elementor-heading-title elementor-size-default\">2. Informa\u00e7\u00f5es que coletamos<\/h2>\t\t\t\t<\/div>\n\t\t\t\t<\/div>\n\t\t\t\t<div class=\"elementor-element elementor-element-2bc1311 elementor-widget elementor-widget-text-editor\" data-id=\"2bc1311\" data-element_type=\"widget\" data-e-type=\"widget\" data-widget_type=\"text-editor.default\">\n\t\t\t\t<div class=\"elementor-widget-container\">\n\t\t\t\t\t\t\t\t\t<p><span style=\"font-weight: 400;\">Coletamos os seguintes tipos de informa\u00e7\u00f5es:<\/span><\/p><h3><b>2.1 Informa\u00e7\u00f5es pessoais<\/b><\/h3><p><span style=\"font-weight: 400;\">Quando voc\u00ea interage conosco, podemos coletar informa\u00e7\u00f5es pessoais, incluindo, mas n\u00e3o se limitando a:<\/span><\/p><ul><li style=\"font-weight: 400;\" aria-level=\"1\"><span style=\"font-weight: 400;\">Nome, endere\u00e7o de e-mail, n\u00famero de telefone<\/span><\/li><li style=\"font-weight: 400;\" aria-level=\"1\"><span style=\"font-weight: 400;\">Detalhes de faturamento e pagamento<\/span><\/li><li style=\"font-weight: 400;\" aria-level=\"1\"><span style=\"font-weight: 400;\">Detalhes de reserva e reserva<\/span><\/li><li style=\"font-weight: 400;\" aria-level=\"1\"><span style=\"font-weight: 400;\">Prefer\u00eancias de comunica\u00e7\u00e3o<\/span><\/li><li style=\"font-weight: 400;\" aria-level=\"1\"><span style=\"font-weight: 400;\">Qualquer outra informa\u00e7\u00e3o que voc\u00ea fornecer voluntariamente<\/span><\/li><\/ul><h3><b>2.2 Informa\u00e7\u00f5es n\u00e3o pessoais<\/b><\/h3><p><span style=\"font-weight: 400;\">Tamb\u00e9m podemos coletar informa\u00e7\u00f5es n\u00e3o pessoais, como:<\/span><\/p><ul><li style=\"font-weight: 400;\" aria-level=\"1\"><span style=\"font-weight: 400;\">Endere\u00e7os IP<\/span><\/li><li style=\"font-weight: 400;\" aria-level=\"1\"><span style=\"font-weight: 400;\">Tipo de navegador e informa\u00e7\u00f5es do dispositivo<\/span><\/li><\/ul><p><span style=\"font-weight: 400;\">Cookies e dados de uso (consulte <\/span><b>Cookies e tecnologias de rastreamento<\/b><span style=\"font-weight: 400;\">)<\/span><\/p>\t\t\t\t\t\t\t\t<\/div>\n\t\t\t\t<\/div>\n\t\t\t\t<div class=\"elementor-element elementor-element-ae75a27 elementor-widget elementor-widget-heading\" data-id=\"ae75a27\" data-element_type=\"widget\" data-e-type=\"widget\" data-widget_type=\"heading.default\">\n\t\t\t\t<div class=\"elementor-widget-container\">\n\t\t\t\t\t<h2 class=\"elementor-heading-title elementor-size-default\">3. Como usamos suas informa\u00e7\u00f5es<\/h2>\t\t\t\t<\/div>\n\t\t\t\t<\/div>\n\t\t\t\t<div class=\"elementor-element elementor-element-95bf5dc elementor-widget elementor-widget-text-editor\" data-id=\"95bf5dc\" data-element_type=\"widget\" data-e-type=\"widget\" data-widget_type=\"text-editor.default\">\n\t\t\t\t<div class=\"elementor-widget-container\">\n\t\t\t\t\t\t\t\t\t<p><span style=\"font-weight: 400;\">Usamos suas informa\u00e7\u00f5es para:<\/span><\/p><ul><li style=\"font-weight: 400;\" aria-level=\"1\"><span style=\"font-weight: 400;\">Fornece servi\u00e7os de aluguel e administra\u00e7\u00e3o de vilas<\/span><span style=\"font-weight: 400;\"><br \/><\/span><\/li><li style=\"font-weight: 400;\" aria-level=\"1\"><span style=\"font-weight: 400;\">Processar reservas e pagamentos<\/span><span style=\"font-weight: 400;\"><br \/><\/span><\/li><li style=\"font-weight: 400;\" aria-level=\"1\"><span style=\"font-weight: 400;\">Melhore nosso site e servi\u00e7os<\/span><span style=\"font-weight: 400;\"><br \/><\/span><\/li><li style=\"font-weight: 400;\" aria-level=\"1\"><span style=\"font-weight: 400;\">Envie atualiza\u00e7\u00f5es importantes ou conte\u00fado promocional<\/span><span style=\"font-weight: 400;\"><br \/><\/span><\/li><li style=\"font-weight: 400;\" aria-level=\"1\"><span style=\"font-weight: 400;\">Cumprir com obriga\u00e7\u00f5es legais<\/span><\/li><\/ul>\t\t\t\t\t\t\t\t<\/div>\n\t\t\t\t<\/div>\n\t\t\t\t<div class=\"elementor-element elementor-element-59ec189 elementor-widget elementor-widget-heading\" data-id=\"59ec189\" data-element_type=\"widget\" data-e-type=\"widget\" data-widget_type=\"heading.default\">\n\t\t\t\t<div class=\"elementor-widget-container\">\n\t\t\t\t\t<h2 class=\"elementor-heading-title elementor-size-default\">4. Compartilhamento e divulga\u00e7\u00e3o de informa\u00e7\u00f5es<\/h2>\t\t\t\t<\/div>\n\t\t\t\t<\/div>\n\t\t\t\t<div class=\"elementor-element elementor-element-cb13553 elementor-widget elementor-widget-text-editor\" data-id=\"cb13553\" data-element_type=\"widget\" data-e-type=\"widget\" data-widget_type=\"text-editor.default\">\n\t\t\t\t<div class=\"elementor-widget-container\">\n\t\t\t\t\t\t\t\t\t<p><span style=\"font-weight: 400;\">N\u00e3o vendemos, alugamos ou comercializamos seus dados pessoais. No entanto, podemos compartilhar suas informa\u00e7\u00f5es com:<\/span><\/p><ul><li style=\"font-weight: 400;\" aria-level=\"1\"><b>Prestadores de servi\u00e7os e parceiros<\/b><span style=\"font-weight: 400;\">: Terceiros, como processadores de pagamento, equipes de manuten\u00e7\u00e3o ou ag\u00eancias de marketing que nos ajudam a operar nossos neg\u00f3cios.<\/span><span style=\"font-weight: 400;\"><br \/><\/span><\/li><li style=\"font-weight: 400;\" aria-level=\"1\"><b>Autoridades Legais<\/b><span style=\"font-weight: 400;\">:Quando exigido por lei ou para proteger nossos direitos e seguran\u00e7a.<\/span><\/li><li style=\"font-weight: 400;\" aria-level=\"1\"><span style=\"font-weight: 400;\"><b>Propriet\u00e1rios de im\u00f3veis<\/b>:Se necess\u00e1rio para fins de gerenciamento e reserva da vila.<\/span><\/li><\/ul>\t\t\t\t\t\t\t\t<\/div>\n\t\t\t\t<\/div>\n\t\t\t\t<div class=\"elementor-element elementor-element-244bf85 elementor-widget elementor-widget-heading\" data-id=\"244bf85\" data-element_type=\"widget\" data-e-type=\"widget\" data-widget_type=\"heading.default\">\n\t\t\t\t<div class=\"elementor-widget-container\">\n\t\t\t\t\t<h2 class=\"elementor-heading-title elementor-size-default\">5. Seguran\u00e7a de dados<\/h2>\t\t\t\t<\/div>\n\t\t\t\t<\/div>\n\t\t\t\t<div class=\"elementor-element elementor-element-34daaf5 elementor-widget elementor-widget-text-editor\" data-id=\"34daaf5\" data-element_type=\"widget\" data-e-type=\"widget\" data-widget_type=\"text-editor.default\">\n\t\t\t\t<div class=\"elementor-widget-container\">\n\t\t\t\t\t\t\t\t\t<p><span style=\"font-weight: 400;\">Implementamos medidas de seguran\u00e7a padr\u00e3o do setor para proteger suas informa\u00e7\u00f5es contra acesso n\u00e3o autorizado, perda, uso indevido ou altera\u00e7\u00e3o. No entanto, nenhuma transmiss\u00e3o de dados pela internet \u00e9 100% segura e n\u00e3o podemos garantir seguran\u00e7a absoluta.<\/span><\/p>\t\t\t\t\t\t\t\t<\/div>\n\t\t\t\t<\/div>\n\t\t\t\t<div class=\"elementor-element elementor-element-1421925 elementor-widget elementor-widget-heading\" data-id=\"1421925\" data-element_type=\"widget\" data-e-type=\"widget\" data-widget_type=\"heading.default\">\n\t\t\t\t<div class=\"elementor-widget-container\">\n\t\t\t\t\t<h2 class=\"elementor-heading-title elementor-size-default\">6. Cookies e tecnologias de rastreamento<\/h2>\t\t\t\t<\/div>\n\t\t\t\t<\/div>\n\t\t\t\t<div class=\"elementor-element elementor-element-24f67ec elementor-widget elementor-widget-text-editor\" data-id=\"24f67ec\" data-element_type=\"widget\" data-e-type=\"widget\" data-widget_type=\"text-editor.default\">\n\t\t\t\t<div class=\"elementor-widget-container\">\n\t\t\t\t\t\t\t\t\t<p><span style=\"font-weight: 400;\">Utilizamos cookies e tecnologias de rastreamento semelhantes para aprimorar sua experi\u00eancia de navega\u00e7\u00e3o. Voc\u00ea pode gerenciar as prefer\u00eancias de cookies nas configura\u00e7\u00f5es do seu navegador.<\/span><\/p>\t\t\t\t\t\t\t\t<\/div>\n\t\t\t\t<\/div>\n\t\t\t\t<div class=\"elementor-element elementor-element-c850dbb elementor-widget elementor-widget-heading\" data-id=\"c850dbb\" data-element_type=\"widget\" data-e-type=\"widget\" data-widget_type=\"heading.default\">\n\t\t\t\t<div class=\"elementor-widget-container\">\n\t\t\t\t\t<h2 class=\"elementor-heading-title elementor-size-default\">7. Seus direitos e escolhas<\/h2>\t\t\t\t<\/div>\n\t\t\t\t<\/div>\n\t\t\t\t<div class=\"elementor-element elementor-element-45ea42d elementor-widget elementor-widget-text-editor\" data-id=\"45ea42d\" data-element_type=\"widget\" data-e-type=\"widget\" data-widget_type=\"text-editor.default\">\n\t\t\t\t<div class=\"elementor-widget-container\">\n\t\t\t\t\t\t\t\t\t<p><span style=\"font-weight: 400;\">Dependendo da sua localiza\u00e7\u00e3o, voc\u00ea pode ter direitos em rela\u00e7\u00e3o \u00e0s suas informa\u00e7\u00f5es pessoais, incluindo:<\/span><\/p><ul><li style=\"font-weight: 400;\" aria-level=\"1\"><b>Acesso e Corre\u00e7\u00e3o<\/b><span style=\"font-weight: 400;\">: Voc\u00ea pode solicitar acesso ou corre\u00e7\u00e3o dos seus dados.<\/span><span style=\"font-weight: 400;\"><br \/><\/span><\/li><li style=\"font-weight: 400;\" aria-level=\"1\"><b>Excluir<\/b><span style=\"font-weight: 400;\">: Voc\u00ea pode cancelar a assinatura das comunica\u00e7\u00f5es de marketing a qualquer momento.<\/span><\/li><li style=\"font-weight: 400;\" aria-level=\"1\"><span style=\"font-weight: 400;\"><b>Solicita\u00e7\u00f5es de exclus\u00e3o<\/b>:Em determinadas circunst\u00e2ncias, voc\u00ea pode solicitar a exclus\u00e3o de dados.<\/span><\/li><\/ul>\t\t\t\t\t\t\t\t<\/div>\n\t\t\t\t<\/div>\n\t\t\t\t<div class=\"elementor-element elementor-element-86b2937 elementor-widget elementor-widget-heading\" data-id=\"86b2937\" data-element_type=\"widget\" data-e-type=\"widget\" data-widget_type=\"heading.default\">\n\t\t\t\t<div class=\"elementor-widget-container\">\n\t\t\t\t\t<h2 class=\"elementor-heading-title elementor-size-default\">8. Links de terceiros<\/h2>\t\t\t\t<\/div>\n\t\t\t\t<\/div>\n\t\t\t\t<div class=\"elementor-element elementor-element-25e387b elementor-widget elementor-widget-text-editor\" data-id=\"25e387b\" data-element_type=\"widget\" data-e-type=\"widget\" data-widget_type=\"text-editor.default\">\n\t\t\t\t<div class=\"elementor-widget-container\">\n\t\t\t\t\t\t\t\t\t<p><span style=\"font-weight: 400;\">Nosso site pode conter links para sites de terceiros. N\u00e3o nos responsabilizamos pelas pr\u00e1ticas de privacidade desses sites e recomendamos que voc\u00ea consulte as pol\u00edticas deles.<\/span><\/p>\t\t\t\t\t\t\t\t<\/div>\n\t\t\t\t<\/div>\n\t\t\t\t<div class=\"elementor-element elementor-element-4364e73 elementor-widget elementor-widget-heading\" data-id=\"4364e73\" data-element_type=\"widget\" data-e-type=\"widget\" data-widget_type=\"heading.default\">\n\t\t\t\t<div class=\"elementor-widget-container\">\n\t\t\t\t\t<h2 class=\"elementor-heading-title elementor-size-default\">9. Atualiza\u00e7\u00f5es de pol\u00edticas<\/h2>\t\t\t\t<\/div>\n\t\t\t\t<\/div>\n\t\t\t\t<div class=\"elementor-element elementor-element-56dcf91 elementor-widget elementor-widget-text-editor\" data-id=\"56dcf91\" data-element_type=\"widget\" data-e-type=\"widget\" data-widget_type=\"text-editor.default\">\n\t\t\t\t<div class=\"elementor-widget-container\">\n\t\t\t\t\t\t\t\t\t<p>Podemos atualizar esta Pol\u00edtica de Privacidade da Gravity Villas<strong> Pol\u00edtica<\/strong> de tempos em tempos. Quaisquer altera\u00e7\u00f5es ser\u00e3o publicadas nesta p\u00e1gina com uma data de vig\u00eancia revisada.<\/p>\t\t\t\t\t\t\t\t<\/div>\n\t\t\t\t<\/div>\n\t\t\t\t<div class=\"elementor-element elementor-element-3cc7d6a elementor-widget elementor-widget-heading\" data-id=\"3cc7d6a\" data-element_type=\"widget\" data-e-type=\"widget\" data-widget_type=\"heading.default\">\n\t\t\t\t<div class=\"elementor-widget-container\">\n\t\t\t\t\t<h2 class=\"elementor-heading-title elementor-size-default\">10. Contate-nos<\/h2>\t\t\t\t<\/div>\n\t\t\t\t<\/div>\n\t\t\t\t<div class=\"elementor-element elementor-element-d254b1f elementor-widget elementor-widget-text-editor\" data-id=\"d254b1f\" data-element_type=\"widget\" data-e-type=\"widget\" data-widget_type=\"text-editor.default\">\n\t\t\t\t<div class=\"elementor-widget-container\">\n\t\t\t\t\t\t\t\t\t<p><span style=\"font-weight: 400;\">Para qualquer d\u00favida relacionada \u00e0 privacidade, entre em contato conosco em:<\/span><span style=\"font-weight: 400;\"><br \/><\/span><span style=\"font-weight: 400;\"> \ud83d\udce7 E-mail: <\/span><a href=\"mailto:contact@gravitybali.com\"><span style=\"font-weight: 400;\">contact@gravitybali.com<\/span><\/a><\/p><p>\u00a0<\/p><p>Ou retornar para o <a class=\"decorated-link\" href=\"https:\/\/gravitybali.com\/pt\/?utm_source=chatgpt.com\" target=\"_new\" rel=\"noopener\" data-start=\"3579\" data-end=\"3629\">P\u00e1gina inicial da Gravity Villas<\/a> para continuar navegando.<\/p>\t\t\t\t\t\t\t\t<\/div>\n\t\t\t\t<\/div>\n\t\t\t\t\t<\/div>\n\t\t\t\t<\/div>\n\t\t\t\t<\/div>","protected":false},"excerpt":{"rendered":"<p>Privacy Policy Effective Date: 4th April 2025 1. Introduction Gravity Villas (\u201cwe,\u201d \u201cour,\u201d or \u201cus\u201d) values your privacy and is committed to protecting the personal information of our guests, property owners, and website visitors. This Gravity Villas Privacy Policy explains how we collect, use, disclose, and safeguard your information when you visit our website www.gravitybali.com [&hellip;]<\/p>\n","protected":false},"author":1,"featured_media":0,"parent":0,"menu_order":0,"comment_status":"closed","ping_status":"closed","template":"elementor_header_footer","meta":{"_acf_changed":false,"footnotes":""},"class_list":["post-1727","page","type-page","status-publish","hentry"],"acf":[],"yoast_head":"<!-- This site is optimized with the Yoast SEO Premium plugin v26.5 (Yoast SEO v27.5) - https:\/\/yoast.com\/product\/yoast-seo-premium-wordpress\/ -->\n<title>Privacy Policy | Gravity Villas Bali<\/title>\n<meta name=\"description\" content=\"Read Gravity Villas Privacy Policy to understand how we collect, and protect your personal information when staying at our villas in Bali.\" \/>\n<meta name=\"robots\" content=\"index, follow, max-snippet:-1, max-image-preview:large, max-video-preview:-1\" \/>\n<link rel=\"canonical\" href=\"https:\/\/gravitybali.com\/pt\/politica-de-privacidade\/\" \/>\n<meta property=\"og:locale\" content=\"pt_BR\" \/>\n<meta property=\"og:type\" content=\"article\" \/>\n<meta property=\"og:title\" content=\"Privacy Policy\" \/>\n<meta property=\"og:description\" content=\"Read Gravity Villas Privacy Policy to understand how we collect, and protect your personal information when staying at our villas in Bali.\" \/>\n<meta property=\"og:url\" content=\"https:\/\/gravitybali.com\/pt\/politica-de-privacidade\/\" \/>\n<meta property=\"og:site_name\" content=\"Gravity Bali\" \/>\n<meta property=\"article:modified_time\" content=\"2025-11-23T06:43:31+00:00\" \/>\n<meta property=\"og:image\" content=\"https:\/\/gravitybali.com\/wp-content\/uploads\/2025\/03\/cropped-GRAVITY-2.png\" \/>\n\t<meta property=\"og:image:width\" content=\"512\" \/>\n\t<meta property=\"og:image:height\" content=\"512\" \/>\n\t<meta property=\"og:image:type\" content=\"image\/png\" \/>\n<meta name=\"twitter:card\" content=\"summary_large_image\" \/>\n<meta name=\"twitter:label1\" content=\"Est. tempo de leitura\" \/>\n\t<meta name=\"twitter:data1\" content=\"3 minutos\" \/>\n<script type=\"application\/ld+json\" class=\"yoast-schema-graph\">{\"@context\":\"https:\\\/\\\/schema.org\",\"@graph\":[{\"@type\":\"WebPage\",\"@id\":\"https:\\\/\\\/gravitybali.com\\\/privacy-policy\\\/\",\"url\":\"https:\\\/\\\/gravitybali.com\\\/privacy-policy\\\/\",\"name\":\"Privacy Policy | Gravity Villas Bali\",\"isPartOf\":{\"@id\":\"https:\\\/\\\/gravitybali.com\\\/tr\\\/#website\"},\"datePublished\":\"2025-04-04T06:10:18+00:00\",\"dateModified\":\"2025-11-23T06:43:31+00:00\",\"description\":\"Read Gravity Villas Privacy Policy to understand how we collect, and protect your personal information when staying at our villas in Bali.\",\"breadcrumb\":{\"@id\":\"https:\\\/\\\/gravitybali.com\\\/privacy-policy\\\/#breadcrumb\"},\"inLanguage\":\"pt-BR\",\"potentialAction\":[{\"@type\":\"ReadAction\",\"target\":[\"https:\\\/\\\/gravitybali.com\\\/privacy-policy\\\/\"]}]},{\"@type\":\"BreadcrumbList\",\"@id\":\"https:\\\/\\\/gravitybali.com\\\/privacy-policy\\\/#breadcrumb\",\"itemListElement\":[{\"@type\":\"ListItem\",\"position\":1,\"name\":\"Home\",\"item\":\"https:\\\/\\\/gravitybali.com\\\/en\\\/\"},{\"@type\":\"ListItem\",\"position\":2,\"name\":\"Privacy Policy\"}]},{\"@type\":\"WebSite\",\"@id\":\"https:\\\/\\\/gravitybali.com\\\/tr\\\/#website\",\"url\":\"https:\\\/\\\/gravitybali.com\\\/tr\\\/\",\"name\":\"Gravity Bali\",\"description\":\"Bali Villa Management,\\u2028Marketing &amp; Investment\",\"publisher\":{\"@id\":\"https:\\\/\\\/gravitybali.com\\\/tr\\\/#organization\"},\"potentialAction\":[{\"@type\":\"SearchAction\",\"target\":{\"@type\":\"EntryPoint\",\"urlTemplate\":\"https:\\\/\\\/gravitybali.com\\\/tr\\\/?s={search_term_string}\"},\"query-input\":{\"@type\":\"PropertyValueSpecification\",\"valueRequired\":true,\"valueName\":\"search_term_string\"}}],\"inLanguage\":\"pt-BR\"},{\"@type\":\"Organization\",\"@id\":\"https:\\\/\\\/gravitybali.com\\\/tr\\\/#organization\",\"name\":\"Gravity Bali\",\"url\":\"https:\\\/\\\/gravitybali.com\\\/tr\\\/\",\"logo\":{\"@type\":\"ImageObject\",\"inLanguage\":\"pt-BR\",\"@id\":\"https:\\\/\\\/gravitybali.com\\\/tr\\\/#\\\/schema\\\/logo\\\/image\\\/\",\"url\":\"https:\\\/\\\/gravitybali.com\\\/wp-content\\\/uploads\\\/2025\\\/03\\\/cropped-GRAVITY-2.png\",\"contentUrl\":\"https:\\\/\\\/gravitybali.com\\\/wp-content\\\/uploads\\\/2025\\\/03\\\/cropped-GRAVITY-2.png\",\"width\":512,\"height\":512,\"caption\":\"Gravity Bali\"},\"image\":{\"@id\":\"https:\\\/\\\/gravitybali.com\\\/tr\\\/#\\\/schema\\\/logo\\\/image\\\/\"}}]}<\/script>\n<!-- \/ Yoast SEO Premium plugin. -->","yoast_head_json":{"title":"Pol\u00edtica de Privacidade | Gravity Villas Bali","description":"Leia a Pol\u00edtica de Privacidade da Gravity Villas para entender como coletamos e protegemos suas informa\u00e7\u00f5es pessoais quando voc\u00ea se hospeda em nossas vilas em Bali.","robots":{"index":"index","follow":"follow","max-snippet":"max-snippet:-1","max-image-preview":"max-image-preview:large","max-video-preview":"max-video-preview:-1"},"canonical":"https:\/\/gravitybali.com\/pt\/politica-de-privacidade\/","og_locale":"pt_BR","og_type":"article","og_title":"Privacy Policy","og_description":"Read Gravity Villas Privacy Policy to understand how we collect, and protect your personal information when staying at our villas in Bali.","og_url":"https:\/\/gravitybali.com\/pt\/politica-de-privacidade\/","og_site_name":"Gravity Bali","article_modified_time":"2025-11-23T06:43:31+00:00","og_image":[{"width":512,"height":512,"url":"https:\/\/gravitybali.com\/wp-content\/uploads\/2025\/03\/cropped-GRAVITY-2.png","type":"image\/png"}],"twitter_card":"summary_large_image","twitter_misc":{"Est. tempo de leitura":"3 minutos"},"schema":{"@context":"https:\/\/schema.org","@graph":[{"@type":"WebPage","@id":"https:\/\/gravitybali.com\/privacy-policy\/","url":"https:\/\/gravitybali.com\/privacy-policy\/","name":"Pol\u00edtica de Privacidade | Gravity Villas Bali","isPartOf":{"@id":"https:\/\/gravitybali.com\/tr\/#website"},"datePublished":"2025-04-04T06:10:18+00:00","dateModified":"2025-11-23T06:43:31+00:00","description":"Leia a Pol\u00edtica de Privacidade da Gravity Villas para entender como coletamos e protegemos suas informa\u00e7\u00f5es pessoais quando voc\u00ea se hospeda em nossas vilas em Bali.","breadcrumb":{"@id":"https:\/\/gravitybali.com\/privacy-policy\/#breadcrumb"},"inLanguage":"pt-BR","potentialAction":[{"@type":"ReadAction","target":["https:\/\/gravitybali.com\/privacy-policy\/"]}]},{"@type":"BreadcrumbList","@id":"https:\/\/gravitybali.com\/privacy-policy\/#breadcrumb","itemListElement":[{"@type":"ListItem","position":1,"name":"Home","item":"https:\/\/gravitybali.com\/en\/"},{"@type":"ListItem","position":2,"name":"Privacy Policy"}]},{"@type":"WebSite","@id":"https:\/\/gravitybali.com\/tr\/#website","url":"https:\/\/gravitybali.com\/tr\/","name":"Gravidade Bali","description":"Gest\u00e3o, Marketing e Investimento de Villas em Bali","publisher":{"@id":"https:\/\/gravitybali.com\/tr\/#organization"},"potentialAction":[{"@type":"SearchAction","target":{"@type":"EntryPoint","urlTemplate":"https:\/\/gravitybali.com\/tr\/?s={search_term_string}"},"query-input":{"@type":"PropertyValueSpecification","valueRequired":true,"valueName":"search_term_string"}}],"inLanguage":"pt-BR"},{"@type":"Organization","@id":"https:\/\/gravitybali.com\/tr\/#organization","name":"Gravidade Bali","url":"https:\/\/gravitybali.com\/tr\/","logo":{"@type":"ImageObject","inLanguage":"pt-BR","@id":"https:\/\/gravitybali.com\/tr\/#\/schema\/logo\/image\/","url":"https:\/\/gravitybali.com\/wp-content\/uploads\/2025\/03\/cropped-GRAVITY-2.png","contentUrl":"https:\/\/gravitybali.com\/wp-content\/uploads\/2025\/03\/cropped-GRAVITY-2.png","width":512,"height":512,"caption":"Gravity Bali"},"image":{"@id":"https:\/\/gravitybali.com\/tr\/#\/schema\/logo\/image\/"}}]}},"_links":{"self":[{"href":"https:\/\/gravitybali.com\/pt\/wp-json\/wp\/v2\/pages\/1727","targetHints":{"allow":["GET"]}}],"collection":[{"href":"https:\/\/gravitybali.com\/pt\/wp-json\/wp\/v2\/pages"}],"about":[{"href":"https:\/\/gravitybali.com\/pt\/wp-json\/wp\/v2\/types\/page"}],"author":[{"embeddable":true,"href":"https:\/\/gravitybali.com\/pt\/wp-json\/wp\/v2\/users\/1"}],"replies":[{"embeddable":true,"href":"https:\/\/gravitybali.com\/pt\/wp-json\/wp\/v2\/comments?post=1727"}],"version-history":[{"count":35,"href":"https:\/\/gravitybali.com\/pt\/wp-json\/wp\/v2\/pages\/1727\/revisions"}],"predecessor-version":[{"id":8241,"href":"https:\/\/gravitybali.com\/pt\/wp-json\/wp\/v2\/pages\/1727\/revisions\/8241"}],"wp:attachment":[{"href":"https:\/\/gravitybali.com\/pt\/wp-json\/wp\/v2\/media?parent=1727"}],"curies":[{"name":"wp","href":"https:\/\/api.w.org\/{rel}","templated":true}]}}