{"id":1841,"date":"2025-04-04T09:04:26","date_gmt":"2025-04-04T09:04:26","guid":{"rendered":"https:\/\/gravitybali.com\/?page_id=1841"},"modified":"2025-09-15T05:23:02","modified_gmt":"2025-09-15T05:23:02","slug":"conditions-de-services","status":"publish","type":"page","link":"https:\/\/gravitybali.com\/fr\/terms-services\/","title":{"rendered":"Conditions d'utilisation"},"content":{"rendered":"<div data-elementor-type=\"wp-page\" data-elementor-id=\"1841\" class=\"elementor elementor-1841\" data-elementor-post-type=\"page\">\n\t\t\t\t<div data-dce-background-color=\"#A3BFAA\" class=\"elementor-element elementor-element-51ce7c9 e-flex e-con-boxed e-con e-parent\" data-id=\"51ce7c9\" data-element_type=\"container\" data-e-type=\"container\" data-settings=\"{&quot;background_background&quot;:&quot;gradient&quot;}\">\n\t\t\t\t\t<div class=\"e-con-inner\">\n\t\t\t\t<div class=\"elementor-element elementor-element-c13bff1 elementor-widget__width-inherit elementor-invisible elementor-widget elementor-widget-heading\" data-id=\"c13bff1\" data-element_type=\"widget\" data-e-type=\"widget\" data-settings=\"{&quot;_animation&quot;:&quot;fadeInUp&quot;,&quot;_animation_delay&quot;:200}\" data-widget_type=\"heading.default\">\n\t\t\t\t<div class=\"elementor-widget-container\">\n\t\t\t\t\t<h1 class=\"elementor-heading-title elementor-size-default\">Conditions d'utilisation<\/h1>\t\t\t\t<\/div>\n\t\t\t\t<\/div>\n\t\t\t\t\t<\/div>\n\t\t\t\t<\/div>\n\t\t<div data-dce-background-color=\"#FFFFFF\" class=\"elementor-element elementor-element-aab0ea1 e-flex e-con-boxed e-con e-parent\" data-id=\"aab0ea1\" data-element_type=\"container\" data-e-type=\"container\" data-settings=\"{&quot;background_background&quot;:&quot;classic&quot;}\">\n\t\t\t\t\t<div class=\"e-con-inner\">\n\t\t\t\t<div class=\"elementor-element elementor-element-1a498da elementor-widget elementor-widget-text-editor\" data-id=\"1a498da\" data-element_type=\"widget\" data-e-type=\"widget\" data-widget_type=\"text-editor.default\">\n\t\t\t\t<div class=\"elementor-widget-container\">\n\t\t\t\t\t\t\t\t\t<p><b>Date d'entr\u00e9e en vigueur :<\/b><span style=\"font-weight: 400;\"> 4 avril 2025<br \/><\/span><b>Site web :<\/b><span style=\"font-weight: 400;\"> www.gravitybali.com<\/span><\/p>\t\t\t\t\t\t\t\t<\/div>\n\t\t\t\t<\/div>\n\t\t\t\t<div class=\"elementor-element elementor-element-b7697a0 elementor-widget elementor-widget-heading\" data-id=\"b7697a0\" data-element_type=\"widget\" data-e-type=\"widget\" data-widget_type=\"heading.default\">\n\t\t\t\t<div class=\"elementor-widget-container\">\n\t\t\t\t\t<h2 class=\"elementor-heading-title elementor-size-default\">1. Introduction<\/h2>\t\t\t\t<\/div>\n\t\t\t\t<\/div>\n\t\t\t\t<div class=\"elementor-element elementor-element-9c63ac6 elementor-widget elementor-widget-text-editor\" data-id=\"9c63ac6\" data-element_type=\"widget\" data-e-type=\"widget\" data-widget_type=\"text-editor.default\">\n\t\t\t\t<div class=\"elementor-widget-container\">\n\t\t\t\t\t\t\t\t\t<p>Bienvenue chez Gravity Bali (\u00ab\u00a0Soci\u00e9t\u00e9\u00a0\u00bb, \u00ab\u00a0nous\u00a0\u00bb, \u00ab\u00a0notre\u00a0\u00bb ou \u00ab\u00a0nos\u00a0\u00bb). En acc\u00e9dant \u00e0 notre site web et \u00e0 nos services ou en les utilisant, vous (\u00ab\u00a0Utilisateur\u00a0\u00bb, \u00ab\u00a0Invit\u00e9\u00a0\u00bb, \u00ab\u00a0Propri\u00e9taire\u00a0\u00bb) acceptez les pr\u00e9sentes Conditions d&#039;utilisation (les \u00ab\u00a0Conditions\u00a0\u00bb). En cas de d\u00e9saccord, veuillez cesser d&#039;utiliser notre site web ou nos services.<\/p>\t\t\t\t\t\t\t\t<\/div>\n\t\t\t\t<\/div>\n\t\t\t\t<div class=\"elementor-element elementor-element-acbc0d0 elementor-widget elementor-widget-heading\" data-id=\"acbc0d0\" data-element_type=\"widget\" data-e-type=\"widget\" data-widget_type=\"heading.default\">\n\t\t\t\t<div class=\"elementor-widget-container\">\n\t\t\t\t\t<h2 class=\"elementor-heading-title elementor-size-default\">2. Services fournis<\/h2>\t\t\t\t<\/div>\n\t\t\t\t<\/div>\n\t\t\t\t<div class=\"elementor-element elementor-element-8b98717 elementor-widget elementor-widget-text-editor\" data-id=\"8b98717\" data-element_type=\"widget\" data-e-type=\"widget\" data-widget_type=\"text-editor.default\">\n\t\t\t\t<div class=\"elementor-widget-container\">\n\t\t\t\t\t\t\t\t\t<p>Gravity Bali est sp\u00e9cialis\u00e9 dans <strong>gestion de villas, services d&#039;accueil et services de conciergerie<\/strong> \u00c0 Bali. Sur notre site web, vous pouvez explorer les villas disponibles, d\u00e9couvrir les solutions de gestion immobili\u00e8re et d\u00e9couvrir des services suppl\u00e9mentaires pour la location de villas \u00e0 court ou \u00e0 long terme.<\/p>\t\t\t\t\t\t\t\t<\/div>\n\t\t\t\t<\/div>\n\t\t\t\t<div class=\"elementor-element elementor-element-bd39153 elementor-widget elementor-widget-heading\" data-id=\"bd39153\" data-element_type=\"widget\" data-e-type=\"widget\" data-widget_type=\"heading.default\">\n\t\t\t\t<div class=\"elementor-widget-container\">\n\t\t\t\t\t<h2 class=\"elementor-heading-title elementor-size-default\">3. R\u00e9servation et paiement<\/h2>\t\t\t\t<\/div>\n\t\t\t\t<\/div>\n\t\t\t\t<div class=\"elementor-element elementor-element-0298206 elementor-widget elementor-widget-text-editor\" data-id=\"0298206\" data-element_type=\"widget\" data-e-type=\"widget\" data-widget_type=\"text-editor.default\">\n\t\t\t\t<div class=\"elementor-widget-container\">\n\t\t\t\t\t\t\t\t\t<ul><li style=\"font-weight: 400;\" aria-level=\"1\">Toutes les r\u00e9servations de villa doivent \u00eatre confirm\u00e9es soit via une agence de voyages en ligne (OTA), soit directement aupr\u00e8s de notre direction.<\/li><li style=\"font-weight: 400;\" aria-level=\"1\">De plus, les conditions de paiement sont conformes aux politiques des agences de voyages en ligne ou aux accords de r\u00e9servation directe. Des services suppl\u00e9mentaires, comme l&#039;assistance conciergerie, sont disponibles sous r\u00e9serve de disponibilit\u00e9 et peuvent entra\u00eener des frais suppl\u00e9mentaires.<\/li><li style=\"font-weight: 400;\" aria-level=\"1\">Les clients doivent suivre le contrat de location sp\u00e9cifique de chaque villa et le r\u00e8glement int\u00e9rieur, que vous signez en ligne via notre gestionnaire de canaux.<\/li><\/ul>\t\t\t\t\t\t\t\t<\/div>\n\t\t\t\t<\/div>\n\t\t\t\t<div class=\"elementor-element elementor-element-a074e83 elementor-widget elementor-widget-heading\" data-id=\"a074e83\" data-element_type=\"widget\" data-e-type=\"widget\" data-widget_type=\"heading.default\">\n\t\t\t\t<div class=\"elementor-widget-container\">\n\t\t\t\t\t<h2 class=\"elementor-heading-title elementor-size-default\">4. Annulation et remboursement<\/h2>\t\t\t\t<\/div>\n\t\t\t\t<\/div>\n\t\t\t\t<div class=\"elementor-element elementor-element-67b19b8 elementor-widget elementor-widget-text-editor\" data-id=\"67b19b8\" data-element_type=\"widget\" data-e-type=\"widget\" data-widget_type=\"text-editor.default\">\n\t\t\t\t<div class=\"elementor-widget-container\">\n\t\t\t\t\t\t\t\t\t<ul><li style=\"font-weight: 400;\" aria-level=\"1\">Les politiques d&#039;annulation et de remboursement d\u00e9pendent de l&#039;OTA ou de l&#039;accord de r\u00e9servation directe.<\/li><li style=\"font-weight: 400;\" aria-level=\"1\">Toutefois, aucun remboursement n&#039;est accord\u00e9 en cas de non-pr\u00e9sentation ou de d\u00e9part anticip\u00e9, sauf indication contraire.<\/li><\/ul>\t\t\t\t\t\t\t\t<\/div>\n\t\t\t\t<\/div>\n\t\t\t\t<div class=\"elementor-element elementor-element-8e9d309 elementor-widget elementor-widget-heading\" data-id=\"8e9d309\" data-element_type=\"widget\" data-e-type=\"widget\" data-widget_type=\"heading.default\">\n\t\t\t\t<div class=\"elementor-widget-container\">\n\t\t\t\t\t<h2 class=\"elementor-heading-title elementor-size-default\">5. Responsabilit\u00e9s des invit\u00e9s<\/h2>\t\t\t\t<\/div>\n\t\t\t\t<\/div>\n\t\t\t\t<div class=\"elementor-element elementor-element-a146f09 elementor-widget elementor-widget-text-editor\" data-id=\"a146f09\" data-element_type=\"widget\" data-e-type=\"widget\" data-widget_type=\"text-editor.default\">\n\t\t\t\t<div class=\"elementor-widget-container\">\n\t\t\t\t\t\t\t\t\t<ul><li style=\"font-weight: 400;\" aria-level=\"1\">Les clients doivent respecter toutes les responsabilit\u00e9s \u00e9num\u00e9r\u00e9es dans le contrat de location apr\u00e8s la r\u00e9servation.<\/li><li style=\"font-weight: 400;\" aria-level=\"1\">Ils doivent \u00e9galement suivre les proc\u00e9dures d&#039;enregistrement et de d\u00e9part telles qu&#039;indiqu\u00e9es par le directeur de la villa.<\/li><\/ul>\t\t\t\t\t\t\t\t<\/div>\n\t\t\t\t<\/div>\n\t\t\t\t<div class=\"elementor-element elementor-element-ce1877c elementor-widget elementor-widget-heading\" data-id=\"ce1877c\" data-element_type=\"widget\" data-e-type=\"widget\" data-widget_type=\"heading.default\">\n\t\t\t\t<div class=\"elementor-widget-container\">\n\t\t\t\t\t<h2 class=\"elementor-heading-title elementor-size-default\">6. Accords avec les propri\u00e9taires<\/h2>\t\t\t\t<\/div>\n\t\t\t\t<\/div>\n\t\t\t\t<div class=\"elementor-element elementor-element-19ab02e elementor-widget elementor-widget-text-editor\" data-id=\"19ab02e\" data-element_type=\"widget\" data-e-type=\"widget\" data-widget_type=\"text-editor.default\">\n\t\t\t\t<div class=\"elementor-widget-container\">\n\t\t\t\t\t\t\t\t\t<p data-start=\"1995\" data-end=\"2081\">Pour les propri\u00e9taires en partenariat avec Gravity Bali :<\/p><ul><li data-start=\"1995\" data-end=\"2081\">Nous proposons un contrat flexible, sans minimum, avec un pr\u00e9avis de 3 mois en cas de r\u00e9siliation par l&#039;une ou l&#039;autre des parties.<\/li><li data-start=\"1995\" data-end=\"2081\">Toutes les conditions contractuelles apparaissent clairement dans l&#039;accord formel sign\u00e9 par Gravity Bali et les propri\u00e9taires de la villa.<\/li><\/ul>\t\t\t\t\t\t\t\t<\/div>\n\t\t\t\t<\/div>\n\t\t\t\t<div class=\"elementor-element elementor-element-a38550e elementor-widget elementor-widget-heading\" data-id=\"a38550e\" data-element_type=\"widget\" data-e-type=\"widget\" data-widget_type=\"heading.default\">\n\t\t\t\t<div class=\"elementor-widget-container\">\n\t\t\t\t\t<h2 class=\"elementor-heading-title elementor-size-default\">7. Responsabilit\u00e9 et clauses de non-responsabilit\u00e9<\/h2>\t\t\t\t<\/div>\n\t\t\t\t<\/div>\n\t\t\t\t<div class=\"elementor-element elementor-element-787fd78 elementor-widget elementor-widget-text-editor\" data-id=\"787fd78\" data-element_type=\"widget\" data-e-type=\"widget\" data-widget_type=\"text-editor.default\">\n\t\t\t\t<div class=\"elementor-widget-container\">\n\t\t\t\t\t\t\t\t\t<ul><li data-start=\"2347\" data-end=\"2555\"><strong data-start=\"2347\" data-end=\"2364\">S\u00e9curit\u00e9 des invit\u00e9s :<\/strong> Gravity Bali d\u00e9cline toute responsabilit\u00e9 en cas d&#039;accident, de blessure ou de perte d&#039;objets pendant le s\u00e9jour. Par cons\u00e9quent, les clients sont invit\u00e9s \u00e0 prendre leurs pr\u00e9cautions, notamment \u00e0 proximit\u00e9 des piscines et des espaces ouverts.<\/li><li data-start=\"2347\" data-end=\"2555\"><strong data-start=\"2558\" data-end=\"2581\">Services de conciergerie :<\/strong> Les services tiers r\u00e9serv\u00e9s aupr\u00e8s de notre conciergerie, tels que les transports, les massages ou les services d&#039;un chef, sont soumis \u00e0 disponibilit\u00e9. Gravity Bali d\u00e9cline toute responsabilit\u00e9 en cas de probl\u00e8me caus\u00e9 par ces prestataires.<\/li><li data-start=\"2347\" data-end=\"2555\"><strong data-start=\"2790\" data-end=\"2808\">Force Majeure :<\/strong> Gravity Bali n&#039;accepte aucune responsabilit\u00e9 pour les annulations ou interruptions caus\u00e9es par des \u00e9v\u00e9nements impr\u00e9vus, tels que des catastrophes naturelles, des pand\u00e9mies ou des restrictions gouvernementales.<\/li><\/ul>\t\t\t\t\t\t\t\t<\/div>\n\t\t\t\t<\/div>\n\t\t\t\t<div class=\"elementor-element elementor-element-4342253 elementor-widget elementor-widget-heading\" data-id=\"4342253\" data-element_type=\"widget\" data-e-type=\"widget\" data-widget_type=\"heading.default\">\n\t\t\t\t<div class=\"elementor-widget-container\">\n\t\t\t\t\t<h2 class=\"elementor-heading-title elementor-size-default\">8. Politique de protection de la vie priv\u00e9e<\/h2>\t\t\t\t<\/div>\n\t\t\t\t<\/div>\n\t\t\t\t<div class=\"elementor-element elementor-element-0b7c726 elementor-widget elementor-widget-text-editor\" data-id=\"0b7c726\" data-element_type=\"widget\" data-e-type=\"widget\" data-widget_type=\"text-editor.default\">\n\t\t\t\t<div class=\"elementor-widget-container\">\n\t\t\t\t\t\t\t\t\t<p>En utilisant notre site web et nos services, vous acceptez notre <a href=\"https:\/\/gravitybali.com\/fr\/politique-de-confidentialite\/\">Politique de confidentialit\u00e9<\/a> sur la mani\u00e8re dont nous collectons, utilisons et conservons vos donn\u00e9es.<\/p>\t\t\t\t\t\t\t\t<\/div>\n\t\t\t\t<\/div>\n\t\t\t\t<div class=\"elementor-element elementor-element-386ebce elementor-widget elementor-widget-heading\" data-id=\"386ebce\" data-element_type=\"widget\" data-e-type=\"widget\" data-widget_type=\"heading.default\">\n\t\t\t\t<div class=\"elementor-widget-container\">\n\t\t\t\t\t<h2 class=\"elementor-heading-title elementor-size-default\">9. Modifications des conditions<\/h2>\t\t\t\t<\/div>\n\t\t\t\t<\/div>\n\t\t\t\t<div class=\"elementor-element elementor-element-ef0153b elementor-widget elementor-widget-text-editor\" data-id=\"ef0153b\" data-element_type=\"widget\" data-e-type=\"widget\" data-widget_type=\"text-editor.default\">\n\t\t\t\t<div class=\"elementor-widget-container\">\n\t\t\t\t\t\t\t\t\t<p>Gravity Bali se r\u00e9serve le droit de mettre \u00e0 jour les pr\u00e9sentes Conditions \u00e0 tout moment. Par cons\u00e9quent, en continuant \u00e0 utiliser le site web ou les services apr\u00e8s les mises \u00e0 jour, vous acceptez les Conditions r\u00e9vis\u00e9es.<\/p>\t\t\t\t\t\t\t\t<\/div>\n\t\t\t\t<\/div>\n\t\t\t\t<div class=\"elementor-element elementor-element-9fda909 elementor-widget elementor-widget-heading\" data-id=\"9fda909\" data-element_type=\"widget\" data-e-type=\"widget\" data-widget_type=\"heading.default\">\n\t\t\t\t<div class=\"elementor-widget-container\">\n\t\t\t\t\t<h2 class=\"elementor-heading-title elementor-size-default\">10. Informations sur les contacts<\/h2>\t\t\t\t<\/div>\n\t\t\t\t<\/div>\n\t\t\t\t<div class=\"elementor-element elementor-element-dde5615 elementor-widget elementor-widget-text-editor\" data-id=\"dde5615\" data-element_type=\"widget\" data-e-type=\"widget\" data-widget_type=\"text-editor.default\">\n\t\t\t\t<div class=\"elementor-widget-container\">\n\t\t\t\t\t\t\t\t\t<p><span style=\"font-weight: 400;\">Pour toute question ou pr\u00e9occupation concernant les pr\u00e9sentes conditions, contactez-nous \u00e0 l'adresse suivante :<\/span><span style=\"font-weight: 400;\"><br \/><\/span><span style=\"font-weight: 400;\"> \ud83d\udce7 <\/span><b>Courriel :<\/b> <a href=\"mailto:contact@gravitybali.com\"><span style=\"font-weight: 400;\">contact@gravitybali.com<\/span><\/a><\/p>\t\t\t\t\t\t\t\t<\/div>\n\t\t\t\t<\/div>\n\t\t\t\t\t<\/div>\n\t\t\t\t<\/div>\n\t\t\t\t<\/div>","protected":false},"excerpt":{"rendered":"<p>Terms &amp; Services Effective Date: 4th April 2025Website: www.gravitybali.com 1. Introduction Welcome to Gravity Bali (\u201cCompany,\u201d \u201cwe,\u201d \u201cour,\u201d or \u201cus\u201d). By accessing or using our website and services, you (\u201cUser,\u201d \u201cGuest,\u201d \u201cProperty Owner\u201d) agree to these Terms of Service (\u201cTerms\u201d). If you do not agree, please stop using our website or services. 2. Services Provided [&hellip;]<\/p>\n","protected":false},"author":1,"featured_media":0,"parent":0,"menu_order":0,"comment_status":"closed","ping_status":"closed","template":"elementor_header_footer","meta":{"_acf_changed":false,"footnotes":""},"class_list":["post-1841","page","type-page","status-publish","hentry"],"acf":[],"yoast_head":"<!-- This site is optimized with the Yoast SEO Premium plugin v26.5 (Yoast SEO v27.5) - https:\/\/yoast.com\/product\/yoast-seo-premium-wordpress\/ -->\n<title>Gravity Bali Terms &amp; Service | Villa Management &amp; Booking Policies<\/title>\n<meta name=\"description\" content=\"Gravity Bali Terms &amp; Service: villa management, bookings, payments, cancellations, and owner agreements in Bali.\" \/>\n<meta name=\"robots\" content=\"index, follow, max-snippet:-1, max-image-preview:large, max-video-preview:-1\" \/>\n<link rel=\"canonical\" href=\"https:\/\/gravitybali.com\/fr\/conditions-de-services\/\" \/>\n<meta property=\"og:locale\" content=\"fr_FR\" \/>\n<meta property=\"og:type\" content=\"article\" \/>\n<meta property=\"og:title\" content=\"Terms &amp; Services\" \/>\n<meta property=\"og:description\" content=\"Gravity Bali Terms &amp; Service: villa management, bookings, payments, cancellations, and owner agreements in Bali.\" \/>\n<meta property=\"og:url\" content=\"https:\/\/gravitybali.com\/fr\/conditions-de-services\/\" \/>\n<meta property=\"og:site_name\" content=\"Gravity Bali\" \/>\n<meta property=\"article:modified_time\" content=\"2025-09-15T05:23:02+00:00\" \/>\n<meta property=\"og:image\" content=\"https:\/\/gravitybali.com\/wp-content\/uploads\/2025\/03\/cropped-GRAVITY-2.png\" \/>\n\t<meta property=\"og:image:width\" content=\"512\" \/>\n\t<meta property=\"og:image:height\" content=\"512\" \/>\n\t<meta property=\"og:image:type\" content=\"image\/png\" \/>\n<meta name=\"twitter:card\" content=\"summary_large_image\" \/>\n<meta name=\"twitter:label1\" content=\"Dur\u00e9e de lecture estim\u00e9e\" \/>\n\t<meta name=\"twitter:data1\" content=\"2 minutes\" \/>\n<script type=\"application\/ld+json\" class=\"yoast-schema-graph\">{\"@context\":\"https:\\\/\\\/schema.org\",\"@graph\":[{\"@type\":\"WebPage\",\"@id\":\"https:\\\/\\\/gravitybali.com\\\/de\\\/bedingungen-dienstleistungen\\\/\",\"url\":\"https:\\\/\\\/gravitybali.com\\\/de\\\/bedingungen-dienstleistungen\\\/\",\"name\":\"Gravity Bali Terms & Service | Villa Management & Booking Policies\",\"isPartOf\":{\"@id\":\"https:\\\/\\\/gravitybali.com\\\/tr\\\/#website\"},\"datePublished\":\"2025-04-04T09:04:26+00:00\",\"dateModified\":\"2025-09-15T05:23:02+00:00\",\"description\":\"Gravity Bali Terms & Service: villa management, bookings, payments, cancellations, and owner agreements in Bali.\",\"breadcrumb\":{\"@id\":\"https:\\\/\\\/gravitybali.com\\\/de\\\/bedingungen-dienstleistungen\\\/#breadcrumb\"},\"inLanguage\":\"fr-FR\",\"potentialAction\":[{\"@type\":\"ReadAction\",\"target\":[\"https:\\\/\\\/gravitybali.com\\\/de\\\/bedingungen-dienstleistungen\\\/\"]}]},{\"@type\":\"BreadcrumbList\",\"@id\":\"https:\\\/\\\/gravitybali.com\\\/de\\\/bedingungen-dienstleistungen\\\/#breadcrumb\",\"itemListElement\":[{\"@type\":\"ListItem\",\"position\":1,\"name\":\"Home\",\"item\":\"https:\\\/\\\/gravitybali.com\\\/en\\\/\"},{\"@type\":\"ListItem\",\"position\":2,\"name\":\"Terms &amp; Services\"}]},{\"@type\":\"WebSite\",\"@id\":\"https:\\\/\\\/gravitybali.com\\\/tr\\\/#website\",\"url\":\"https:\\\/\\\/gravitybali.com\\\/tr\\\/\",\"name\":\"Gravity Bali\",\"description\":\"Bali Villa Management,\\u2028Marketing &amp; Investment\",\"publisher\":{\"@id\":\"https:\\\/\\\/gravitybali.com\\\/tr\\\/#organization\"},\"potentialAction\":[{\"@type\":\"SearchAction\",\"target\":{\"@type\":\"EntryPoint\",\"urlTemplate\":\"https:\\\/\\\/gravitybali.com\\\/tr\\\/?s={search_term_string}\"},\"query-input\":{\"@type\":\"PropertyValueSpecification\",\"valueRequired\":true,\"valueName\":\"search_term_string\"}}],\"inLanguage\":\"fr-FR\"},{\"@type\":\"Organization\",\"@id\":\"https:\\\/\\\/gravitybali.com\\\/tr\\\/#organization\",\"name\":\"Gravity Bali\",\"url\":\"https:\\\/\\\/gravitybali.com\\\/tr\\\/\",\"logo\":{\"@type\":\"ImageObject\",\"inLanguage\":\"fr-FR\",\"@id\":\"https:\\\/\\\/gravitybali.com\\\/tr\\\/#\\\/schema\\\/logo\\\/image\\\/\",\"url\":\"https:\\\/\\\/gravitybali.com\\\/wp-content\\\/uploads\\\/2025\\\/03\\\/cropped-GRAVITY-2.png\",\"contentUrl\":\"https:\\\/\\\/gravitybali.com\\\/wp-content\\\/uploads\\\/2025\\\/03\\\/cropped-GRAVITY-2.png\",\"width\":512,\"height\":512,\"caption\":\"Gravity Bali\"},\"image\":{\"@id\":\"https:\\\/\\\/gravitybali.com\\\/tr\\\/#\\\/schema\\\/logo\\\/image\\\/\"}}]}<\/script>\n<!-- \/ Yoast SEO Premium plugin. -->","yoast_head_json":{"title":"Conditions g\u00e9n\u00e9rales de Gravity Bali | Politiques de gestion et de r\u00e9servation des villas","description":"Conditions g\u00e9n\u00e9rales de Gravity Bali : gestion de villa, r\u00e9servations, paiements, annulations et accords avec les propri\u00e9taires \u00e0 Bali.","robots":{"index":"index","follow":"follow","max-snippet":"max-snippet:-1","max-image-preview":"max-image-preview:large","max-video-preview":"max-video-preview:-1"},"canonical":"https:\/\/gravitybali.com\/fr\/conditions-de-services\/","og_locale":"fr_FR","og_type":"article","og_title":"Terms &amp; Services","og_description":"Gravity Bali Terms & Service: villa management, bookings, payments, cancellations, and owner agreements in Bali.","og_url":"https:\/\/gravitybali.com\/fr\/conditions-de-services\/","og_site_name":"Gravity Bali","article_modified_time":"2025-09-15T05:23:02+00:00","og_image":[{"width":512,"height":512,"url":"https:\/\/gravitybali.com\/wp-content\/uploads\/2025\/03\/cropped-GRAVITY-2.png","type":"image\/png"}],"twitter_card":"summary_large_image","twitter_misc":{"Dur\u00e9e de lecture estim\u00e9e":"2 minutes"},"schema":{"@context":"https:\/\/schema.org","@graph":[{"@type":"WebPage","@id":"https:\/\/gravitybali.com\/de\/bedingungen-dienstleistungen\/","url":"https:\/\/gravitybali.com\/de\/bedingungen-dienstleistungen\/","name":"Conditions g\u00e9n\u00e9rales de Gravity Bali | Politiques de gestion et de r\u00e9servation des villas","isPartOf":{"@id":"https:\/\/gravitybali.com\/tr\/#website"},"datePublished":"2025-04-04T09:04:26+00:00","dateModified":"2025-09-15T05:23:02+00:00","description":"Conditions g\u00e9n\u00e9rales de Gravity Bali : gestion de villa, r\u00e9servations, paiements, annulations et accords avec les propri\u00e9taires \u00e0 Bali.","breadcrumb":{"@id":"https:\/\/gravitybali.com\/de\/bedingungen-dienstleistungen\/#breadcrumb"},"inLanguage":"fr-FR","potentialAction":[{"@type":"ReadAction","target":["https:\/\/gravitybali.com\/de\/bedingungen-dienstleistungen\/"]}]},{"@type":"BreadcrumbList","@id":"https:\/\/gravitybali.com\/de\/bedingungen-dienstleistungen\/#breadcrumb","itemListElement":[{"@type":"ListItem","position":1,"name":"Home","item":"https:\/\/gravitybali.com\/en\/"},{"@type":"ListItem","position":2,"name":"Terms &amp; Services"}]},{"@type":"WebSite","@id":"https:\/\/gravitybali.com\/tr\/#website","url":"https:\/\/gravitybali.com\/tr\/","name":"Gravit\u00e9 Bali","description":"Gestion des villas \u00e0 Bali, marketing et investissement","publisher":{"@id":"https:\/\/gravitybali.com\/tr\/#organization"},"potentialAction":[{"@type":"SearchAction","target":{"@type":"EntryPoint","urlTemplate":"https:\/\/gravitybali.com\/tr\/?s={search_term_string}"},"query-input":{"@type":"PropertyValueSpecification","valueRequired":true,"valueName":"search_term_string"}}],"inLanguage":"fr-FR"},{"@type":"Organization","@id":"https:\/\/gravitybali.com\/tr\/#organization","name":"Gravit\u00e9 Bali","url":"https:\/\/gravitybali.com\/tr\/","logo":{"@type":"ImageObject","inLanguage":"fr-FR","@id":"https:\/\/gravitybali.com\/tr\/#\/schema\/logo\/image\/","url":"https:\/\/gravitybali.com\/wp-content\/uploads\/2025\/03\/cropped-GRAVITY-2.png","contentUrl":"https:\/\/gravitybali.com\/wp-content\/uploads\/2025\/03\/cropped-GRAVITY-2.png","width":512,"height":512,"caption":"Gravity Bali"},"image":{"@id":"https:\/\/gravitybali.com\/tr\/#\/schema\/logo\/image\/"}}]}},"_links":{"self":[{"href":"https:\/\/gravitybali.com\/fr\/wp-json\/wp\/v2\/pages\/1841","targetHints":{"allow":["GET"]}}],"collection":[{"href":"https:\/\/gravitybali.com\/fr\/wp-json\/wp\/v2\/pages"}],"about":[{"href":"https:\/\/gravitybali.com\/fr\/wp-json\/wp\/v2\/types\/page"}],"author":[{"embeddable":true,"href":"https:\/\/gravitybali.com\/fr\/wp-json\/wp\/v2\/users\/1"}],"replies":[{"embeddable":true,"href":"https:\/\/gravitybali.com\/fr\/wp-json\/wp\/v2\/comments?post=1841"}],"version-history":[{"count":21,"href":"https:\/\/gravitybali.com\/fr\/wp-json\/wp\/v2\/pages\/1841\/revisions"}],"predecessor-version":[{"id":6683,"href":"https:\/\/gravitybali.com\/fr\/wp-json\/wp\/v2\/pages\/1841\/revisions\/6683"}],"wp:attachment":[{"href":"https:\/\/gravitybali.com\/fr\/wp-json\/wp\/v2\/media?parent=1841"}],"curies":[{"name":"wp","href":"https:\/\/api.w.org\/{rel}","templated":true}]}}