{"id":1727,"date":"2025-04-04T06:10:18","date_gmt":"2025-04-04T06:10:18","guid":{"rendered":"https:\/\/gravitybali.com\/?page_id=1727"},"modified":"2025-11-23T06:43:31","modified_gmt":"2025-11-23T06:43:31","slug":"politique-de-confidentialite","status":"publish","type":"page","link":"https:\/\/gravitybali.com\/fr\/privacy-policy\/","title":{"rendered":"Politique de confidentialit\u00e9"},"content":{"rendered":"<div data-elementor-type=\"wp-page\" data-elementor-id=\"1727\" class=\"elementor elementor-1727\" data-elementor-post-type=\"page\">\n\t\t\t\t<div data-dce-background-color=\"#A3BFAA\" class=\"elementor-element elementor-element-55fef7e e-flex e-con-boxed e-con e-parent\" data-id=\"55fef7e\" data-element_type=\"container\" data-e-type=\"container\" data-settings=\"{&quot;background_background&quot;:&quot;gradient&quot;}\">\n\t\t\t\t\t<div class=\"e-con-inner\">\n\t\t\t\t<div class=\"elementor-element elementor-element-57eeaa6 elementor-widget__width-inherit elementor-invisible elementor-widget elementor-widget-heading\" data-id=\"57eeaa6\" data-element_type=\"widget\" data-e-type=\"widget\" data-settings=\"{&quot;_animation&quot;:&quot;fadeInUp&quot;,&quot;_animation_delay&quot;:200}\" data-widget_type=\"heading.default\">\n\t\t\t\t<div class=\"elementor-widget-container\">\n\t\t\t\t\t<h1 class=\"elementor-heading-title elementor-size-default\">Politique de confidentialit\u00e9<\/h1>\t\t\t\t<\/div>\n\t\t\t\t<\/div>\n\t\t\t\t\t<\/div>\n\t\t\t\t<\/div>\n\t\t<div data-dce-background-color=\"#FFFFFF\" class=\"elementor-element elementor-element-0e6457a e-flex e-con-boxed e-con e-parent\" data-id=\"0e6457a\" data-element_type=\"container\" data-e-type=\"container\" data-settings=\"{&quot;background_background&quot;:&quot;classic&quot;}\">\n\t\t\t\t\t<div class=\"e-con-inner\">\n\t\t\t\t<div class=\"elementor-element elementor-element-e92743e elementor-widget elementor-widget-text-editor\" data-id=\"e92743e\" data-element_type=\"widget\" data-e-type=\"widget\" data-widget_type=\"text-editor.default\">\n\t\t\t\t<div class=\"elementor-widget-container\">\n\t\t\t\t\t\t\t\t\t<p><b>Date d'entr\u00e9e en vigueur :<\/b><span style=\"font-weight: 400;\"> 4 avril 2025 <\/span><\/p>\t\t\t\t\t\t\t\t<\/div>\n\t\t\t\t<\/div>\n\t\t\t\t<div class=\"elementor-element elementor-element-add224d elementor-widget elementor-widget-heading\" data-id=\"add224d\" data-element_type=\"widget\" data-e-type=\"widget\" data-widget_type=\"heading.default\">\n\t\t\t\t<div class=\"elementor-widget-container\">\n\t\t\t\t\t<h2 class=\"elementor-heading-title elementor-size-default\">1. Introduction<\/h2>\t\t\t\t<\/div>\n\t\t\t\t<\/div>\n\t\t\t\t<div class=\"elementor-element elementor-element-06d1946 elementor-widget elementor-widget-text-editor\" data-id=\"06d1946\" data-element_type=\"widget\" data-e-type=\"widget\" data-widget_type=\"text-editor.default\">\n\t\t\t\t<div class=\"elementor-widget-container\">\n\t\t\t\t\t\t\t\t\t<p data-start=\"293\" data-end=\"668\">Gravity Villas (\u00ab\u00a0nous\u00a0\u00bb, \u00ab\u00a0notre\u00a0\u00bb ou \u00ab\u00a0nos\u00a0\u00bb) accorde une grande importance \u00e0 votre vie priv\u00e9e et s&#039;engage \u00e0 prot\u00e9ger les informations personnelles de ses clients, des propri\u00e9taires et des visiteurs de son site web. <strong data-start=\"466\" data-end=\"499\">Politique de confidentialit\u00e9 de Gravity Villas<\/strong> explique comment nous collectons, utilisons, divulguons et prot\u00e9geons vos informations lorsque vous visitez notre site Web <a class=\"decorated-link\" href=\"https:\/\/gravitybali.com\/fr\/?utm_source=chatgpt.com\" target=\"_new\" rel=\"noopener\" data-start=\"598\" data-end=\"644\">www.gravitybali.com<\/a> et utiliser nos services.<\/p><p data-start=\"670\" data-end=\"804\">En utilisant notre site web, vous acceptez les termes de la pr\u00e9sente politique de confidentialit\u00e9. Si vous n'\u00eates pas d'accord, veuillez ne pas utiliser notre site web ou nos services.<\/p><p data-start=\"806\" data-end=\"926\">Vous pouvez \u00e9galement en apprendre davantage sur nos propri\u00e9t\u00e9s en visitant <a class=\"decorated-link\" href=\"https:\/\/gravitybali.com\/fr\/nos-villas\/?utm_source=chatgpt.com\" target=\"_new\" rel=\"noopener\" data-start=\"863\" data-end=\"923\">Nos Villas \u00e0 Bali<\/a><\/p>\t\t\t\t\t\t\t\t<\/div>\n\t\t\t\t<\/div>\n\t\t\t\t<div class=\"elementor-element elementor-element-ab8f6f5 elementor-widget elementor-widget-heading\" data-id=\"ab8f6f5\" data-element_type=\"widget\" data-e-type=\"widget\" data-widget_type=\"heading.default\">\n\t\t\t\t<div class=\"elementor-widget-container\">\n\t\t\t\t\t<h2 class=\"elementor-heading-title elementor-size-default\">2. Les informations que nous collectons<\/h2>\t\t\t\t<\/div>\n\t\t\t\t<\/div>\n\t\t\t\t<div class=\"elementor-element elementor-element-2bc1311 elementor-widget elementor-widget-text-editor\" data-id=\"2bc1311\" data-element_type=\"widget\" data-e-type=\"widget\" data-widget_type=\"text-editor.default\">\n\t\t\t\t<div class=\"elementor-widget-container\">\n\t\t\t\t\t\t\t\t\t<p><span style=\"font-weight: 400;\">Nous recueillons les types d'informations suivants :<\/span><\/p><h3><b>2.1 Informations personnelles<\/b><\/h3><p><span style=\"font-weight: 400;\">Lorsque vous interagissez avec nous, nous pouvons collecter des informations personnelles, y compris, mais sans s'y limiter :<\/span><\/p><ul><li style=\"font-weight: 400;\" aria-level=\"1\"><span style=\"font-weight: 400;\">Nom, adresse \u00e9lectronique, num\u00e9ro de t\u00e9l\u00e9phone<\/span><\/li><li style=\"font-weight: 400;\" aria-level=\"1\"><span style=\"font-weight: 400;\">Donn\u00e9es de facturation et de paiement<\/span><\/li><li style=\"font-weight: 400;\" aria-level=\"1\"><span style=\"font-weight: 400;\">D\u00e9tails de la r\u00e9servation<\/span><\/li><li style=\"font-weight: 400;\" aria-level=\"1\"><span style=\"font-weight: 400;\">Pr\u00e9f\u00e9rences en mati\u00e8re de communication<\/span><\/li><li style=\"font-weight: 400;\" aria-level=\"1\"><span style=\"font-weight: 400;\">Toute autre information que vous fournissez volontairement<\/span><\/li><\/ul><h3><b>2.2 Informations non personnelles<\/b><\/h3><p><span style=\"font-weight: 400;\">Nous pouvons \u00e9galement collecter des informations non personnelles telles que :<\/span><\/p><ul><li style=\"font-weight: 400;\" aria-level=\"1\"><span style=\"font-weight: 400;\">Adresses IP<\/span><\/li><li style=\"font-weight: 400;\" aria-level=\"1\"><span style=\"font-weight: 400;\">Type de navigateur et informations sur l'appareil<\/span><\/li><\/ul><p><span style=\"font-weight: 400;\">Cookies et donn\u00e9es d'utilisation (voir <\/span><b>Cookies et technologies de suivi<\/b><span style=\"font-weight: 400;\">)<\/span><\/p>\t\t\t\t\t\t\t\t<\/div>\n\t\t\t\t<\/div>\n\t\t\t\t<div class=\"elementor-element elementor-element-ae75a27 elementor-widget elementor-widget-heading\" data-id=\"ae75a27\" data-element_type=\"widget\" data-e-type=\"widget\" data-widget_type=\"heading.default\">\n\t\t\t\t<div class=\"elementor-widget-container\">\n\t\t\t\t\t<h2 class=\"elementor-heading-title elementor-size-default\">3. Comment nous utilisons vos informations<\/h2>\t\t\t\t<\/div>\n\t\t\t\t<\/div>\n\t\t\t\t<div class=\"elementor-element elementor-element-95bf5dc elementor-widget elementor-widget-text-editor\" data-id=\"95bf5dc\" data-element_type=\"widget\" data-e-type=\"widget\" data-widget_type=\"text-editor.default\">\n\t\t\t\t<div class=\"elementor-widget-container\">\n\t\t\t\t\t\t\t\t\t<p><span style=\"font-weight: 400;\">Nous utilisons vos informations pour :<\/span><\/p><ul><li style=\"font-weight: 400;\" aria-level=\"1\"><span style=\"font-weight: 400;\">Fournir des services de location et de gestion de villas<\/span><span style=\"font-weight: 400;\"><br \/><\/span><\/li><li style=\"font-weight: 400;\" aria-level=\"1\"><span style=\"font-weight: 400;\">Traiter les r\u00e9servations et les paiements<\/span><span style=\"font-weight: 400;\"><br \/><\/span><\/li><li style=\"font-weight: 400;\" aria-level=\"1\"><span style=\"font-weight: 400;\">Am\u00e9liorer notre site web et nos services<\/span><span style=\"font-weight: 400;\"><br \/><\/span><\/li><li style=\"font-weight: 400;\" aria-level=\"1\"><span style=\"font-weight: 400;\">Envoyer des mises \u00e0 jour importantes ou du contenu promotionnel<\/span><span style=\"font-weight: 400;\"><br \/><\/span><\/li><li style=\"font-weight: 400;\" aria-level=\"1\"><span style=\"font-weight: 400;\">Respecter les obligations l\u00e9gales<\/span><\/li><\/ul>\t\t\t\t\t\t\t\t<\/div>\n\t\t\t\t<\/div>\n\t\t\t\t<div class=\"elementor-element elementor-element-59ec189 elementor-widget elementor-widget-heading\" data-id=\"59ec189\" data-element_type=\"widget\" data-e-type=\"widget\" data-widget_type=\"heading.default\">\n\t\t\t\t<div class=\"elementor-widget-container\">\n\t\t\t\t\t<h2 class=\"elementor-heading-title elementor-size-default\">4. Partage et divulgation d'informations<\/h2>\t\t\t\t<\/div>\n\t\t\t\t<\/div>\n\t\t\t\t<div class=\"elementor-element elementor-element-cb13553 elementor-widget elementor-widget-text-editor\" data-id=\"cb13553\" data-element_type=\"widget\" data-e-type=\"widget\" data-widget_type=\"text-editor.default\">\n\t\t\t\t<div class=\"elementor-widget-container\">\n\t\t\t\t\t\t\t\t\t<p><span style=\"font-weight: 400;\">Nous ne vendons pas, ne louons pas et n'\u00e9changeons pas vos donn\u00e9es personnelles. Toutefois, nous pouvons \u00eatre amen\u00e9s \u00e0 partager vos informations avec<\/span><\/p><ul><li style=\"font-weight: 400;\" aria-level=\"1\"><b>Fournisseurs de services et partenaires<\/b><span style=\"font-weight: 400;\">: des tiers tels que des organismes de paiement, des \u00e9quipes de maintenance ou des agences de marketing qui nous aident \u00e0 g\u00e9rer nos activit\u00e9s.<\/span><span style=\"font-weight: 400;\"><br \/><\/span><\/li><li style=\"font-weight: 400;\" aria-level=\"1\"><b>Autorit\u00e9s juridiques<\/b><span style=\"font-weight: 400;\">: Lorsque la loi l'exige ou pour prot\u00e9ger nos droits et notre s\u00e9curit\u00e9.<\/span><\/li><li style=\"font-weight: 400;\" aria-level=\"1\"><span style=\"font-weight: 400;\"><b>Propri\u00e9taires de biens immobiliers<\/b>: Si n\u00e9cessaire pour la gestion de la villa et les r\u00e9servations.<\/span><\/li><\/ul>\t\t\t\t\t\t\t\t<\/div>\n\t\t\t\t<\/div>\n\t\t\t\t<div class=\"elementor-element elementor-element-244bf85 elementor-widget elementor-widget-heading\" data-id=\"244bf85\" data-element_type=\"widget\" data-e-type=\"widget\" data-widget_type=\"heading.default\">\n\t\t\t\t<div class=\"elementor-widget-container\">\n\t\t\t\t\t<h2 class=\"elementor-heading-title elementor-size-default\">5. S\u00e9curit\u00e9 des donn\u00e9es<\/h2>\t\t\t\t<\/div>\n\t\t\t\t<\/div>\n\t\t\t\t<div class=\"elementor-element elementor-element-34daaf5 elementor-widget elementor-widget-text-editor\" data-id=\"34daaf5\" data-element_type=\"widget\" data-e-type=\"widget\" data-widget_type=\"text-editor.default\">\n\t\t\t\t<div class=\"elementor-widget-container\">\n\t\t\t\t\t\t\t\t\t<p><span style=\"font-weight: 400;\">Nous mettons en \u0153uvre des mesures de s\u00e9curit\u00e9 conformes aux normes industrielles afin de prot\u00e9ger vos informations contre l'acc\u00e8s non autoris\u00e9, la perte, l'utilisation abusive ou l'alt\u00e9ration. Toutefois, aucune transmission de donn\u00e9es sur l'internet n'est 100% s\u00fbre et nous ne pouvons pas garantir une s\u00e9curit\u00e9 absolue.<\/span><\/p>\t\t\t\t\t\t\t\t<\/div>\n\t\t\t\t<\/div>\n\t\t\t\t<div class=\"elementor-element elementor-element-1421925 elementor-widget elementor-widget-heading\" data-id=\"1421925\" data-element_type=\"widget\" data-e-type=\"widget\" data-widget_type=\"heading.default\">\n\t\t\t\t<div class=\"elementor-widget-container\">\n\t\t\t\t\t<h2 class=\"elementor-heading-title elementor-size-default\">6. Cookies et technologies de suivi<\/h2>\t\t\t\t<\/div>\n\t\t\t\t<\/div>\n\t\t\t\t<div class=\"elementor-element elementor-element-24f67ec elementor-widget elementor-widget-text-editor\" data-id=\"24f67ec\" data-element_type=\"widget\" data-e-type=\"widget\" data-widget_type=\"text-editor.default\">\n\t\t\t\t<div class=\"elementor-widget-container\">\n\t\t\t\t\t\t\t\t\t<p><span style=\"font-weight: 400;\">Nous utilisons des cookies et des technologies de suivi similaires pour am\u00e9liorer votre exp\u00e9rience de navigation. Vous pouvez g\u00e9rer les pr\u00e9f\u00e9rences en mati\u00e8re de cookies dans les param\u00e8tres de votre navigateur.<\/span><\/p>\t\t\t\t\t\t\t\t<\/div>\n\t\t\t\t<\/div>\n\t\t\t\t<div class=\"elementor-element elementor-element-c850dbb elementor-widget elementor-widget-heading\" data-id=\"c850dbb\" data-element_type=\"widget\" data-e-type=\"widget\" data-widget_type=\"heading.default\">\n\t\t\t\t<div class=\"elementor-widget-container\">\n\t\t\t\t\t<h2 class=\"elementor-heading-title elementor-size-default\">7. Vos droits et vos choix<\/h2>\t\t\t\t<\/div>\n\t\t\t\t<\/div>\n\t\t\t\t<div class=\"elementor-element elementor-element-45ea42d elementor-widget elementor-widget-text-editor\" data-id=\"45ea42d\" data-element_type=\"widget\" data-e-type=\"widget\" data-widget_type=\"text-editor.default\">\n\t\t\t\t<div class=\"elementor-widget-container\">\n\t\t\t\t\t\t\t\t\t<p><span style=\"font-weight: 400;\">Selon l'endroit o\u00f9 vous vous trouvez, vous pouvez avoir des droits concernant vos informations personnelles, notamment<\/span><\/p><ul><li style=\"font-weight: 400;\" aria-level=\"1\"><b>Acc\u00e8s et correction<\/b><span style=\"font-weight: 400;\">: Vous pouvez demander l'acc\u00e8s \u00e0 vos donn\u00e9es ou leur rectification.<\/span><span style=\"font-weight: 400;\"><br \/><\/span><\/li><li style=\"font-weight: 400;\" aria-level=\"1\"><b>Opt-Out<\/b><span style=\"font-weight: 400;\">: Vous pouvez vous d\u00e9sabonner des communications marketing \u00e0 tout moment.<\/span><\/li><li style=\"font-weight: 400;\" aria-level=\"1\"><span style=\"font-weight: 400;\"><b>Demandes de suppression<\/b>: Dans certaines circonstances, vous pouvez demander la suppression des donn\u00e9es.<\/span><\/li><\/ul>\t\t\t\t\t\t\t\t<\/div>\n\t\t\t\t<\/div>\n\t\t\t\t<div class=\"elementor-element elementor-element-86b2937 elementor-widget elementor-widget-heading\" data-id=\"86b2937\" data-element_type=\"widget\" data-e-type=\"widget\" data-widget_type=\"heading.default\">\n\t\t\t\t<div class=\"elementor-widget-container\">\n\t\t\t\t\t<h2 class=\"elementor-heading-title elementor-size-default\">8. Liens avec des tiers<\/h2>\t\t\t\t<\/div>\n\t\t\t\t<\/div>\n\t\t\t\t<div class=\"elementor-element elementor-element-25e387b elementor-widget elementor-widget-text-editor\" data-id=\"25e387b\" data-element_type=\"widget\" data-e-type=\"widget\" data-widget_type=\"text-editor.default\">\n\t\t\t\t<div class=\"elementor-widget-container\">\n\t\t\t\t\t\t\t\t\t<p><span style=\"font-weight: 400;\">Notre site web peut contenir des liens vers des sites de tiers. Nous ne sommes pas responsables de leurs pratiques en mati\u00e8re de protection de la vie priv\u00e9e et vous encourageons \u00e0 consulter leurs politiques.<\/span><\/p>\t\t\t\t\t\t\t\t<\/div>\n\t\t\t\t<\/div>\n\t\t\t\t<div class=\"elementor-element elementor-element-4364e73 elementor-widget elementor-widget-heading\" data-id=\"4364e73\" data-element_type=\"widget\" data-e-type=\"widget\" data-widget_type=\"heading.default\">\n\t\t\t\t<div class=\"elementor-widget-container\">\n\t\t\t\t\t<h2 class=\"elementor-heading-title elementor-size-default\">9. Mises \u00e0 jour des politiques<\/h2>\t\t\t\t<\/div>\n\t\t\t\t<\/div>\n\t\t\t\t<div class=\"elementor-element elementor-element-56dcf91 elementor-widget elementor-widget-text-editor\" data-id=\"56dcf91\" data-element_type=\"widget\" data-e-type=\"widget\" data-widget_type=\"text-editor.default\">\n\t\t\t\t<div class=\"elementor-widget-container\">\n\t\t\t\t\t\t\t\t\t<p>Nous pouvons mettre \u00e0 jour cette politique de confidentialit\u00e9 de Gravity Villas<strong> Politique<\/strong> De temps \u00e0 autre. Toute modification sera publi\u00e9e sur cette page avec une date d&#039;entr\u00e9e en vigueur r\u00e9vis\u00e9e.<\/p>\t\t\t\t\t\t\t\t<\/div>\n\t\t\t\t<\/div>\n\t\t\t\t<div class=\"elementor-element elementor-element-3cc7d6a elementor-widget elementor-widget-heading\" data-id=\"3cc7d6a\" data-element_type=\"widget\" data-e-type=\"widget\" data-widget_type=\"heading.default\">\n\t\t\t\t<div class=\"elementor-widget-container\">\n\t\t\t\t\t<h2 class=\"elementor-heading-title elementor-size-default\">10. Nous contacter<\/h2>\t\t\t\t<\/div>\n\t\t\t\t<\/div>\n\t\t\t\t<div class=\"elementor-element elementor-element-d254b1f elementor-widget elementor-widget-text-editor\" data-id=\"d254b1f\" data-element_type=\"widget\" data-e-type=\"widget\" data-widget_type=\"text-editor.default\">\n\t\t\t\t<div class=\"elementor-widget-container\">\n\t\t\t\t\t\t\t\t\t<p><span style=\"font-weight: 400;\">Pour toute question relative \u00e0 la protection de la vie priv\u00e9e, veuillez nous contacter \u00e0 l'adresse suivante :<\/span><span style=\"font-weight: 400;\"><br \/><\/span><span style=\"font-weight: 400;\"> \ud83d\udce7 Courriel : <\/span><a href=\"mailto:contact@gravitybali.com\"><span style=\"font-weight: 400;\">contact@gravitybali.com<\/span><\/a><\/p><p>\u00a0<\/p><p>Ou retourner \u00e0 la <a class=\"decorated-link\" href=\"https:\/\/gravitybali.com\/fr\/?utm_source=chatgpt.com\" target=\"_new\" rel=\"noopener\" data-start=\"3579\" data-end=\"3629\">Page d&#039;accueil de Gravity Villas<\/a> pour continuer \u00e0 naviguer.<\/p>\t\t\t\t\t\t\t\t<\/div>\n\t\t\t\t<\/div>\n\t\t\t\t\t<\/div>\n\t\t\t\t<\/div>\n\t\t\t\t<\/div>","protected":false},"excerpt":{"rendered":"<p>Privacy Policy Effective Date: 4th April 2025 1. Introduction Gravity Villas (\u201cwe,\u201d \u201cour,\u201d or \u201cus\u201d) values your privacy and is committed to protecting the personal information of our guests, property owners, and website visitors. This Gravity Villas Privacy Policy explains how we collect, use, disclose, and safeguard your information when you visit our website www.gravitybali.com [&hellip;]<\/p>\n","protected":false},"author":1,"featured_media":0,"parent":0,"menu_order":0,"comment_status":"closed","ping_status":"closed","template":"elementor_header_footer","meta":{"_acf_changed":false,"footnotes":""},"class_list":["post-1727","page","type-page","status-publish","hentry"],"acf":[],"yoast_head":"<!-- This site is optimized with the Yoast SEO Premium plugin v26.5 (Yoast SEO v27.5) - https:\/\/yoast.com\/product\/yoast-seo-premium-wordpress\/ -->\n<title>Privacy Policy | Gravity Villas Bali<\/title>\n<meta name=\"description\" content=\"Read Gravity Villas Privacy Policy to understand how we collect, and protect your personal information when staying at our villas in Bali.\" \/>\n<meta name=\"robots\" content=\"index, follow, max-snippet:-1, max-image-preview:large, max-video-preview:-1\" \/>\n<link rel=\"canonical\" href=\"https:\/\/gravitybali.com\/fr\/politique-de-confidentialite\/\" \/>\n<meta property=\"og:locale\" content=\"fr_FR\" \/>\n<meta property=\"og:type\" content=\"article\" \/>\n<meta property=\"og:title\" content=\"Privacy Policy\" \/>\n<meta property=\"og:description\" content=\"Read Gravity Villas Privacy Policy to understand how we collect, and protect your personal information when staying at our villas in Bali.\" \/>\n<meta property=\"og:url\" content=\"https:\/\/gravitybali.com\/fr\/politique-de-confidentialite\/\" \/>\n<meta property=\"og:site_name\" content=\"Gravity Bali\" \/>\n<meta property=\"article:modified_time\" content=\"2025-11-23T06:43:31+00:00\" \/>\n<meta property=\"og:image\" content=\"https:\/\/gravitybali.com\/wp-content\/uploads\/2025\/03\/cropped-GRAVITY-2.png\" \/>\n\t<meta property=\"og:image:width\" content=\"512\" \/>\n\t<meta property=\"og:image:height\" content=\"512\" \/>\n\t<meta property=\"og:image:type\" content=\"image\/png\" \/>\n<meta name=\"twitter:card\" content=\"summary_large_image\" \/>\n<meta name=\"twitter:label1\" content=\"Dur\u00e9e de lecture estim\u00e9e\" \/>\n\t<meta name=\"twitter:data1\" content=\"3 minutes\" \/>\n<script type=\"application\/ld+json\" class=\"yoast-schema-graph\">{\"@context\":\"https:\\\/\\\/schema.org\",\"@graph\":[{\"@type\":\"WebPage\",\"@id\":\"https:\\\/\\\/gravitybali.com\\\/privacy-policy\\\/\",\"url\":\"https:\\\/\\\/gravitybali.com\\\/privacy-policy\\\/\",\"name\":\"Privacy Policy | Gravity Villas Bali\",\"isPartOf\":{\"@id\":\"https:\\\/\\\/gravitybali.com\\\/tr\\\/#website\"},\"datePublished\":\"2025-04-04T06:10:18+00:00\",\"dateModified\":\"2025-11-23T06:43:31+00:00\",\"description\":\"Read Gravity Villas Privacy Policy to understand how we collect, and protect your personal information when staying at our villas in Bali.\",\"breadcrumb\":{\"@id\":\"https:\\\/\\\/gravitybali.com\\\/privacy-policy\\\/#breadcrumb\"},\"inLanguage\":\"fr-FR\",\"potentialAction\":[{\"@type\":\"ReadAction\",\"target\":[\"https:\\\/\\\/gravitybali.com\\\/privacy-policy\\\/\"]}]},{\"@type\":\"BreadcrumbList\",\"@id\":\"https:\\\/\\\/gravitybali.com\\\/privacy-policy\\\/#breadcrumb\",\"itemListElement\":[{\"@type\":\"ListItem\",\"position\":1,\"name\":\"Home\",\"item\":\"https:\\\/\\\/gravitybali.com\\\/en\\\/\"},{\"@type\":\"ListItem\",\"position\":2,\"name\":\"Privacy Policy\"}]},{\"@type\":\"WebSite\",\"@id\":\"https:\\\/\\\/gravitybali.com\\\/tr\\\/#website\",\"url\":\"https:\\\/\\\/gravitybali.com\\\/tr\\\/\",\"name\":\"Gravity Bali\",\"description\":\"Bali Villa Management,\\u2028Marketing &amp; Investment\",\"publisher\":{\"@id\":\"https:\\\/\\\/gravitybali.com\\\/tr\\\/#organization\"},\"potentialAction\":[{\"@type\":\"SearchAction\",\"target\":{\"@type\":\"EntryPoint\",\"urlTemplate\":\"https:\\\/\\\/gravitybali.com\\\/tr\\\/?s={search_term_string}\"},\"query-input\":{\"@type\":\"PropertyValueSpecification\",\"valueRequired\":true,\"valueName\":\"search_term_string\"}}],\"inLanguage\":\"fr-FR\"},{\"@type\":\"Organization\",\"@id\":\"https:\\\/\\\/gravitybali.com\\\/tr\\\/#organization\",\"name\":\"Gravity Bali\",\"url\":\"https:\\\/\\\/gravitybali.com\\\/tr\\\/\",\"logo\":{\"@type\":\"ImageObject\",\"inLanguage\":\"fr-FR\",\"@id\":\"https:\\\/\\\/gravitybali.com\\\/tr\\\/#\\\/schema\\\/logo\\\/image\\\/\",\"url\":\"https:\\\/\\\/gravitybali.com\\\/wp-content\\\/uploads\\\/2025\\\/03\\\/cropped-GRAVITY-2.png\",\"contentUrl\":\"https:\\\/\\\/gravitybali.com\\\/wp-content\\\/uploads\\\/2025\\\/03\\\/cropped-GRAVITY-2.png\",\"width\":512,\"height\":512,\"caption\":\"Gravity Bali\"},\"image\":{\"@id\":\"https:\\\/\\\/gravitybali.com\\\/tr\\\/#\\\/schema\\\/logo\\\/image\\\/\"}}]}<\/script>\n<!-- \/ Yoast SEO Premium plugin. -->","yoast_head_json":{"title":"Politique de confidentialit\u00e9 | Gravity Villas Bali","description":"Lisez la politique de confidentialit\u00e9 de Gravity Villas pour comprendre comment nous collectons et prot\u00e9geons vos informations personnelles lorsque vous s\u00e9journez dans nos villas \u00e0 Bali.","robots":{"index":"index","follow":"follow","max-snippet":"max-snippet:-1","max-image-preview":"max-image-preview:large","max-video-preview":"max-video-preview:-1"},"canonical":"https:\/\/gravitybali.com\/fr\/politique-de-confidentialite\/","og_locale":"fr_FR","og_type":"article","og_title":"Privacy Policy","og_description":"Read Gravity Villas Privacy Policy to understand how we collect, and protect your personal information when staying at our villas in Bali.","og_url":"https:\/\/gravitybali.com\/fr\/politique-de-confidentialite\/","og_site_name":"Gravity Bali","article_modified_time":"2025-11-23T06:43:31+00:00","og_image":[{"width":512,"height":512,"url":"https:\/\/gravitybali.com\/wp-content\/uploads\/2025\/03\/cropped-GRAVITY-2.png","type":"image\/png"}],"twitter_card":"summary_large_image","twitter_misc":{"Dur\u00e9e de lecture estim\u00e9e":"3 minutes"},"schema":{"@context":"https:\/\/schema.org","@graph":[{"@type":"WebPage","@id":"https:\/\/gravitybali.com\/privacy-policy\/","url":"https:\/\/gravitybali.com\/privacy-policy\/","name":"Politique de confidentialit\u00e9 | Gravity Villas Bali","isPartOf":{"@id":"https:\/\/gravitybali.com\/tr\/#website"},"datePublished":"2025-04-04T06:10:18+00:00","dateModified":"2025-11-23T06:43:31+00:00","description":"Lisez la politique de confidentialit\u00e9 de Gravity Villas pour comprendre comment nous collectons et prot\u00e9geons vos informations personnelles lorsque vous s\u00e9journez dans nos villas \u00e0 Bali.","breadcrumb":{"@id":"https:\/\/gravitybali.com\/privacy-policy\/#breadcrumb"},"inLanguage":"fr-FR","potentialAction":[{"@type":"ReadAction","target":["https:\/\/gravitybali.com\/privacy-policy\/"]}]},{"@type":"BreadcrumbList","@id":"https:\/\/gravitybali.com\/privacy-policy\/#breadcrumb","itemListElement":[{"@type":"ListItem","position":1,"name":"Home","item":"https:\/\/gravitybali.com\/en\/"},{"@type":"ListItem","position":2,"name":"Privacy Policy"}]},{"@type":"WebSite","@id":"https:\/\/gravitybali.com\/tr\/#website","url":"https:\/\/gravitybali.com\/tr\/","name":"Gravit\u00e9 Bali","description":"Gestion des villas \u00e0 Bali, marketing et investissement","publisher":{"@id":"https:\/\/gravitybali.com\/tr\/#organization"},"potentialAction":[{"@type":"SearchAction","target":{"@type":"EntryPoint","urlTemplate":"https:\/\/gravitybali.com\/tr\/?s={search_term_string}"},"query-input":{"@type":"PropertyValueSpecification","valueRequired":true,"valueName":"search_term_string"}}],"inLanguage":"fr-FR"},{"@type":"Organization","@id":"https:\/\/gravitybali.com\/tr\/#organization","name":"Gravit\u00e9 Bali","url":"https:\/\/gravitybali.com\/tr\/","logo":{"@type":"ImageObject","inLanguage":"fr-FR","@id":"https:\/\/gravitybali.com\/tr\/#\/schema\/logo\/image\/","url":"https:\/\/gravitybali.com\/wp-content\/uploads\/2025\/03\/cropped-GRAVITY-2.png","contentUrl":"https:\/\/gravitybali.com\/wp-content\/uploads\/2025\/03\/cropped-GRAVITY-2.png","width":512,"height":512,"caption":"Gravity Bali"},"image":{"@id":"https:\/\/gravitybali.com\/tr\/#\/schema\/logo\/image\/"}}]}},"_links":{"self":[{"href":"https:\/\/gravitybali.com\/fr\/wp-json\/wp\/v2\/pages\/1727","targetHints":{"allow":["GET"]}}],"collection":[{"href":"https:\/\/gravitybali.com\/fr\/wp-json\/wp\/v2\/pages"}],"about":[{"href":"https:\/\/gravitybali.com\/fr\/wp-json\/wp\/v2\/types\/page"}],"author":[{"embeddable":true,"href":"https:\/\/gravitybali.com\/fr\/wp-json\/wp\/v2\/users\/1"}],"replies":[{"embeddable":true,"href":"https:\/\/gravitybali.com\/fr\/wp-json\/wp\/v2\/comments?post=1727"}],"version-history":[{"count":35,"href":"https:\/\/gravitybali.com\/fr\/wp-json\/wp\/v2\/pages\/1727\/revisions"}],"predecessor-version":[{"id":8241,"href":"https:\/\/gravitybali.com\/fr\/wp-json\/wp\/v2\/pages\/1727\/revisions\/8241"}],"wp:attachment":[{"href":"https:\/\/gravitybali.com\/fr\/wp-json\/wp\/v2\/media?parent=1727"}],"curies":[{"name":"wp","href":"https:\/\/api.w.org\/{rel}","templated":true}]}}