{"id":1841,"date":"2025-04-04T09:04:26","date_gmt":"2025-04-04T09:04:26","guid":{"rendered":"https:\/\/gravitybali.com\/?page_id=1841"},"modified":"2025-09-15T05:23:02","modified_gmt":"2025-09-15T05:23:02","slug":"terminos-servicios","status":"publish","type":"page","link":"https:\/\/gravitybali.com\/es\/terms-services\/","title":{"rendered":"T\u00e9rminos y servicios"},"content":{"rendered":"<div data-elementor-type=\"wp-page\" data-elementor-id=\"1841\" class=\"elementor elementor-1841\" data-elementor-post-type=\"page\">\n\t\t\t\t<div data-dce-background-color=\"#A3BFAA\" class=\"elementor-element elementor-element-51ce7c9 e-flex e-con-boxed e-con e-parent\" data-id=\"51ce7c9\" data-element_type=\"container\" data-e-type=\"container\" data-settings=\"{&quot;background_background&quot;:&quot;gradient&quot;}\">\n\t\t\t\t\t<div class=\"e-con-inner\">\n\t\t\t\t<div class=\"elementor-element elementor-element-c13bff1 elementor-widget__width-inherit elementor-invisible elementor-widget elementor-widget-heading\" data-id=\"c13bff1\" data-element_type=\"widget\" data-e-type=\"widget\" data-settings=\"{&quot;_animation&quot;:&quot;fadeInUp&quot;,&quot;_animation_delay&quot;:200}\" data-widget_type=\"heading.default\">\n\t\t\t\t<div class=\"elementor-widget-container\">\n\t\t\t\t\t<h1 class=\"elementor-heading-title elementor-size-default\">T\u00e9rminos y servicios<\/h1>\t\t\t\t<\/div>\n\t\t\t\t<\/div>\n\t\t\t\t\t<\/div>\n\t\t\t\t<\/div>\n\t\t<div data-dce-background-color=\"#FFFFFF\" class=\"elementor-element elementor-element-aab0ea1 e-flex e-con-boxed e-con e-parent\" data-id=\"aab0ea1\" data-element_type=\"container\" data-e-type=\"container\" data-settings=\"{&quot;background_background&quot;:&quot;classic&quot;}\">\n\t\t\t\t\t<div class=\"e-con-inner\">\n\t\t\t\t<div class=\"elementor-element elementor-element-1a498da elementor-widget elementor-widget-text-editor\" data-id=\"1a498da\" data-element_type=\"widget\" data-e-type=\"widget\" data-widget_type=\"text-editor.default\">\n\t\t\t\t<div class=\"elementor-widget-container\">\n\t\t\t\t\t\t\t\t\t<p><b>Fecha de entrada en vigor:<\/b><span style=\"font-weight: 400;\"> 4 de abril de 2025<br \/><\/span><b>Sitio web:<\/b><span style=\"font-weight: 400;\"> www.gravitybali.com<\/span><\/p>\t\t\t\t\t\t\t\t<\/div>\n\t\t\t\t<\/div>\n\t\t\t\t<div class=\"elementor-element elementor-element-b7697a0 elementor-widget elementor-widget-heading\" data-id=\"b7697a0\" data-element_type=\"widget\" data-e-type=\"widget\" data-widget_type=\"heading.default\">\n\t\t\t\t<div class=\"elementor-widget-container\">\n\t\t\t\t\t<h2 class=\"elementor-heading-title elementor-size-default\">1. Introducci\u00f3n<\/h2>\t\t\t\t<\/div>\n\t\t\t\t<\/div>\n\t\t\t\t<div class=\"elementor-element elementor-element-9c63ac6 elementor-widget elementor-widget-text-editor\" data-id=\"9c63ac6\" data-element_type=\"widget\" data-e-type=\"widget\" data-widget_type=\"text-editor.default\">\n\t\t\t\t<div class=\"elementor-widget-container\">\n\t\t\t\t\t\t\t\t\t<p>Bienvenido a Gravity Bali (\u00abEmpresa\u00bb, \u00abnosotros\u00bb, \u00abnuestro\/a\/os\/as\u00bb o \u00abnos\u00bb). Al acceder o utilizar nuestro sitio web y nuestros servicios, usted (\u00abUsuario\/a\u00bb, \u00abHu\u00e9sped\/a\u00bb, \u00abPropietario\/a\u00bb) acepta estas Condiciones de Servicio (\u00abCondiciones\u00bb). Si no las acepta, le rogamos que deje de utilizar nuestro sitio web o nuestros servicios.<\/p>\t\t\t\t\t\t\t\t<\/div>\n\t\t\t\t<\/div>\n\t\t\t\t<div class=\"elementor-element elementor-element-acbc0d0 elementor-widget elementor-widget-heading\" data-id=\"acbc0d0\" data-element_type=\"widget\" data-e-type=\"widget\" data-widget_type=\"heading.default\">\n\t\t\t\t<div class=\"elementor-widget-container\">\n\t\t\t\t\t<h2 class=\"elementor-heading-title elementor-size-default\">2. Servicios prestados<\/h2>\t\t\t\t<\/div>\n\t\t\t\t<\/div>\n\t\t\t\t<div class=\"elementor-element elementor-element-8b98717 elementor-widget elementor-widget-text-editor\" data-id=\"8b98717\" data-element_type=\"widget\" data-e-type=\"widget\" data-widget_type=\"text-editor.default\">\n\t\t\t\t<div class=\"elementor-widget-container\">\n\t\t\t\t\t\t\t\t\t<p>Gravity Bali se especializa en <strong>Gesti\u00f3n de villas, servicios de hospitalidad y servicios de conserjer\u00eda.<\/strong> En Bali. A trav\u00e9s de nuestro sitio web, puede explorar las villas disponibles, conocer soluciones de administraci\u00f3n de propiedades y descubrir servicios adicionales para alquileres de villas a corto o largo plazo.<\/p>\t\t\t\t\t\t\t\t<\/div>\n\t\t\t\t<\/div>\n\t\t\t\t<div class=\"elementor-element elementor-element-bd39153 elementor-widget elementor-widget-heading\" data-id=\"bd39153\" data-element_type=\"widget\" data-e-type=\"widget\" data-widget_type=\"heading.default\">\n\t\t\t\t<div class=\"elementor-widget-container\">\n\t\t\t\t\t<h2 class=\"elementor-heading-title elementor-size-default\">3. Reserva y pago<\/h2>\t\t\t\t<\/div>\n\t\t\t\t<\/div>\n\t\t\t\t<div class=\"elementor-element elementor-element-0298206 elementor-widget elementor-widget-text-editor\" data-id=\"0298206\" data-element_type=\"widget\" data-e-type=\"widget\" data-widget_type=\"text-editor.default\">\n\t\t\t\t<div class=\"elementor-widget-container\">\n\t\t\t\t\t\t\t\t\t<ul><li style=\"font-weight: 400;\" aria-level=\"1\">Todas las reservas de villas deben confirmarse a trav\u00e9s de una Agencia de Viajes Online (OTA) o directamente con nuestra gerencia.<\/li><li style=\"font-weight: 400;\" aria-level=\"1\">Adem\u00e1s, las condiciones de pago se rigen por las pol\u00edticas de las agencias de viajes online (OTA) o los acuerdos de reserva directa. Asimismo, se ofrecen servicios adicionales, como el servicio de conserjer\u00eda, seg\u00fan disponibilidad y que pueden tener un coste adicional.<\/li><li style=\"font-weight: 400;\" aria-level=\"1\">Los hu\u00e9spedes deben seguir el contrato de alquiler espec\u00edfico de cada villa y las reglas de la casa, que usted firma en l\u00ednea a trav\u00e9s de nuestro administrador de canales.<\/li><\/ul>\t\t\t\t\t\t\t\t<\/div>\n\t\t\t\t<\/div>\n\t\t\t\t<div class=\"elementor-element elementor-element-a074e83 elementor-widget elementor-widget-heading\" data-id=\"a074e83\" data-element_type=\"widget\" data-e-type=\"widget\" data-widget_type=\"heading.default\">\n\t\t\t\t<div class=\"elementor-widget-container\">\n\t\t\t\t\t<h2 class=\"elementor-heading-title elementor-size-default\">4. Cancelaci\u00f3n y reembolsos<\/h2>\t\t\t\t<\/div>\n\t\t\t\t<\/div>\n\t\t\t\t<div class=\"elementor-element elementor-element-67b19b8 elementor-widget elementor-widget-text-editor\" data-id=\"67b19b8\" data-element_type=\"widget\" data-e-type=\"widget\" data-widget_type=\"text-editor.default\">\n\t\t\t\t<div class=\"elementor-widget-container\">\n\t\t\t\t\t\t\t\t\t<ul><li style=\"font-weight: 400;\" aria-level=\"1\">Las pol\u00edticas de cancelaci\u00f3n y reembolso dependen de la OTA o del acuerdo de reserva directa.<\/li><li style=\"font-weight: 400;\" aria-level=\"1\">Sin embargo, no se otorgan reembolsos por no presentarse o salidas anticipadas a menos que se especifique lo contrario.<\/li><\/ul>\t\t\t\t\t\t\t\t<\/div>\n\t\t\t\t<\/div>\n\t\t\t\t<div class=\"elementor-element elementor-element-8e9d309 elementor-widget elementor-widget-heading\" data-id=\"8e9d309\" data-element_type=\"widget\" data-e-type=\"widget\" data-widget_type=\"heading.default\">\n\t\t\t\t<div class=\"elementor-widget-container\">\n\t\t\t\t\t<h2 class=\"elementor-heading-title elementor-size-default\">5. Responsabilidades de los hu\u00e9spedes<\/h2>\t\t\t\t<\/div>\n\t\t\t\t<\/div>\n\t\t\t\t<div class=\"elementor-element elementor-element-a146f09 elementor-widget elementor-widget-text-editor\" data-id=\"a146f09\" data-element_type=\"widget\" data-e-type=\"widget\" data-widget_type=\"text-editor.default\">\n\t\t\t\t<div class=\"elementor-widget-container\">\n\t\t\t\t\t\t\t\t\t<ul><li style=\"font-weight: 400;\" aria-level=\"1\">Los hu\u00e9spedes deben cumplir con todas las responsabilidades enumeradas en el contrato de alquiler despu\u00e9s de realizar la reserva.<\/li><li style=\"font-weight: 400;\" aria-level=\"1\">Adem\u00e1s, deber\u00e1n seguir los procedimientos de entrada y salida seg\u00fan las instrucciones del administrador de la villa.<\/li><\/ul>\t\t\t\t\t\t\t\t<\/div>\n\t\t\t\t<\/div>\n\t\t\t\t<div class=\"elementor-element elementor-element-ce1877c elementor-widget elementor-widget-heading\" data-id=\"ce1877c\" data-element_type=\"widget\" data-e-type=\"widget\" data-widget_type=\"heading.default\">\n\t\t\t\t<div class=\"elementor-widget-container\">\n\t\t\t\t\t<h2 class=\"elementor-heading-title elementor-size-default\">6. Acuerdos entre propietarios de inmuebles<\/h2>\t\t\t\t<\/div>\n\t\t\t\t<\/div>\n\t\t\t\t<div class=\"elementor-element elementor-element-19ab02e elementor-widget elementor-widget-text-editor\" data-id=\"19ab02e\" data-element_type=\"widget\" data-e-type=\"widget\" data-widget_type=\"text-editor.default\">\n\t\t\t\t<div class=\"elementor-widget-container\">\n\t\t\t\t\t\t\t\t\t<p data-start=\"1995\" data-end=\"2081\">Para propietarios asociados con Gravity Bali:<\/p><ul><li data-start=\"1995\" data-end=\"2081\">Ofrecemos un contrato flexible, sin m\u00ednimo, con un per\u00edodo de preaviso de 3 meses para la rescisi\u00f3n por cualquiera de las partes.<\/li><li data-start=\"1995\" data-end=\"2081\">Todos los t\u00e9rminos contractuales aparecen claramente en el acuerdo formal firmado tanto por Gravity Bali como por los propietarios de la villa.<\/li><\/ul>\t\t\t\t\t\t\t\t<\/div>\n\t\t\t\t<\/div>\n\t\t\t\t<div class=\"elementor-element elementor-element-a38550e elementor-widget elementor-widget-heading\" data-id=\"a38550e\" data-element_type=\"widget\" data-e-type=\"widget\" data-widget_type=\"heading.default\">\n\t\t\t\t<div class=\"elementor-widget-container\">\n\t\t\t\t\t<h2 class=\"elementor-heading-title elementor-size-default\">7. Responsabilidad y exenciones de responsabilidad<\/h2>\t\t\t\t<\/div>\n\t\t\t\t<\/div>\n\t\t\t\t<div class=\"elementor-element elementor-element-787fd78 elementor-widget elementor-widget-text-editor\" data-id=\"787fd78\" data-element_type=\"widget\" data-e-type=\"widget\" data-widget_type=\"text-editor.default\">\n\t\t\t\t<div class=\"elementor-widget-container\">\n\t\t\t\t\t\t\t\t\t<ul><li data-start=\"2347\" data-end=\"2555\"><strong data-start=\"2347\" data-end=\"2364\">Seguridad de los hu\u00e9spedes:<\/strong> Gravity Bali no se responsabiliza de accidentes, lesiones ni objetos perdidos durante la estancia. Por lo tanto, se recomienda a los hu\u00e9spedes tomar precauciones, especialmente cerca de piscinas y zonas abiertas.<\/li><li data-start=\"2347\" data-end=\"2555\"><strong data-start=\"2558\" data-end=\"2581\">Servicios de conserjer\u00eda:<\/strong> Los servicios de terceros reservados a trav\u00e9s de nuestro concierge, como transporte, masajes o chefs, est\u00e1n sujetos a disponibilidad. Gravity Bali no se responsabiliza de los problemas causados por estos proveedores.<\/li><li data-start=\"2347\" data-end=\"2555\"><strong data-start=\"2790\" data-end=\"2808\">Fuerza mayor:<\/strong> Gravity Bali no acepta responsabilidad por cancelaciones o interrupciones causadas por eventos imprevistos, como desastres naturales, pandemias o restricciones gubernamentales.<\/li><\/ul>\t\t\t\t\t\t\t\t<\/div>\n\t\t\t\t<\/div>\n\t\t\t\t<div class=\"elementor-element elementor-element-4342253 elementor-widget elementor-widget-heading\" data-id=\"4342253\" data-element_type=\"widget\" data-e-type=\"widget\" data-widget_type=\"heading.default\">\n\t\t\t\t<div class=\"elementor-widget-container\">\n\t\t\t\t\t<h2 class=\"elementor-heading-title elementor-size-default\">8. Pol\u00edtica de privacidad<\/h2>\t\t\t\t<\/div>\n\t\t\t\t<\/div>\n\t\t\t\t<div class=\"elementor-element elementor-element-0b7c726 elementor-widget elementor-widget-text-editor\" data-id=\"0b7c726\" data-element_type=\"widget\" data-e-type=\"widget\" data-widget_type=\"text-editor.default\">\n\t\t\t\t<div class=\"elementor-widget-container\">\n\t\t\t\t\t\t\t\t\t<p>Al utilizar nuestro sitio web y nuestros servicios, usted acepta nuestros t\u00e9rminos y condiciones. <a href=\"https:\/\/gravitybali.com\/es\/politica-de-privacidad\/\">pol\u00edtica de privacidad<\/a> sobre c\u00f3mo recopilamos, usamos y almacenamos sus datos.<\/p>\t\t\t\t\t\t\t\t<\/div>\n\t\t\t\t<\/div>\n\t\t\t\t<div class=\"elementor-element elementor-element-386ebce elementor-widget elementor-widget-heading\" data-id=\"386ebce\" data-element_type=\"widget\" data-e-type=\"widget\" data-widget_type=\"heading.default\">\n\t\t\t\t<div class=\"elementor-widget-container\">\n\t\t\t\t\t<h2 class=\"elementor-heading-title elementor-size-default\">9. Modificaciones de los T\u00e9rminos<\/h2>\t\t\t\t<\/div>\n\t\t\t\t<\/div>\n\t\t\t\t<div class=\"elementor-element elementor-element-ef0153b elementor-widget elementor-widget-text-editor\" data-id=\"ef0153b\" data-element_type=\"widget\" data-e-type=\"widget\" data-widget_type=\"text-editor.default\">\n\t\t\t\t<div class=\"elementor-widget-container\">\n\t\t\t\t\t\t\t\t\t<p>Gravity Bali se reserva el derecho de actualizar estos T\u00e9rminos en cualquier momento. Por lo tanto, si contin\u00faa utilizando el sitio web o los servicios despu\u00e9s de las actualizaciones, significa que acepta los T\u00e9rminos revisados.<\/p>\t\t\t\t\t\t\t\t<\/div>\n\t\t\t\t<\/div>\n\t\t\t\t<div class=\"elementor-element elementor-element-9fda909 elementor-widget elementor-widget-heading\" data-id=\"9fda909\" data-element_type=\"widget\" data-e-type=\"widget\" data-widget_type=\"heading.default\">\n\t\t\t\t<div class=\"elementor-widget-container\">\n\t\t\t\t\t<h2 class=\"elementor-heading-title elementor-size-default\">10. Informaci\u00f3n de contacto<\/h2>\t\t\t\t<\/div>\n\t\t\t\t<\/div>\n\t\t\t\t<div class=\"elementor-element elementor-element-dde5615 elementor-widget elementor-widget-text-editor\" data-id=\"dde5615\" data-element_type=\"widget\" data-e-type=\"widget\" data-widget_type=\"text-editor.default\">\n\t\t\t\t<div class=\"elementor-widget-container\">\n\t\t\t\t\t\t\t\t\t<p><span style=\"font-weight: 400;\">Si tiene preguntas o inquietudes con respecto a estos T\u00e9rminos, cont\u00e1ctenos a:<\/span><span style=\"font-weight: 400;\"><br \/><\/span><span style=\"font-weight: 400;\"> \ud83d\udce7 <\/span><b>Correo electr\u00f3nico:<\/b> <a href=\"mailto:contact@gravitybali.com\"><span style=\"font-weight: 400;\">contact@gravitybali.com<\/span><\/a><\/p>\t\t\t\t\t\t\t\t<\/div>\n\t\t\t\t<\/div>\n\t\t\t\t\t<\/div>\n\t\t\t\t<\/div>\n\t\t\t\t<\/div>","protected":false},"excerpt":{"rendered":"<p>Terms &amp; Services Effective Date: 4th April 2025Website: www.gravitybali.com 1. Introduction Welcome to Gravity Bali (\u201cCompany,\u201d \u201cwe,\u201d \u201cour,\u201d or \u201cus\u201d). By accessing or using our website and services, you (\u201cUser,\u201d \u201cGuest,\u201d \u201cProperty Owner\u201d) agree to these Terms of Service (\u201cTerms\u201d). If you do not agree, please stop using our website or services. 2. Services Provided [&hellip;]<\/p>\n","protected":false},"author":1,"featured_media":0,"parent":0,"menu_order":0,"comment_status":"closed","ping_status":"closed","template":"elementor_header_footer","meta":{"_acf_changed":false,"footnotes":""},"class_list":["post-1841","page","type-page","status-publish","hentry"],"acf":[],"yoast_head":"<!-- This site is optimized with the Yoast SEO Premium plugin v26.5 (Yoast SEO v27.5) - https:\/\/yoast.com\/product\/yoast-seo-premium-wordpress\/ -->\n<title>Gravity Bali Terms &amp; Service | Villa Management &amp; Booking Policies<\/title>\n<meta name=\"description\" content=\"Gravity Bali Terms &amp; Service: villa management, bookings, payments, cancellations, and owner agreements in Bali.\" \/>\n<meta name=\"robots\" content=\"index, follow, max-snippet:-1, max-image-preview:large, max-video-preview:-1\" \/>\n<link rel=\"canonical\" href=\"https:\/\/gravitybali.com\/es\/terminos-servicios\/\" \/>\n<meta property=\"og:locale\" content=\"es_ES\" \/>\n<meta property=\"og:type\" content=\"article\" \/>\n<meta property=\"og:title\" content=\"Terms &amp; Services\" \/>\n<meta property=\"og:description\" content=\"Gravity Bali Terms &amp; Service: villa management, bookings, payments, cancellations, and owner agreements in Bali.\" \/>\n<meta property=\"og:url\" content=\"https:\/\/gravitybali.com\/es\/terminos-servicios\/\" \/>\n<meta property=\"og:site_name\" content=\"Gravity Bali\" \/>\n<meta property=\"article:modified_time\" content=\"2025-09-15T05:23:02+00:00\" \/>\n<meta property=\"og:image\" content=\"https:\/\/gravitybali.com\/wp-content\/uploads\/2025\/03\/cropped-GRAVITY-2.png\" \/>\n\t<meta property=\"og:image:width\" content=\"512\" \/>\n\t<meta property=\"og:image:height\" content=\"512\" \/>\n\t<meta property=\"og:image:type\" content=\"image\/png\" \/>\n<meta name=\"twitter:card\" content=\"summary_large_image\" \/>\n<meta name=\"twitter:label1\" content=\"Tiempo de lectura\" \/>\n\t<meta name=\"twitter:data1\" content=\"2 minutos\" \/>\n<script type=\"application\/ld+json\" class=\"yoast-schema-graph\">{\"@context\":\"https:\\\/\\\/schema.org\",\"@graph\":[{\"@type\":\"WebPage\",\"@id\":\"https:\\\/\\\/gravitybali.com\\\/de\\\/bedingungen-dienstleistungen\\\/\",\"url\":\"https:\\\/\\\/gravitybali.com\\\/de\\\/bedingungen-dienstleistungen\\\/\",\"name\":\"Gravity Bali Terms & Service | Villa Management & Booking Policies\",\"isPartOf\":{\"@id\":\"https:\\\/\\\/gravitybali.com\\\/tr\\\/#website\"},\"datePublished\":\"2025-04-04T09:04:26+00:00\",\"dateModified\":\"2025-09-15T05:23:02+00:00\",\"description\":\"Gravity Bali Terms & Service: villa management, bookings, payments, cancellations, and owner agreements in Bali.\",\"breadcrumb\":{\"@id\":\"https:\\\/\\\/gravitybali.com\\\/de\\\/bedingungen-dienstleistungen\\\/#breadcrumb\"},\"inLanguage\":\"es\",\"potentialAction\":[{\"@type\":\"ReadAction\",\"target\":[\"https:\\\/\\\/gravitybali.com\\\/de\\\/bedingungen-dienstleistungen\\\/\"]}]},{\"@type\":\"BreadcrumbList\",\"@id\":\"https:\\\/\\\/gravitybali.com\\\/de\\\/bedingungen-dienstleistungen\\\/#breadcrumb\",\"itemListElement\":[{\"@type\":\"ListItem\",\"position\":1,\"name\":\"Home\",\"item\":\"https:\\\/\\\/gravitybali.com\\\/en\\\/\"},{\"@type\":\"ListItem\",\"position\":2,\"name\":\"Terms &amp; Services\"}]},{\"@type\":\"WebSite\",\"@id\":\"https:\\\/\\\/gravitybali.com\\\/tr\\\/#website\",\"url\":\"https:\\\/\\\/gravitybali.com\\\/tr\\\/\",\"name\":\"Gravity Bali\",\"description\":\"Bali Villa Management,\\u2028Marketing &amp; Investment\",\"publisher\":{\"@id\":\"https:\\\/\\\/gravitybali.com\\\/tr\\\/#organization\"},\"potentialAction\":[{\"@type\":\"SearchAction\",\"target\":{\"@type\":\"EntryPoint\",\"urlTemplate\":\"https:\\\/\\\/gravitybali.com\\\/tr\\\/?s={search_term_string}\"},\"query-input\":{\"@type\":\"PropertyValueSpecification\",\"valueRequired\":true,\"valueName\":\"search_term_string\"}}],\"inLanguage\":\"es\"},{\"@type\":\"Organization\",\"@id\":\"https:\\\/\\\/gravitybali.com\\\/tr\\\/#organization\",\"name\":\"Gravity Bali\",\"url\":\"https:\\\/\\\/gravitybali.com\\\/tr\\\/\",\"logo\":{\"@type\":\"ImageObject\",\"inLanguage\":\"es\",\"@id\":\"https:\\\/\\\/gravitybali.com\\\/tr\\\/#\\\/schema\\\/logo\\\/image\\\/\",\"url\":\"https:\\\/\\\/gravitybali.com\\\/wp-content\\\/uploads\\\/2025\\\/03\\\/cropped-GRAVITY-2.png\",\"contentUrl\":\"https:\\\/\\\/gravitybali.com\\\/wp-content\\\/uploads\\\/2025\\\/03\\\/cropped-GRAVITY-2.png\",\"width\":512,\"height\":512,\"caption\":\"Gravity Bali\"},\"image\":{\"@id\":\"https:\\\/\\\/gravitybali.com\\\/tr\\\/#\\\/schema\\\/logo\\\/image\\\/\"}}]}<\/script>\n<!-- \/ Yoast SEO Premium plugin. -->","yoast_head_json":{"title":"T\u00e9rminos y condiciones de Gravity Bali | Pol\u00edticas de gesti\u00f3n y reserva de villas","description":"T\u00e9rminos y servicio de Gravity Bali: administraci\u00f3n de villas, reservas, pagos, cancelaciones y acuerdos con propietarios en Bali.","robots":{"index":"index","follow":"follow","max-snippet":"max-snippet:-1","max-image-preview":"max-image-preview:large","max-video-preview":"max-video-preview:-1"},"canonical":"https:\/\/gravitybali.com\/es\/terminos-servicios\/","og_locale":"es_ES","og_type":"article","og_title":"Terms &amp; Services","og_description":"Gravity Bali Terms & Service: villa management, bookings, payments, cancellations, and owner agreements in Bali.","og_url":"https:\/\/gravitybali.com\/es\/terminos-servicios\/","og_site_name":"Gravity Bali","article_modified_time":"2025-09-15T05:23:02+00:00","og_image":[{"width":512,"height":512,"url":"https:\/\/gravitybali.com\/wp-content\/uploads\/2025\/03\/cropped-GRAVITY-2.png","type":"image\/png"}],"twitter_card":"summary_large_image","twitter_misc":{"Tiempo de lectura":"2 minutos"},"schema":{"@context":"https:\/\/schema.org","@graph":[{"@type":"WebPage","@id":"https:\/\/gravitybali.com\/de\/bedingungen-dienstleistungen\/","url":"https:\/\/gravitybali.com\/de\/bedingungen-dienstleistungen\/","name":"T\u00e9rminos y condiciones de Gravity Bali | Pol\u00edticas de gesti\u00f3n y reserva de villas","isPartOf":{"@id":"https:\/\/gravitybali.com\/tr\/#website"},"datePublished":"2025-04-04T09:04:26+00:00","dateModified":"2025-09-15T05:23:02+00:00","description":"T\u00e9rminos y servicio de Gravity Bali: administraci\u00f3n de villas, reservas, pagos, cancelaciones y acuerdos con propietarios en Bali.","breadcrumb":{"@id":"https:\/\/gravitybali.com\/de\/bedingungen-dienstleistungen\/#breadcrumb"},"inLanguage":"es","potentialAction":[{"@type":"ReadAction","target":["https:\/\/gravitybali.com\/de\/bedingungen-dienstleistungen\/"]}]},{"@type":"BreadcrumbList","@id":"https:\/\/gravitybali.com\/de\/bedingungen-dienstleistungen\/#breadcrumb","itemListElement":[{"@type":"ListItem","position":1,"name":"Home","item":"https:\/\/gravitybali.com\/en\/"},{"@type":"ListItem","position":2,"name":"Terms &amp; Services"}]},{"@type":"WebSite","@id":"https:\/\/gravitybali.com\/tr\/#website","url":"https:\/\/gravitybali.com\/tr\/","name":"Gravedad Bali","description":"Gesti\u00f3n, marketing e inversi\u00f3n en villas en Bali","publisher":{"@id":"https:\/\/gravitybali.com\/tr\/#organization"},"potentialAction":[{"@type":"SearchAction","target":{"@type":"EntryPoint","urlTemplate":"https:\/\/gravitybali.com\/tr\/?s={search_term_string}"},"query-input":{"@type":"PropertyValueSpecification","valueRequired":true,"valueName":"search_term_string"}}],"inLanguage":"es"},{"@type":"Organization","@id":"https:\/\/gravitybali.com\/tr\/#organization","name":"Gravedad Bali","url":"https:\/\/gravitybali.com\/tr\/","logo":{"@type":"ImageObject","inLanguage":"es","@id":"https:\/\/gravitybali.com\/tr\/#\/schema\/logo\/image\/","url":"https:\/\/gravitybali.com\/wp-content\/uploads\/2025\/03\/cropped-GRAVITY-2.png","contentUrl":"https:\/\/gravitybali.com\/wp-content\/uploads\/2025\/03\/cropped-GRAVITY-2.png","width":512,"height":512,"caption":"Gravity Bali"},"image":{"@id":"https:\/\/gravitybali.com\/tr\/#\/schema\/logo\/image\/"}}]}},"_links":{"self":[{"href":"https:\/\/gravitybali.com\/es\/wp-json\/wp\/v2\/pages\/1841","targetHints":{"allow":["GET"]}}],"collection":[{"href":"https:\/\/gravitybali.com\/es\/wp-json\/wp\/v2\/pages"}],"about":[{"href":"https:\/\/gravitybali.com\/es\/wp-json\/wp\/v2\/types\/page"}],"author":[{"embeddable":true,"href":"https:\/\/gravitybali.com\/es\/wp-json\/wp\/v2\/users\/1"}],"replies":[{"embeddable":true,"href":"https:\/\/gravitybali.com\/es\/wp-json\/wp\/v2\/comments?post=1841"}],"version-history":[{"count":21,"href":"https:\/\/gravitybali.com\/es\/wp-json\/wp\/v2\/pages\/1841\/revisions"}],"predecessor-version":[{"id":6683,"href":"https:\/\/gravitybali.com\/es\/wp-json\/wp\/v2\/pages\/1841\/revisions\/6683"}],"wp:attachment":[{"href":"https:\/\/gravitybali.com\/es\/wp-json\/wp\/v2\/media?parent=1841"}],"curies":[{"name":"wp","href":"https:\/\/api.w.org\/{rel}","templated":true}]}}