{"id":1841,"date":"2025-04-04T09:04:26","date_gmt":"2025-04-04T09:04:26","guid":{"rendered":"https:\/\/gravitybali.com\/?page_id=1841"},"modified":"2025-09-15T05:23:02","modified_gmt":"2025-09-15T05:23:02","slug":"bedingungen-dienstleistungen","status":"publish","type":"page","link":"https:\/\/gravitybali.com\/de\/terms-services\/","title":{"rendered":"Bedingungen und Services"},"content":{"rendered":"<div data-elementor-type=\"wp-page\" data-elementor-id=\"1841\" class=\"elementor elementor-1841\" data-elementor-post-type=\"page\">\n\t\t\t\t<div data-dce-background-color=\"#A3BFAA\" class=\"elementor-element elementor-element-51ce7c9 e-flex e-con-boxed e-con e-parent\" data-id=\"51ce7c9\" data-element_type=\"container\" data-e-type=\"container\" data-settings=\"{&quot;background_background&quot;:&quot;gradient&quot;}\">\n\t\t\t\t\t<div class=\"e-con-inner\">\n\t\t\t\t<div class=\"elementor-element elementor-element-c13bff1 elementor-widget__width-inherit elementor-invisible elementor-widget elementor-widget-heading\" data-id=\"c13bff1\" data-element_type=\"widget\" data-e-type=\"widget\" data-settings=\"{&quot;_animation&quot;:&quot;fadeInUp&quot;,&quot;_animation_delay&quot;:200}\" data-widget_type=\"heading.default\">\n\t\t\t\t<div class=\"elementor-widget-container\">\n\t\t\t\t\t<h1 class=\"elementor-heading-title elementor-size-default\">Bedingungen und Services<\/h1>\t\t\t\t<\/div>\n\t\t\t\t<\/div>\n\t\t\t\t\t<\/div>\n\t\t\t\t<\/div>\n\t\t<div data-dce-background-color=\"#FFFFFF\" class=\"elementor-element elementor-element-aab0ea1 e-flex e-con-boxed e-con e-parent\" data-id=\"aab0ea1\" data-element_type=\"container\" data-e-type=\"container\" data-settings=\"{&quot;background_background&quot;:&quot;classic&quot;}\">\n\t\t\t\t\t<div class=\"e-con-inner\">\n\t\t\t\t<div class=\"elementor-element elementor-element-1a498da elementor-widget elementor-widget-text-editor\" data-id=\"1a498da\" data-element_type=\"widget\" data-e-type=\"widget\" data-widget_type=\"text-editor.default\">\n\t\t\t\t<div class=\"elementor-widget-container\">\n\t\t\t\t\t\t\t\t\t<p><b>Datum des Inkrafttretens:<\/b><span style=\"font-weight: 400;\"> 4. April 2025<br \/><\/span><b>Webseite:<\/b><span style=\"font-weight: 400;\"> www.gravitybali.com<\/span><\/p>\t\t\t\t\t\t\t\t<\/div>\n\t\t\t\t<\/div>\n\t\t\t\t<div class=\"elementor-element elementor-element-b7697a0 elementor-widget elementor-widget-heading\" data-id=\"b7697a0\" data-element_type=\"widget\" data-e-type=\"widget\" data-widget_type=\"heading.default\">\n\t\t\t\t<div class=\"elementor-widget-container\">\n\t\t\t\t\t<h2 class=\"elementor-heading-title elementor-size-default\">1. Einleitung<\/h2>\t\t\t\t<\/div>\n\t\t\t\t<\/div>\n\t\t\t\t<div class=\"elementor-element elementor-element-9c63ac6 elementor-widget elementor-widget-text-editor\" data-id=\"9c63ac6\" data-element_type=\"widget\" data-e-type=\"widget\" data-widget_type=\"text-editor.default\">\n\t\t\t\t<div class=\"elementor-widget-container\">\n\t\t\t\t\t\t\t\t\t<p>Willkommen bei Gravity Bali (\u201eUnternehmen\u201c, \u201ewir\u201c, \u201eunser\u201c oder \u201euns\u201c). Durch den Zugriff auf oder die Nutzung unserer Website und Dienste erkl\u00e4ren Sie (\u201eBenutzer\u201c, \u201eGast\u201c, \u201eEigent\u00fcmer\u201c) sich mit diesen Nutzungsbedingungen (\u201eBedingungen\u201c) einverstanden. Sollten Sie nicht einverstanden sein, nutzen Sie unsere Website und Dienste bitte nicht mehr.<\/p>\t\t\t\t\t\t\t\t<\/div>\n\t\t\t\t<\/div>\n\t\t\t\t<div class=\"elementor-element elementor-element-acbc0d0 elementor-widget elementor-widget-heading\" data-id=\"acbc0d0\" data-element_type=\"widget\" data-e-type=\"widget\" data-widget_type=\"heading.default\">\n\t\t\t\t<div class=\"elementor-widget-container\">\n\t\t\t\t\t<h2 class=\"elementor-heading-title elementor-size-default\">2. Erbrachte Leistungen<\/h2>\t\t\t\t<\/div>\n\t\t\t\t<\/div>\n\t\t\t\t<div class=\"elementor-element elementor-element-8b98717 elementor-widget elementor-widget-text-editor\" data-id=\"8b98717\" data-element_type=\"widget\" data-e-type=\"widget\" data-widget_type=\"text-editor.default\">\n\t\t\t\t<div class=\"elementor-widget-container\">\n\t\t\t\t\t\t\t\t\t<p>Gravity Bali ist spezialisiert auf <strong>Villenverwaltung, Gastfreundschaftsdienste und Concierge-Dienste<\/strong> auf Bali. Auf unserer Website k\u00f6nnen Sie verf\u00fcgbare Villen erkunden, sich \u00fcber Immobilienverwaltungsl\u00f6sungen informieren und zus\u00e4tzliche Dienstleistungen f\u00fcr die kurzfristige oder langfristige Villenmiete entdecken.<\/p>\t\t\t\t\t\t\t\t<\/div>\n\t\t\t\t<\/div>\n\t\t\t\t<div class=\"elementor-element elementor-element-bd39153 elementor-widget elementor-widget-heading\" data-id=\"bd39153\" data-element_type=\"widget\" data-e-type=\"widget\" data-widget_type=\"heading.default\">\n\t\t\t\t<div class=\"elementor-widget-container\">\n\t\t\t\t\t<h2 class=\"elementor-heading-title elementor-size-default\">3. Buchung &amp; Zahlung<\/h2>\t\t\t\t<\/div>\n\t\t\t\t<\/div>\n\t\t\t\t<div class=\"elementor-element elementor-element-0298206 elementor-widget elementor-widget-text-editor\" data-id=\"0298206\" data-element_type=\"widget\" data-e-type=\"widget\" data-widget_type=\"text-editor.default\">\n\t\t\t\t<div class=\"elementor-widget-container\">\n\t\t\t\t\t\t\t\t\t<ul><li style=\"font-weight: 400;\" aria-level=\"1\">Alle Villenbuchungen m\u00fcssen entweder \u00fcber ein Online-Reiseb\u00fcro (OTA) oder direkt bei unserem Management best\u00e4tigt werden.<\/li><li style=\"font-weight: 400;\" aria-level=\"1\">Dar\u00fcber hinaus richten sich die Zahlungsbedingungen nach den OTA-Richtlinien oder Direktbuchungsvereinbarungen. Dar\u00fcber hinaus sind je nach Verf\u00fcgbarkeit zus\u00e4tzliche Dienste wie Concierge-Support verf\u00fcgbar und k\u00f6nnen zus\u00e4tzliche Kosten verursachen.<\/li><li style=\"font-weight: 400;\" aria-level=\"1\">G\u00e4ste m\u00fcssen den spezifischen Mietvertrag und die Hausordnung jeder Villa befolgen, die Sie online \u00fcber unseren Channel Manager unterzeichnen.<\/li><\/ul>\t\t\t\t\t\t\t\t<\/div>\n\t\t\t\t<\/div>\n\t\t\t\t<div class=\"elementor-element elementor-element-a074e83 elementor-widget elementor-widget-heading\" data-id=\"a074e83\" data-element_type=\"widget\" data-e-type=\"widget\" data-widget_type=\"heading.default\">\n\t\t\t\t<div class=\"elementor-widget-container\">\n\t\t\t\t\t<h2 class=\"elementor-heading-title elementor-size-default\">4. Stornierung und R\u00fcckerstattung<\/h2>\t\t\t\t<\/div>\n\t\t\t\t<\/div>\n\t\t\t\t<div class=\"elementor-element elementor-element-67b19b8 elementor-widget elementor-widget-text-editor\" data-id=\"67b19b8\" data-element_type=\"widget\" data-e-type=\"widget\" data-widget_type=\"text-editor.default\">\n\t\t\t\t<div class=\"elementor-widget-container\">\n\t\t\t\t\t\t\t\t\t<ul><li style=\"font-weight: 400;\" aria-level=\"1\">Stornierungs- und R\u00fcckerstattungsrichtlinien h\u00e4ngen von der OTA- oder Direktbuchungsvereinbarung ab.<\/li><li style=\"font-weight: 400;\" aria-level=\"1\">Bei Nichterscheinen oder vorzeitiger Abreise erfolgt jedoch keine R\u00fcckerstattung, sofern nicht anders angegeben.<\/li><\/ul>\t\t\t\t\t\t\t\t<\/div>\n\t\t\t\t<\/div>\n\t\t\t\t<div class=\"elementor-element elementor-element-8e9d309 elementor-widget elementor-widget-heading\" data-id=\"8e9d309\" data-element_type=\"widget\" data-e-type=\"widget\" data-widget_type=\"heading.default\">\n\t\t\t\t<div class=\"elementor-widget-container\">\n\t\t\t\t\t<h2 class=\"elementor-heading-title elementor-size-default\">5. Pflichten des Gastes<\/h2>\t\t\t\t<\/div>\n\t\t\t\t<\/div>\n\t\t\t\t<div class=\"elementor-element elementor-element-a146f09 elementor-widget elementor-widget-text-editor\" data-id=\"a146f09\" data-element_type=\"widget\" data-e-type=\"widget\" data-widget_type=\"text-editor.default\">\n\t\t\t\t<div class=\"elementor-widget-container\">\n\t\t\t\t\t\t\t\t\t<ul><li style=\"font-weight: 400;\" aria-level=\"1\">G\u00e4ste m\u00fcssen nach der Buchung alle im Mietvertrag aufgef\u00fchrten Pflichten erf\u00fcllen.<\/li><li style=\"font-weight: 400;\" aria-level=\"1\">Au\u00dferdem m\u00fcssen sie die Check-in- und Check-out-Verfahren gem\u00e4\u00df den Anweisungen des Villa-Managers befolgen.<\/li><\/ul>\t\t\t\t\t\t\t\t<\/div>\n\t\t\t\t<\/div>\n\t\t\t\t<div class=\"elementor-element elementor-element-ce1877c elementor-widget elementor-widget-heading\" data-id=\"ce1877c\" data-element_type=\"widget\" data-e-type=\"widget\" data-widget_type=\"heading.default\">\n\t\t\t\t<div class=\"elementor-widget-container\">\n\t\t\t\t\t<h2 class=\"elementor-heading-title elementor-size-default\">6. Eigent\u00fcmervertr\u00e4ge<\/h2>\t\t\t\t<\/div>\n\t\t\t\t<\/div>\n\t\t\t\t<div class=\"elementor-element elementor-element-19ab02e elementor-widget elementor-widget-text-editor\" data-id=\"19ab02e\" data-element_type=\"widget\" data-e-type=\"widget\" data-widget_type=\"text-editor.default\">\n\t\t\t\t<div class=\"elementor-widget-container\">\n\t\t\t\t\t\t\t\t\t<p data-start=\"1995\" data-end=\"2081\">F\u00fcr Immobilienbesitzer, die mit Gravity Bali zusammenarbeiten:<\/p><ul><li data-start=\"1995\" data-end=\"2081\">Wir bieten einen flexiblen Vertrag ohne Mindestlaufzeit mit einer K\u00fcndigungsfrist von 3 Monaten f\u00fcr beide Parteien.<\/li><li data-start=\"1995\" data-end=\"2081\">Alle Vertragsbedingungen sind in der formellen Vereinbarung, die sowohl von Gravity Bali als auch von den Villenbesitzern unterzeichnet wurde, klar aufgef\u00fchrt.<\/li><\/ul>\t\t\t\t\t\t\t\t<\/div>\n\t\t\t\t<\/div>\n\t\t\t\t<div class=\"elementor-element elementor-element-a38550e elementor-widget elementor-widget-heading\" data-id=\"a38550e\" data-element_type=\"widget\" data-e-type=\"widget\" data-widget_type=\"heading.default\">\n\t\t\t\t<div class=\"elementor-widget-container\">\n\t\t\t\t\t<h2 class=\"elementor-heading-title elementor-size-default\">7. Haftung &amp; Haftungsausschluss<\/h2>\t\t\t\t<\/div>\n\t\t\t\t<\/div>\n\t\t\t\t<div class=\"elementor-element elementor-element-787fd78 elementor-widget elementor-widget-text-editor\" data-id=\"787fd78\" data-element_type=\"widget\" data-e-type=\"widget\" data-widget_type=\"text-editor.default\">\n\t\t\t\t<div class=\"elementor-widget-container\">\n\t\t\t\t\t\t\t\t\t<ul><li data-start=\"2347\" data-end=\"2555\"><strong data-start=\"2347\" data-end=\"2364\">Sicherheit der G\u00e4ste:<\/strong> Gravity Bali \u00fcbernimmt keine Verantwortung f\u00fcr Unf\u00e4lle, Verletzungen oder verlorene Gegenst\u00e4nde w\u00e4hrend des Aufenthalts eines Gastes. Daher sollten G\u00e4ste Vorsichtsma\u00dfnahmen treffen, insbesondere in der N\u00e4he von Pools und offenen Bereichen.<\/li><li data-start=\"2347\" data-end=\"2555\"><strong data-start=\"2558\" data-end=\"2581\">Concierge-Service:<\/strong> \u00dcber unseren Concierge gebuchte Leistungen von Drittanbietern wie Transport, Massagen oder K\u00f6che sind abh\u00e4ngig von der Verf\u00fcgbarkeit. Gravity Bali \u00fcbernimmt keine Haftung f\u00fcr etwaige Probleme, die durch diese Anbieter verursacht werden.<\/li><li data-start=\"2347\" data-end=\"2555\"><strong data-start=\"2790\" data-end=\"2808\">H\u00f6here Gewalt:<\/strong> Gravity Bali \u00fcbernimmt keine Haftung f\u00fcr Stornierungen oder Unterbrechungen aufgrund unvorhergesehener Ereignisse wie Naturkatastrophen, Pandemien oder staatlicher Beschr\u00e4nkungen.<\/li><\/ul>\t\t\t\t\t\t\t\t<\/div>\n\t\t\t\t<\/div>\n\t\t\t\t<div class=\"elementor-element elementor-element-4342253 elementor-widget elementor-widget-heading\" data-id=\"4342253\" data-element_type=\"widget\" data-e-type=\"widget\" data-widget_type=\"heading.default\">\n\t\t\t\t<div class=\"elementor-widget-container\">\n\t\t\t\t\t<h2 class=\"elementor-heading-title elementor-size-default\">8. Datenschutz<\/h2>\t\t\t\t<\/div>\n\t\t\t\t<\/div>\n\t\t\t\t<div class=\"elementor-element elementor-element-0b7c726 elementor-widget elementor-widget-text-editor\" data-id=\"0b7c726\" data-element_type=\"widget\" data-e-type=\"widget\" data-widget_type=\"text-editor.default\">\n\t\t\t\t<div class=\"elementor-widget-container\">\n\t\t\t\t\t\t\t\t\t<p>Durch die Nutzung unserer Website und Dienste erkl\u00e4ren Sie sich mit unseren <a href=\"https:\/\/gravitybali.com\/de\/datenschutzrichtlinie\/\">Datenschutzrichtlinie<\/a> dar\u00fcber, wie wir Ihre Daten erfassen, verwenden und speichern.<\/p>\t\t\t\t\t\t\t\t<\/div>\n\t\t\t\t<\/div>\n\t\t\t\t<div class=\"elementor-element elementor-element-386ebce elementor-widget elementor-widget-heading\" data-id=\"386ebce\" data-element_type=\"widget\" data-e-type=\"widget\" data-widget_type=\"heading.default\">\n\t\t\t\t<div class=\"elementor-widget-container\">\n\t\t\t\t\t<h2 class=\"elementor-heading-title elementor-size-default\">9. \u00c4nderungen der Bedingungen<\/h2>\t\t\t\t<\/div>\n\t\t\t\t<\/div>\n\t\t\t\t<div class=\"elementor-element elementor-element-ef0153b elementor-widget elementor-widget-text-editor\" data-id=\"ef0153b\" data-element_type=\"widget\" data-e-type=\"widget\" data-widget_type=\"text-editor.default\">\n\t\t\t\t<div class=\"elementor-widget-container\">\n\t\t\t\t\t\t\t\t\t<p>Gravity Bali beh\u00e4lt sich das Recht vor, diese Bedingungen jederzeit zu aktualisieren. Wenn Sie die Website oder Dienste nach der Aktualisierung weiterhin nutzen, akzeptieren Sie die \u00fcberarbeiteten Bedingungen.<\/p>\t\t\t\t\t\t\t\t<\/div>\n\t\t\t\t<\/div>\n\t\t\t\t<div class=\"elementor-element elementor-element-9fda909 elementor-widget elementor-widget-heading\" data-id=\"9fda909\" data-element_type=\"widget\" data-e-type=\"widget\" data-widget_type=\"heading.default\">\n\t\t\t\t<div class=\"elementor-widget-container\">\n\t\t\t\t\t<h2 class=\"elementor-heading-title elementor-size-default\">10. Kontaktinformationen<\/h2>\t\t\t\t<\/div>\n\t\t\t\t<\/div>\n\t\t\t\t<div class=\"elementor-element elementor-element-dde5615 elementor-widget elementor-widget-text-editor\" data-id=\"dde5615\" data-element_type=\"widget\" data-e-type=\"widget\" data-widget_type=\"text-editor.default\">\n\t\t\t\t<div class=\"elementor-widget-container\">\n\t\t\t\t\t\t\t\t\t<p><span style=\"font-weight: 400;\">Bei Fragen oder Bedenken bez\u00fcglich dieser Bedingungen kontaktieren Sie uns unter:<\/span><span style=\"font-weight: 400;\"><br \/><\/span><span style=\"font-weight: 400;\"> \ud83d\udce7 <\/span><b>E-Mail:<\/b> <a href=\"mailto:contact@gravitybali.com\"><span style=\"font-weight: 400;\">contact@gravitybali.com<\/span><\/a><\/p>\t\t\t\t\t\t\t\t<\/div>\n\t\t\t\t<\/div>\n\t\t\t\t\t<\/div>\n\t\t\t\t<\/div>\n\t\t\t\t<\/div>","protected":false},"excerpt":{"rendered":"<p>Terms &amp; Services Effective Date: 4th April 2025Website: www.gravitybali.com 1. Introduction Welcome to Gravity Bali (\u201cCompany,\u201d \u201cwe,\u201d \u201cour,\u201d or \u201cus\u201d). By accessing or using our website and services, you (\u201cUser,\u201d \u201cGuest,\u201d \u201cProperty Owner\u201d) agree to these Terms of Service (\u201cTerms\u201d). If you do not agree, please stop using our website or services. 2. Services Provided [&hellip;]<\/p>\n","protected":false},"author":1,"featured_media":0,"parent":0,"menu_order":0,"comment_status":"closed","ping_status":"closed","template":"elementor_header_footer","meta":{"_acf_changed":false,"footnotes":""},"class_list":["post-1841","page","type-page","status-publish","hentry"],"acf":[],"yoast_head":"<!-- This site is optimized with the Yoast SEO Premium plugin v26.5 (Yoast SEO v27.5) - https:\/\/yoast.com\/product\/yoast-seo-premium-wordpress\/ -->\n<title>Gravity Bali Terms &amp; Service | Villa Management &amp; Booking Policies<\/title>\n<meta name=\"description\" content=\"Gravity Bali Terms &amp; Service: villa management, bookings, payments, cancellations, and owner agreements in Bali.\" \/>\n<meta name=\"robots\" content=\"index, follow, max-snippet:-1, max-image-preview:large, max-video-preview:-1\" \/>\n<link rel=\"canonical\" href=\"https:\/\/gravitybali.com\/de\/bedingungen-dienstleistungen\/\" \/>\n<meta property=\"og:locale\" content=\"de_DE\" \/>\n<meta property=\"og:type\" content=\"article\" \/>\n<meta property=\"og:title\" content=\"Terms &amp; Services\" \/>\n<meta property=\"og:description\" content=\"Gravity Bali Terms &amp; Service: villa management, bookings, payments, cancellations, and owner agreements in Bali.\" \/>\n<meta property=\"og:url\" content=\"https:\/\/gravitybali.com\/de\/bedingungen-dienstleistungen\/\" \/>\n<meta property=\"og:site_name\" content=\"Gravity Bali\" \/>\n<meta property=\"article:modified_time\" content=\"2025-09-15T05:23:02+00:00\" \/>\n<meta property=\"og:image\" content=\"https:\/\/gravitybali.com\/wp-content\/uploads\/2025\/03\/cropped-GRAVITY-2.png\" \/>\n\t<meta property=\"og:image:width\" content=\"512\" \/>\n\t<meta property=\"og:image:height\" content=\"512\" \/>\n\t<meta property=\"og:image:type\" content=\"image\/png\" \/>\n<meta name=\"twitter:card\" content=\"summary_large_image\" \/>\n<meta name=\"twitter:label1\" content=\"Gesch\u00e4tzte Lesezeit\" \/>\n\t<meta name=\"twitter:data1\" content=\"2\u00a0Minuten\" \/>\n<script type=\"application\/ld+json\" class=\"yoast-schema-graph\">{\"@context\":\"https:\\\/\\\/schema.org\",\"@graph\":[{\"@type\":\"WebPage\",\"@id\":\"https:\\\/\\\/gravitybali.com\\\/de\\\/bedingungen-dienstleistungen\\\/\",\"url\":\"https:\\\/\\\/gravitybali.com\\\/de\\\/bedingungen-dienstleistungen\\\/\",\"name\":\"Gravity Bali Terms & Service | Villa Management & Booking Policies\",\"isPartOf\":{\"@id\":\"https:\\\/\\\/gravitybali.com\\\/tr\\\/#website\"},\"datePublished\":\"2025-04-04T09:04:26+00:00\",\"dateModified\":\"2025-09-15T05:23:02+00:00\",\"description\":\"Gravity Bali Terms & Service: villa management, bookings, payments, cancellations, and owner agreements in Bali.\",\"breadcrumb\":{\"@id\":\"https:\\\/\\\/gravitybali.com\\\/de\\\/bedingungen-dienstleistungen\\\/#breadcrumb\"},\"inLanguage\":\"de\",\"potentialAction\":[{\"@type\":\"ReadAction\",\"target\":[\"https:\\\/\\\/gravitybali.com\\\/de\\\/bedingungen-dienstleistungen\\\/\"]}]},{\"@type\":\"BreadcrumbList\",\"@id\":\"https:\\\/\\\/gravitybali.com\\\/de\\\/bedingungen-dienstleistungen\\\/#breadcrumb\",\"itemListElement\":[{\"@type\":\"ListItem\",\"position\":1,\"name\":\"Home\",\"item\":\"https:\\\/\\\/gravitybali.com\\\/en\\\/\"},{\"@type\":\"ListItem\",\"position\":2,\"name\":\"Terms &amp; Services\"}]},{\"@type\":\"WebSite\",\"@id\":\"https:\\\/\\\/gravitybali.com\\\/tr\\\/#website\",\"url\":\"https:\\\/\\\/gravitybali.com\\\/tr\\\/\",\"name\":\"Gravity Bali\",\"description\":\"Bali Villa Management,\\u2028Marketing &amp; Investment\",\"publisher\":{\"@id\":\"https:\\\/\\\/gravitybali.com\\\/tr\\\/#organization\"},\"potentialAction\":[{\"@type\":\"SearchAction\",\"target\":{\"@type\":\"EntryPoint\",\"urlTemplate\":\"https:\\\/\\\/gravitybali.com\\\/tr\\\/?s={search_term_string}\"},\"query-input\":{\"@type\":\"PropertyValueSpecification\",\"valueRequired\":true,\"valueName\":\"search_term_string\"}}],\"inLanguage\":\"de\"},{\"@type\":\"Organization\",\"@id\":\"https:\\\/\\\/gravitybali.com\\\/tr\\\/#organization\",\"name\":\"Gravity Bali\",\"url\":\"https:\\\/\\\/gravitybali.com\\\/tr\\\/\",\"logo\":{\"@type\":\"ImageObject\",\"inLanguage\":\"de\",\"@id\":\"https:\\\/\\\/gravitybali.com\\\/tr\\\/#\\\/schema\\\/logo\\\/image\\\/\",\"url\":\"https:\\\/\\\/gravitybali.com\\\/wp-content\\\/uploads\\\/2025\\\/03\\\/cropped-GRAVITY-2.png\",\"contentUrl\":\"https:\\\/\\\/gravitybali.com\\\/wp-content\\\/uploads\\\/2025\\\/03\\\/cropped-GRAVITY-2.png\",\"width\":512,\"height\":512,\"caption\":\"Gravity Bali\"},\"image\":{\"@id\":\"https:\\\/\\\/gravitybali.com\\\/tr\\\/#\\\/schema\\\/logo\\\/image\\\/\"}}]}<\/script>\n<!-- \/ Yoast SEO Premium plugin. -->","yoast_head_json":{"title":"Gravity Bali Gesch\u00e4ftsbedingungen | Villa-Verwaltung und Buchungsrichtlinien","description":"Gesch\u00e4ftsbedingungen und Service von Gravity Bali: Villenverwaltung, Buchungen, Zahlungen, Stornierungen und Eigent\u00fcmervereinbarungen auf Bali.","robots":{"index":"index","follow":"follow","max-snippet":"max-snippet:-1","max-image-preview":"max-image-preview:large","max-video-preview":"max-video-preview:-1"},"canonical":"https:\/\/gravitybali.com\/de\/bedingungen-dienstleistungen\/","og_locale":"de_DE","og_type":"article","og_title":"Terms &amp; Services","og_description":"Gravity Bali Terms & Service: villa management, bookings, payments, cancellations, and owner agreements in Bali.","og_url":"https:\/\/gravitybali.com\/de\/bedingungen-dienstleistungen\/","og_site_name":"Gravity Bali","article_modified_time":"2025-09-15T05:23:02+00:00","og_image":[{"width":512,"height":512,"url":"https:\/\/gravitybali.com\/wp-content\/uploads\/2025\/03\/cropped-GRAVITY-2.png","type":"image\/png"}],"twitter_card":"summary_large_image","twitter_misc":{"Gesch\u00e4tzte Lesezeit":"2\u00a0Minuten"},"schema":{"@context":"https:\/\/schema.org","@graph":[{"@type":"WebPage","@id":"https:\/\/gravitybali.com\/de\/bedingungen-dienstleistungen\/","url":"https:\/\/gravitybali.com\/de\/bedingungen-dienstleistungen\/","name":"Gravity Bali Gesch\u00e4ftsbedingungen | Villa-Verwaltung und Buchungsrichtlinien","isPartOf":{"@id":"https:\/\/gravitybali.com\/tr\/#website"},"datePublished":"2025-04-04T09:04:26+00:00","dateModified":"2025-09-15T05:23:02+00:00","description":"Gesch\u00e4ftsbedingungen und Service von Gravity Bali: Villenverwaltung, Buchungen, Zahlungen, Stornierungen und Eigent\u00fcmervereinbarungen auf Bali.","breadcrumb":{"@id":"https:\/\/gravitybali.com\/de\/bedingungen-dienstleistungen\/#breadcrumb"},"inLanguage":"de","potentialAction":[{"@type":"ReadAction","target":["https:\/\/gravitybali.com\/de\/bedingungen-dienstleistungen\/"]}]},{"@type":"BreadcrumbList","@id":"https:\/\/gravitybali.com\/de\/bedingungen-dienstleistungen\/#breadcrumb","itemListElement":[{"@type":"ListItem","position":1,"name":"Home","item":"https:\/\/gravitybali.com\/en\/"},{"@type":"ListItem","position":2,"name":"Terms &amp; Services"}]},{"@type":"WebSite","@id":"https:\/\/gravitybali.com\/tr\/#website","url":"https:\/\/gravitybali.com\/tr\/","name":"Schwerkraft Bali","description":"Bali Villa Management, Marketing &amp; Investition","publisher":{"@id":"https:\/\/gravitybali.com\/tr\/#organization"},"potentialAction":[{"@type":"SearchAction","target":{"@type":"EntryPoint","urlTemplate":"https:\/\/gravitybali.com\/tr\/?s={search_term_string}"},"query-input":{"@type":"PropertyValueSpecification","valueRequired":true,"valueName":"search_term_string"}}],"inLanguage":"de"},{"@type":"Organization","@id":"https:\/\/gravitybali.com\/tr\/#organization","name":"Schwerkraft Bali","url":"https:\/\/gravitybali.com\/tr\/","logo":{"@type":"ImageObject","inLanguage":"de","@id":"https:\/\/gravitybali.com\/tr\/#\/schema\/logo\/image\/","url":"https:\/\/gravitybali.com\/wp-content\/uploads\/2025\/03\/cropped-GRAVITY-2.png","contentUrl":"https:\/\/gravitybali.com\/wp-content\/uploads\/2025\/03\/cropped-GRAVITY-2.png","width":512,"height":512,"caption":"Gravity Bali"},"image":{"@id":"https:\/\/gravitybali.com\/tr\/#\/schema\/logo\/image\/"}}]}},"_links":{"self":[{"href":"https:\/\/gravitybali.com\/de\/wp-json\/wp\/v2\/pages\/1841","targetHints":{"allow":["GET"]}}],"collection":[{"href":"https:\/\/gravitybali.com\/de\/wp-json\/wp\/v2\/pages"}],"about":[{"href":"https:\/\/gravitybali.com\/de\/wp-json\/wp\/v2\/types\/page"}],"author":[{"embeddable":true,"href":"https:\/\/gravitybali.com\/de\/wp-json\/wp\/v2\/users\/1"}],"replies":[{"embeddable":true,"href":"https:\/\/gravitybali.com\/de\/wp-json\/wp\/v2\/comments?post=1841"}],"version-history":[{"count":21,"href":"https:\/\/gravitybali.com\/de\/wp-json\/wp\/v2\/pages\/1841\/revisions"}],"predecessor-version":[{"id":6683,"href":"https:\/\/gravitybali.com\/de\/wp-json\/wp\/v2\/pages\/1841\/revisions\/6683"}],"wp:attachment":[{"href":"https:\/\/gravitybali.com\/de\/wp-json\/wp\/v2\/media?parent=1841"}],"curies":[{"name":"wp","href":"https:\/\/api.w.org\/{rel}","templated":true}]}}