{"id":1727,"date":"2025-04-04T06:10:18","date_gmt":"2025-04-04T06:10:18","guid":{"rendered":"https:\/\/gravitybali.com\/?page_id=1727"},"modified":"2025-11-23T06:43:31","modified_gmt":"2025-11-23T06:43:31","slug":"datenschutzrichtlinie","status":"publish","type":"page","link":"https:\/\/gravitybali.com\/de\/privacy-policy\/","title":{"rendered":"Datenschutzrichtlinie"},"content":{"rendered":"<div data-elementor-type=\"wp-page\" data-elementor-id=\"1727\" class=\"elementor elementor-1727\" data-elementor-post-type=\"page\">\n\t\t\t\t<div data-dce-background-color=\"#A3BFAA\" class=\"elementor-element elementor-element-55fef7e e-flex e-con-boxed e-con e-parent\" data-id=\"55fef7e\" data-element_type=\"container\" data-e-type=\"container\" data-settings=\"{&quot;background_background&quot;:&quot;gradient&quot;}\">\n\t\t\t\t\t<div class=\"e-con-inner\">\n\t\t\t\t<div class=\"elementor-element elementor-element-57eeaa6 elementor-widget__width-inherit elementor-invisible elementor-widget elementor-widget-heading\" data-id=\"57eeaa6\" data-element_type=\"widget\" data-e-type=\"widget\" data-settings=\"{&quot;_animation&quot;:&quot;fadeInUp&quot;,&quot;_animation_delay&quot;:200}\" data-widget_type=\"heading.default\">\n\t\t\t\t<div class=\"elementor-widget-container\">\n\t\t\t\t\t<h1 class=\"elementor-heading-title elementor-size-default\">Datenschutzrichtlinie<\/h1>\t\t\t\t<\/div>\n\t\t\t\t<\/div>\n\t\t\t\t\t<\/div>\n\t\t\t\t<\/div>\n\t\t<div data-dce-background-color=\"#FFFFFF\" class=\"elementor-element elementor-element-0e6457a e-flex e-con-boxed e-con e-parent\" data-id=\"0e6457a\" data-element_type=\"container\" data-e-type=\"container\" data-settings=\"{&quot;background_background&quot;:&quot;classic&quot;}\">\n\t\t\t\t\t<div class=\"e-con-inner\">\n\t\t\t\t<div class=\"elementor-element elementor-element-e92743e elementor-widget elementor-widget-text-editor\" data-id=\"e92743e\" data-element_type=\"widget\" data-e-type=\"widget\" data-widget_type=\"text-editor.default\">\n\t\t\t\t<div class=\"elementor-widget-container\">\n\t\t\t\t\t\t\t\t\t<p><b>Datum des Inkrafttretens:<\/b><span style=\"font-weight: 400;\"> 4. April 2025 <\/span><\/p>\t\t\t\t\t\t\t\t<\/div>\n\t\t\t\t<\/div>\n\t\t\t\t<div class=\"elementor-element elementor-element-add224d elementor-widget elementor-widget-heading\" data-id=\"add224d\" data-element_type=\"widget\" data-e-type=\"widget\" data-widget_type=\"heading.default\">\n\t\t\t\t<div class=\"elementor-widget-container\">\n\t\t\t\t\t<h2 class=\"elementor-heading-title elementor-size-default\">1. Einleitung<\/h2>\t\t\t\t<\/div>\n\t\t\t\t<\/div>\n\t\t\t\t<div class=\"elementor-element elementor-element-06d1946 elementor-widget elementor-widget-text-editor\" data-id=\"06d1946\" data-element_type=\"widget\" data-e-type=\"widget\" data-widget_type=\"text-editor.default\">\n\t\t\t\t<div class=\"elementor-widget-container\">\n\t\t\t\t\t\t\t\t\t<p data-start=\"293\" data-end=\"668\">Gravity Villas (\u201ewir\u201c, \u201eunser\u201c oder \u201euns\u201c) sch\u00e4tzt Ihre Privatsph\u00e4re und verpflichtet sich, die pers\u00f6nlichen Daten unserer G\u00e4ste, Immobilienbesitzer und Website-Besucher zu sch\u00fctzen. Dies <strong data-start=\"466\" data-end=\"499\">Gravity Villas Datenschutzrichtlinie<\/strong> erkl\u00e4rt, wie wir Ihre Daten sammeln, verwenden, weitergeben und sch\u00fctzen, wenn Sie unsere Website besuchen <a class=\"decorated-link\" href=\"https:\/\/gravitybali.com\/de\/?utm_source=chatgpt.com\" target=\"_new\" rel=\"noopener\" data-start=\"598\" data-end=\"644\">www.gravitybali.com<\/a> und nutzen Sie unsere Dienste.<\/p><p data-start=\"670\" data-end=\"804\">Mit der Nutzung unserer Website erkl\u00e4ren Sie sich mit den Bedingungen dieser Datenschutzrichtlinie einverstanden. Sollten Sie damit nicht einverstanden sein, bitten wir Sie, unsere Website und Dienste nicht zu nutzen.<\/p><p data-start=\"806\" data-end=\"926\">Weitere Informationen zu unseren Immobilien finden Sie auch unter <a class=\"decorated-link\" href=\"https:\/\/gravitybali.com\/de\/unsere-villen\/?utm_source=chatgpt.com\" target=\"_new\" rel=\"noopener\" data-start=\"863\" data-end=\"923\">Unsere Villen auf Bali<\/a><\/p>\t\t\t\t\t\t\t\t<\/div>\n\t\t\t\t<\/div>\n\t\t\t\t<div class=\"elementor-element elementor-element-ab8f6f5 elementor-widget elementor-widget-heading\" data-id=\"ab8f6f5\" data-element_type=\"widget\" data-e-type=\"widget\" data-widget_type=\"heading.default\">\n\t\t\t\t<div class=\"elementor-widget-container\">\n\t\t\t\t\t<h2 class=\"elementor-heading-title elementor-size-default\">2. Von uns erfasste Informationen<\/h2>\t\t\t\t<\/div>\n\t\t\t\t<\/div>\n\t\t\t\t<div class=\"elementor-element elementor-element-2bc1311 elementor-widget elementor-widget-text-editor\" data-id=\"2bc1311\" data-element_type=\"widget\" data-e-type=\"widget\" data-widget_type=\"text-editor.default\">\n\t\t\t\t<div class=\"elementor-widget-container\">\n\t\t\t\t\t\t\t\t\t<p><span style=\"font-weight: 400;\">Wir erfassen die folgenden Arten von Informationen:<\/span><\/p><h3><b>2.1 Pers\u00f6nliche Informationen<\/b><\/h3><p><span style=\"font-weight: 400;\">Wenn Sie mit uns interagieren, erfassen wir m\u00f6glicherweise personenbezogene Daten, einschlie\u00dflich, aber nicht beschr\u00e4nkt auf:<\/span><\/p><ul><li style=\"font-weight: 400;\" aria-level=\"1\"><span style=\"font-weight: 400;\">Name, E-Mail-Adresse, Telefonnummer<\/span><\/li><li style=\"font-weight: 400;\" aria-level=\"1\"><span style=\"font-weight: 400;\">Rechnungs- und Zahlungsdetails<\/span><\/li><li style=\"font-weight: 400;\" aria-level=\"1\"><span style=\"font-weight: 400;\">Buchungs- und Reservierungsdetails<\/span><\/li><li style=\"font-weight: 400;\" aria-level=\"1\"><span style=\"font-weight: 400;\">Kommunikationseinstellungen<\/span><\/li><li style=\"font-weight: 400;\" aria-level=\"1\"><span style=\"font-weight: 400;\">Alle anderen Informationen, die Sie freiwillig angeben<\/span><\/li><\/ul><h3><b>2.2 Nicht personenbezogene Daten<\/b><\/h3><p><span style=\"font-weight: 400;\">Wir k\u00f6nnen auch nicht personenbezogene Daten erfassen, wie etwa:<\/span><\/p><ul><li style=\"font-weight: 400;\" aria-level=\"1\"><span style=\"font-weight: 400;\">IP-Adressen<\/span><\/li><li style=\"font-weight: 400;\" aria-level=\"1\"><span style=\"font-weight: 400;\">Browsertyp und Ger\u00e4teinformationen<\/span><\/li><\/ul><p><span style=\"font-weight: 400;\">Cookies und Nutzungsdaten (siehe <\/span><b>Cookies &amp; Tracking-Technologien<\/b><span style=\"font-weight: 400;\">)<\/span><\/p>\t\t\t\t\t\t\t\t<\/div>\n\t\t\t\t<\/div>\n\t\t\t\t<div class=\"elementor-element elementor-element-ae75a27 elementor-widget elementor-widget-heading\" data-id=\"ae75a27\" data-element_type=\"widget\" data-e-type=\"widget\" data-widget_type=\"heading.default\">\n\t\t\t\t<div class=\"elementor-widget-container\">\n\t\t\t\t\t<h2 class=\"elementor-heading-title elementor-size-default\">3. Wie wir Ihre Daten verwenden<\/h2>\t\t\t\t<\/div>\n\t\t\t\t<\/div>\n\t\t\t\t<div class=\"elementor-element elementor-element-95bf5dc elementor-widget elementor-widget-text-editor\" data-id=\"95bf5dc\" data-element_type=\"widget\" data-e-type=\"widget\" data-widget_type=\"text-editor.default\">\n\t\t\t\t<div class=\"elementor-widget-container\">\n\t\t\t\t\t\t\t\t\t<p><span style=\"font-weight: 400;\">Wir verwenden Ihre Informationen, um:<\/span><\/p><ul><li style=\"font-weight: 400;\" aria-level=\"1\"><span style=\"font-weight: 400;\">Bereitstellung von Dienstleistungen zur Vermietung und Verwaltung von Villen<\/span><span style=\"font-weight: 400;\"><br \/><\/span><\/li><li style=\"font-weight: 400;\" aria-level=\"1\"><span style=\"font-weight: 400;\">Buchungen und Zahlungen verarbeiten<\/span><span style=\"font-weight: 400;\"><br \/><\/span><\/li><li style=\"font-weight: 400;\" aria-level=\"1\"><span style=\"font-weight: 400;\">Verbesserung unserer Website und Dienste<\/span><span style=\"font-weight: 400;\"><br \/><\/span><\/li><li style=\"font-weight: 400;\" aria-level=\"1\"><span style=\"font-weight: 400;\">Senden Sie wichtige Updates oder Werbeinhalte<\/span><span style=\"font-weight: 400;\"><br \/><\/span><\/li><li style=\"font-weight: 400;\" aria-level=\"1\"><span style=\"font-weight: 400;\">Einhaltung gesetzlicher Verpflichtungen<\/span><\/li><\/ul>\t\t\t\t\t\t\t\t<\/div>\n\t\t\t\t<\/div>\n\t\t\t\t<div class=\"elementor-element elementor-element-59ec189 elementor-widget elementor-widget-heading\" data-id=\"59ec189\" data-element_type=\"widget\" data-e-type=\"widget\" data-widget_type=\"heading.default\">\n\t\t\t\t<div class=\"elementor-widget-container\">\n\t\t\t\t\t<h2 class=\"elementor-heading-title elementor-size-default\">4. Weitergabe und Offenlegung von Informationen<\/h2>\t\t\t\t<\/div>\n\t\t\t\t<\/div>\n\t\t\t\t<div class=\"elementor-element elementor-element-cb13553 elementor-widget elementor-widget-text-editor\" data-id=\"cb13553\" data-element_type=\"widget\" data-e-type=\"widget\" data-widget_type=\"text-editor.default\">\n\t\t\t\t<div class=\"elementor-widget-container\">\n\t\t\t\t\t\t\t\t\t<p><span style=\"font-weight: 400;\">Wir verkaufen, vermieten oder handeln nicht mit Ihren personenbezogenen Daten. Wir k\u00f6nnen Ihre Informationen jedoch weitergeben an:<\/span><\/p><ul><li style=\"font-weight: 400;\" aria-level=\"1\"><b>Dienstleister und Partner<\/b><span style=\"font-weight: 400;\">: Dritte wie Zahlungsabwickler, Wartungsteams oder Marketingagenturen, die uns bei der F\u00fchrung unseres Gesch\u00e4fts unterst\u00fctzen.<\/span><span style=\"font-weight: 400;\"><br \/><\/span><\/li><li style=\"font-weight: 400;\" aria-level=\"1\"><b>Rechtsbeh\u00f6rden<\/b><span style=\"font-weight: 400;\">: Wenn dies gesetzlich vorgeschrieben ist oder um unsere Rechte und Sicherheit zu sch\u00fctzen.<\/span><\/li><li style=\"font-weight: 400;\" aria-level=\"1\"><span style=\"font-weight: 400;\"><b>Immobilienbesitzer<\/b>: Falls f\u00fcr die Verwaltung und Buchung der Villa erforderlich.<\/span><\/li><\/ul>\t\t\t\t\t\t\t\t<\/div>\n\t\t\t\t<\/div>\n\t\t\t\t<div class=\"elementor-element elementor-element-244bf85 elementor-widget elementor-widget-heading\" data-id=\"244bf85\" data-element_type=\"widget\" data-e-type=\"widget\" data-widget_type=\"heading.default\">\n\t\t\t\t<div class=\"elementor-widget-container\">\n\t\t\t\t\t<h2 class=\"elementor-heading-title elementor-size-default\">5. Datensicherheit<\/h2>\t\t\t\t<\/div>\n\t\t\t\t<\/div>\n\t\t\t\t<div class=\"elementor-element elementor-element-34daaf5 elementor-widget elementor-widget-text-editor\" data-id=\"34daaf5\" data-element_type=\"widget\" data-e-type=\"widget\" data-widget_type=\"text-editor.default\">\n\t\t\t\t<div class=\"elementor-widget-container\">\n\t\t\t\t\t\t\t\t\t<p><span style=\"font-weight: 400;\">Wir setzen branchen\u00fcbliche Sicherheitsma\u00dfnahmen ein, um Ihre Daten vor unbefugtem Zugriff, Verlust, Missbrauch oder Ver\u00e4nderung zu sch\u00fctzen. Allerdings ist keine Daten\u00fcbertragung \u00fcber das Internet hundertprozentig sicher, und wir k\u00f6nnen keine absolute Sicherheit garantieren.<\/span><\/p>\t\t\t\t\t\t\t\t<\/div>\n\t\t\t\t<\/div>\n\t\t\t\t<div class=\"elementor-element elementor-element-1421925 elementor-widget elementor-widget-heading\" data-id=\"1421925\" data-element_type=\"widget\" data-e-type=\"widget\" data-widget_type=\"heading.default\">\n\t\t\t\t<div class=\"elementor-widget-container\">\n\t\t\t\t\t<h2 class=\"elementor-heading-title elementor-size-default\">6. Cookies &amp; Tracking-Technologien<\/h2>\t\t\t\t<\/div>\n\t\t\t\t<\/div>\n\t\t\t\t<div class=\"elementor-element elementor-element-24f67ec elementor-widget elementor-widget-text-editor\" data-id=\"24f67ec\" data-element_type=\"widget\" data-e-type=\"widget\" data-widget_type=\"text-editor.default\">\n\t\t\t\t<div class=\"elementor-widget-container\">\n\t\t\t\t\t\t\t\t\t<p><span style=\"font-weight: 400;\">Wir verwenden Cookies und \u00e4hnliche Tracking-Technologien, um Ihr Surf-Erlebnis zu verbessern. Sie k\u00f6nnen Ihre Cookie-Einstellungen in Ihren Browsereinstellungen verwalten.<\/span><\/p>\t\t\t\t\t\t\t\t<\/div>\n\t\t\t\t<\/div>\n\t\t\t\t<div class=\"elementor-element elementor-element-c850dbb elementor-widget elementor-widget-heading\" data-id=\"c850dbb\" data-element_type=\"widget\" data-e-type=\"widget\" data-widget_type=\"heading.default\">\n\t\t\t\t<div class=\"elementor-widget-container\">\n\t\t\t\t\t<h2 class=\"elementor-heading-title elementor-size-default\">7. Ihre Rechte und Wahlm\u00f6glichkeiten<\/h2>\t\t\t\t<\/div>\n\t\t\t\t<\/div>\n\t\t\t\t<div class=\"elementor-element elementor-element-45ea42d elementor-widget elementor-widget-text-editor\" data-id=\"45ea42d\" data-element_type=\"widget\" data-e-type=\"widget\" data-widget_type=\"text-editor.default\">\n\t\t\t\t<div class=\"elementor-widget-container\">\n\t\t\t\t\t\t\t\t\t<p><span style=\"font-weight: 400;\">Abh\u00e4ngig von Ihrem Standort haben Sie m\u00f6glicherweise Rechte in Bezug auf Ihre personenbezogenen Daten, darunter:<\/span><\/p><ul><li style=\"font-weight: 400;\" aria-level=\"1\"><b>Zugriff und Korrektur<\/b><span style=\"font-weight: 400;\">: Sie k\u00f6nnen Zugriff auf Ihre Daten oder deren Korrektur verlangen.<\/span><span style=\"font-weight: 400;\"><br \/><\/span><\/li><li style=\"font-weight: 400;\" aria-level=\"1\"><b>Opt-out<\/b><span style=\"font-weight: 400;\">: Sie k\u00f6nnen sich jederzeit von Marketingmitteilungen abmelden.<\/span><\/li><li style=\"font-weight: 400;\" aria-level=\"1\"><span style=\"font-weight: 400;\"><b>L\u00f6schanfragen<\/b>: Unter bestimmten Umst\u00e4nden k\u00f6nnen Sie die L\u00f6schung Ihrer Daten verlangen.<\/span><\/li><\/ul>\t\t\t\t\t\t\t\t<\/div>\n\t\t\t\t<\/div>\n\t\t\t\t<div class=\"elementor-element elementor-element-86b2937 elementor-widget elementor-widget-heading\" data-id=\"86b2937\" data-element_type=\"widget\" data-e-type=\"widget\" data-widget_type=\"heading.default\">\n\t\t\t\t<div class=\"elementor-widget-container\">\n\t\t\t\t\t<h2 class=\"elementor-heading-title elementor-size-default\">8. Links von Drittanbietern<\/h2>\t\t\t\t<\/div>\n\t\t\t\t<\/div>\n\t\t\t\t<div class=\"elementor-element elementor-element-25e387b elementor-widget elementor-widget-text-editor\" data-id=\"25e387b\" data-element_type=\"widget\" data-e-type=\"widget\" data-widget_type=\"text-editor.default\">\n\t\t\t\t<div class=\"elementor-widget-container\">\n\t\t\t\t\t\t\t\t\t<p><span style=\"font-weight: 400;\">Unsere Website kann Links zu Websites Dritter enthalten. Wir sind nicht f\u00fcr deren Datenschutzpraktiken verantwortlich und empfehlen Ihnen, deren Richtlinien zu \u00fcberpr\u00fcfen.<\/span><\/p>\t\t\t\t\t\t\t\t<\/div>\n\t\t\t\t<\/div>\n\t\t\t\t<div class=\"elementor-element elementor-element-4364e73 elementor-widget elementor-widget-heading\" data-id=\"4364e73\" data-element_type=\"widget\" data-e-type=\"widget\" data-widget_type=\"heading.default\">\n\t\t\t\t<div class=\"elementor-widget-container\">\n\t\t\t\t\t<h2 class=\"elementor-heading-title elementor-size-default\">9. Richtlinienaktualisierungen<\/h2>\t\t\t\t<\/div>\n\t\t\t\t<\/div>\n\t\t\t\t<div class=\"elementor-element elementor-element-56dcf91 elementor-widget elementor-widget-text-editor\" data-id=\"56dcf91\" data-element_type=\"widget\" data-e-type=\"widget\" data-widget_type=\"text-editor.default\">\n\t\t\t\t<div class=\"elementor-widget-container\">\n\t\t\t\t\t\t\t\t\t<p>Wir k\u00f6nnen diese Datenschutzrichtlinie von Gravity Villas aktualisieren.<strong> Politik<\/strong> von Zeit zu Zeit. Alle \u00c4nderungen werden auf dieser Seite mit einem \u00fcberarbeiteten Datum des Inkrafttretens ver\u00f6ffentlicht.<\/p>\t\t\t\t\t\t\t\t<\/div>\n\t\t\t\t<\/div>\n\t\t\t\t<div class=\"elementor-element elementor-element-3cc7d6a elementor-widget elementor-widget-heading\" data-id=\"3cc7d6a\" data-element_type=\"widget\" data-e-type=\"widget\" data-widget_type=\"heading.default\">\n\t\t\t\t<div class=\"elementor-widget-container\">\n\t\t\t\t\t<h2 class=\"elementor-heading-title elementor-size-default\">10. Kontakt<\/h2>\t\t\t\t<\/div>\n\t\t\t\t<\/div>\n\t\t\t\t<div class=\"elementor-element elementor-element-d254b1f elementor-widget elementor-widget-text-editor\" data-id=\"d254b1f\" data-element_type=\"widget\" data-e-type=\"widget\" data-widget_type=\"text-editor.default\">\n\t\t\t\t<div class=\"elementor-widget-container\">\n\t\t\t\t\t\t\t\t\t<p><span style=\"font-weight: 400;\">Bei Fragen zum Datenschutz kontaktieren Sie uns bitte unter:<\/span><span style=\"font-weight: 400;\"><br \/><\/span><span style=\"font-weight: 400;\"> \ud83d\udce7 E-Mail: <\/span><a href=\"mailto:contact@gravitybali.com\"><span style=\"font-weight: 400;\">contact@gravitybali.com<\/span><\/a><\/p><p>\u00a0<\/p><p>Oder kehren Sie zur\u00fcck zum <a class=\"decorated-link\" href=\"https:\/\/gravitybali.com\/de\/?utm_source=chatgpt.com\" target=\"_new\" rel=\"noopener\" data-start=\"3579\" data-end=\"3629\">Gravity Villas Homepage<\/a> um mit dem Browsen fortzufahren.<\/p>\t\t\t\t\t\t\t\t<\/div>\n\t\t\t\t<\/div>\n\t\t\t\t\t<\/div>\n\t\t\t\t<\/div>\n\t\t\t\t<\/div>","protected":false},"excerpt":{"rendered":"<p>Privacy Policy Effective Date: 4th April 2025 1. Introduction Gravity Villas (\u201cwe,\u201d \u201cour,\u201d or \u201cus\u201d) values your privacy and is committed to protecting the personal information of our guests, property owners, and website visitors. This Gravity Villas Privacy Policy explains how we collect, use, disclose, and safeguard your information when you visit our website www.gravitybali.com [&hellip;]<\/p>\n","protected":false},"author":1,"featured_media":0,"parent":0,"menu_order":0,"comment_status":"closed","ping_status":"closed","template":"elementor_header_footer","meta":{"_acf_changed":false,"footnotes":""},"class_list":["post-1727","page","type-page","status-publish","hentry"],"acf":[],"yoast_head":"<!-- This site is optimized with the Yoast SEO Premium plugin v26.5 (Yoast SEO v27.5) - https:\/\/yoast.com\/product\/yoast-seo-premium-wordpress\/ -->\n<title>Privacy Policy | Gravity Villas Bali<\/title>\n<meta name=\"description\" content=\"Read Gravity Villas Privacy Policy to understand how we collect, and protect your personal information when staying at our villas in Bali.\" \/>\n<meta name=\"robots\" content=\"index, follow, max-snippet:-1, max-image-preview:large, max-video-preview:-1\" \/>\n<link rel=\"canonical\" href=\"https:\/\/gravitybali.com\/de\/datenschutzrichtlinie\/\" \/>\n<meta property=\"og:locale\" content=\"de_DE\" \/>\n<meta property=\"og:type\" content=\"article\" \/>\n<meta property=\"og:title\" content=\"Privacy Policy\" \/>\n<meta property=\"og:description\" content=\"Read Gravity Villas Privacy Policy to understand how we collect, and protect your personal information when staying at our villas in Bali.\" \/>\n<meta property=\"og:url\" content=\"https:\/\/gravitybali.com\/de\/datenschutzrichtlinie\/\" \/>\n<meta property=\"og:site_name\" content=\"Gravity Bali\" \/>\n<meta property=\"article:modified_time\" content=\"2025-11-23T06:43:31+00:00\" \/>\n<meta property=\"og:image\" content=\"https:\/\/gravitybali.com\/wp-content\/uploads\/2025\/03\/cropped-GRAVITY-2.png\" \/>\n\t<meta property=\"og:image:width\" content=\"512\" \/>\n\t<meta property=\"og:image:height\" content=\"512\" \/>\n\t<meta property=\"og:image:type\" content=\"image\/png\" \/>\n<meta name=\"twitter:card\" content=\"summary_large_image\" \/>\n<meta name=\"twitter:label1\" content=\"Gesch\u00e4tzte Lesezeit\" \/>\n\t<meta name=\"twitter:data1\" content=\"3\u00a0Minuten\" \/>\n<script type=\"application\/ld+json\" class=\"yoast-schema-graph\">{\"@context\":\"https:\\\/\\\/schema.org\",\"@graph\":[{\"@type\":\"WebPage\",\"@id\":\"https:\\\/\\\/gravitybali.com\\\/privacy-policy\\\/\",\"url\":\"https:\\\/\\\/gravitybali.com\\\/privacy-policy\\\/\",\"name\":\"Privacy Policy | Gravity Villas Bali\",\"isPartOf\":{\"@id\":\"https:\\\/\\\/gravitybali.com\\\/tr\\\/#website\"},\"datePublished\":\"2025-04-04T06:10:18+00:00\",\"dateModified\":\"2025-11-23T06:43:31+00:00\",\"description\":\"Read Gravity Villas Privacy Policy to understand how we collect, and protect your personal information when staying at our villas in Bali.\",\"breadcrumb\":{\"@id\":\"https:\\\/\\\/gravitybali.com\\\/privacy-policy\\\/#breadcrumb\"},\"inLanguage\":\"de\",\"potentialAction\":[{\"@type\":\"ReadAction\",\"target\":[\"https:\\\/\\\/gravitybali.com\\\/privacy-policy\\\/\"]}]},{\"@type\":\"BreadcrumbList\",\"@id\":\"https:\\\/\\\/gravitybali.com\\\/privacy-policy\\\/#breadcrumb\",\"itemListElement\":[{\"@type\":\"ListItem\",\"position\":1,\"name\":\"Home\",\"item\":\"https:\\\/\\\/gravitybali.com\\\/en\\\/\"},{\"@type\":\"ListItem\",\"position\":2,\"name\":\"Privacy Policy\"}]},{\"@type\":\"WebSite\",\"@id\":\"https:\\\/\\\/gravitybali.com\\\/tr\\\/#website\",\"url\":\"https:\\\/\\\/gravitybali.com\\\/tr\\\/\",\"name\":\"Gravity Bali\",\"description\":\"Bali Villa Management,\\u2028Marketing &amp; Investment\",\"publisher\":{\"@id\":\"https:\\\/\\\/gravitybali.com\\\/tr\\\/#organization\"},\"potentialAction\":[{\"@type\":\"SearchAction\",\"target\":{\"@type\":\"EntryPoint\",\"urlTemplate\":\"https:\\\/\\\/gravitybali.com\\\/tr\\\/?s={search_term_string}\"},\"query-input\":{\"@type\":\"PropertyValueSpecification\",\"valueRequired\":true,\"valueName\":\"search_term_string\"}}],\"inLanguage\":\"de\"},{\"@type\":\"Organization\",\"@id\":\"https:\\\/\\\/gravitybali.com\\\/tr\\\/#organization\",\"name\":\"Gravity Bali\",\"url\":\"https:\\\/\\\/gravitybali.com\\\/tr\\\/\",\"logo\":{\"@type\":\"ImageObject\",\"inLanguage\":\"de\",\"@id\":\"https:\\\/\\\/gravitybali.com\\\/tr\\\/#\\\/schema\\\/logo\\\/image\\\/\",\"url\":\"https:\\\/\\\/gravitybali.com\\\/wp-content\\\/uploads\\\/2025\\\/03\\\/cropped-GRAVITY-2.png\",\"contentUrl\":\"https:\\\/\\\/gravitybali.com\\\/wp-content\\\/uploads\\\/2025\\\/03\\\/cropped-GRAVITY-2.png\",\"width\":512,\"height\":512,\"caption\":\"Gravity Bali\"},\"image\":{\"@id\":\"https:\\\/\\\/gravitybali.com\\\/tr\\\/#\\\/schema\\\/logo\\\/image\\\/\"}}]}<\/script>\n<!-- \/ Yoast SEO Premium plugin. -->","yoast_head_json":{"title":"Datenschutzrichtlinie | Gravity Villas Bali","description":"Lesen Sie die Datenschutzrichtlinie von Gravity Villas, um zu erfahren, wie wir Ihre pers\u00f6nlichen Daten erfassen und sch\u00fctzen, wenn Sie in unseren Villen auf Bali \u00fcbernachten.","robots":{"index":"index","follow":"follow","max-snippet":"max-snippet:-1","max-image-preview":"max-image-preview:large","max-video-preview":"max-video-preview:-1"},"canonical":"https:\/\/gravitybali.com\/de\/datenschutzrichtlinie\/","og_locale":"de_DE","og_type":"article","og_title":"Privacy Policy","og_description":"Read Gravity Villas Privacy Policy to understand how we collect, and protect your personal information when staying at our villas in Bali.","og_url":"https:\/\/gravitybali.com\/de\/datenschutzrichtlinie\/","og_site_name":"Gravity Bali","article_modified_time":"2025-11-23T06:43:31+00:00","og_image":[{"width":512,"height":512,"url":"https:\/\/gravitybali.com\/wp-content\/uploads\/2025\/03\/cropped-GRAVITY-2.png","type":"image\/png"}],"twitter_card":"summary_large_image","twitter_misc":{"Gesch\u00e4tzte Lesezeit":"3\u00a0Minuten"},"schema":{"@context":"https:\/\/schema.org","@graph":[{"@type":"WebPage","@id":"https:\/\/gravitybali.com\/privacy-policy\/","url":"https:\/\/gravitybali.com\/privacy-policy\/","name":"Datenschutzrichtlinie | Gravity Villas Bali","isPartOf":{"@id":"https:\/\/gravitybali.com\/tr\/#website"},"datePublished":"2025-04-04T06:10:18+00:00","dateModified":"2025-11-23T06:43:31+00:00","description":"Lesen Sie die Datenschutzrichtlinie von Gravity Villas, um zu erfahren, wie wir Ihre pers\u00f6nlichen Daten erfassen und sch\u00fctzen, wenn Sie in unseren Villen auf Bali \u00fcbernachten.","breadcrumb":{"@id":"https:\/\/gravitybali.com\/privacy-policy\/#breadcrumb"},"inLanguage":"de","potentialAction":[{"@type":"ReadAction","target":["https:\/\/gravitybali.com\/privacy-policy\/"]}]},{"@type":"BreadcrumbList","@id":"https:\/\/gravitybali.com\/privacy-policy\/#breadcrumb","itemListElement":[{"@type":"ListItem","position":1,"name":"Home","item":"https:\/\/gravitybali.com\/en\/"},{"@type":"ListItem","position":2,"name":"Privacy Policy"}]},{"@type":"WebSite","@id":"https:\/\/gravitybali.com\/tr\/#website","url":"https:\/\/gravitybali.com\/tr\/","name":"Schwerkraft Bali","description":"Bali Villa Management, Marketing &amp; Investition","publisher":{"@id":"https:\/\/gravitybali.com\/tr\/#organization"},"potentialAction":[{"@type":"SearchAction","target":{"@type":"EntryPoint","urlTemplate":"https:\/\/gravitybali.com\/tr\/?s={search_term_string}"},"query-input":{"@type":"PropertyValueSpecification","valueRequired":true,"valueName":"search_term_string"}}],"inLanguage":"de"},{"@type":"Organization","@id":"https:\/\/gravitybali.com\/tr\/#organization","name":"Schwerkraft Bali","url":"https:\/\/gravitybali.com\/tr\/","logo":{"@type":"ImageObject","inLanguage":"de","@id":"https:\/\/gravitybali.com\/tr\/#\/schema\/logo\/image\/","url":"https:\/\/gravitybali.com\/wp-content\/uploads\/2025\/03\/cropped-GRAVITY-2.png","contentUrl":"https:\/\/gravitybali.com\/wp-content\/uploads\/2025\/03\/cropped-GRAVITY-2.png","width":512,"height":512,"caption":"Gravity Bali"},"image":{"@id":"https:\/\/gravitybali.com\/tr\/#\/schema\/logo\/image\/"}}]}},"_links":{"self":[{"href":"https:\/\/gravitybali.com\/de\/wp-json\/wp\/v2\/pages\/1727","targetHints":{"allow":["GET"]}}],"collection":[{"href":"https:\/\/gravitybali.com\/de\/wp-json\/wp\/v2\/pages"}],"about":[{"href":"https:\/\/gravitybali.com\/de\/wp-json\/wp\/v2\/types\/page"}],"author":[{"embeddable":true,"href":"https:\/\/gravitybali.com\/de\/wp-json\/wp\/v2\/users\/1"}],"replies":[{"embeddable":true,"href":"https:\/\/gravitybali.com\/de\/wp-json\/wp\/v2\/comments?post=1727"}],"version-history":[{"count":35,"href":"https:\/\/gravitybali.com\/de\/wp-json\/wp\/v2\/pages\/1727\/revisions"}],"predecessor-version":[{"id":8241,"href":"https:\/\/gravitybali.com\/de\/wp-json\/wp\/v2\/pages\/1727\/revisions\/8241"}],"wp:attachment":[{"href":"https:\/\/gravitybali.com\/de\/wp-json\/wp\/v2\/media?parent=1727"}],"curies":[{"name":"wp","href":"https:\/\/api.w.org\/{rel}","templated":true}]}}